{"id":10027,"date":"2025-04-27T16:21:15","date_gmt":"2025-04-27T08:21:15","guid":{"rendered":"https:\/\/avecobaggie.com\/?post_type=product&#038;p=10027"},"modified":"2025-04-28T11:23:04","modified_gmt":"2025-04-28T03:23:04","slug":"premium-16oz-white-canvas-tote-bag-with-adjustable-strap","status":"publish","type":"product","link":"https:\/\/avecobaggie.com\/it\/product\/premium-16oz-white-canvas-tote-bag-with-adjustable-strap\/","title":{"rendered":"Borsa in tela bianca premium da 16 once con tracolla regolabile"},"content":{"rendered":"<h2 class=\"wp-block-heading has-text-align-center\">Caratteristiche del prodotto<\/h2>\n\n\n\n<p><strong>Borsa in tela bianca premium da 16 once<\/strong> progettato specificamente per i proprietari di marchi, i grossisti e gli acquirenti personalizzati. Ecco le principali caratteristiche del prodotto:<\/p>\n\n\n\n<ul class=\"wp-block-list\">\n<li><strong>Materiale di tela extra-spesso da 16 oz<\/strong> che \u00e8 durevole e resistente, per garantire un utilizzo a lungo termine.<\/li>\n\n\n\n<li><strong>Cinghia lunga regolabile<\/strong> per un'esperienza di trasporto confortevole, adatta a varie esigenze.<\/li>\n\n\n\n<li><strong>Logo in pelle goffrata<\/strong> per un aspetto premium del marchio, migliorando la percezione della qualit\u00e0 del prodotto.<\/li>\n\n\n\n<li><strong>Tasca interna con cerniera<\/strong>fornendo uno spazio di archiviazione supplementare e garantendo la sicurezza dei vostri oggetti.<\/li>\n\n\n\n<li><strong>Design a grande capacit\u00e0<\/strong> con dimensioni di 40X37X10CM, perfetto per l'uso quotidiano o per scopi promozionali.<\/li>\n\n\n\n<li><strong>Nessuna struttura di fondo laterale<\/strong> per una maggiore stabilit\u00e0, consentendo di trasportare con facilit\u00e0 gli oggetti pi\u00f9 pesanti.<\/li>\n<\/ul>\n\n\n\n<p>Questa borsa di tela non \u00e8 solo ideale per lo shopping quotidiano, ma \u00e8 anche la scelta migliore per la personalizzazione del marchio e per i regali promozionali. Il suo design semplice ma funzionale contribuisce ad elevare l'immagine del vostro marchio e ad attrarre potenziali clienti.<\/p>\n\n\n\n<p><strong><a href=\"https:\/\/avecobaggie.com\/it\/custom-cotton-canvas-bag-manufacturer\/\" data-type=\"page\" data-id=\"8641\">Opzioni di personalizzazione<\/a><\/strong>: Anche se al momento vi siete concentrati su questa tote in tela bianca, offriamo la personalizzazione di altri stili e design. Che si tratti di colori, dimensioni, materiali o caratteristiche specifiche, siamo in grado di fornire soluzioni di eco-bag su misura per soddisfare le vostre esigenze specifiche.<\/p>\n\n\n\n<p class=\"has-text-align-center\"><a href=\"https:\/\/avecobaggie.com\/it\/whats-the-difference-between-cotton-bag-or-canvas-bag\/\">Cotone Vs Tela<\/a><\/p>\n\n\n\n<figure class=\"wp-block-table\"><table class=\"has-fixed-layout\"><tbody><tr><td><strong><\/strong><\/td><td><strong>Cotone<\/strong><strong><\/strong><\/td><td><strong>Tela<\/strong><strong><\/strong><\/td><\/tr><tr><td><strong>Materiale<\/strong><strong><\/strong><\/td><td>normalmente cotone 100%<\/td><td>normalmente 35%cotone o canapa, 65%poliestere (pu\u00f2 essere anche 100% cotone)<\/td><\/tr><tr><td><strong>Filati per tessitura<\/strong><strong><\/strong><\/td><td>filato singolo di ordito e trama<\/td><td>Pi\u00f9 di 2 fili di ordito e trama, aspetto pi\u00f9 spesso<\/td><\/tr><tr><td><strong>Metodo di tessitura<\/strong><strong><\/strong><\/td><td>Tessuto a tinta unita o Twill<\/td><td>Per lo pi\u00f9 a trama semplice<\/td><\/tr><tr><td><strong>Texture del tessuto<\/strong><strong><\/strong><\/td><td>piccole macchie sulla superficie che sono in realt\u00e0 i semi naturali<\/td><td>Senza macchie, pi\u00f9 ruvido del cotone<\/td><\/tr><tr><td><strong>Peso:<\/strong><strong><\/strong><\/td><td>pu\u00f2 essere cerato per essere impermeabile, pu\u00f2 essere semi-sbiancato o completamente sbiancato<\/td><td>sopra 8 oz, per lo stesso spessore, la tela \u00e8 pi\u00f9 conveniente, anche in grado di caricare pi\u00f9 peso<\/td><\/tr><tr><td>Da 4 oz sottili a 16 oz spessi, leggeri, meglio scegliere il cotone<\/td><td>Pi\u00f9 sostenibile e 100% biodegradabile<\/td><td>sostenibile, ma non completamente biodegradabile<\/td><\/tr><tr><td><strong>Impermeabile<\/strong><strong><\/strong><\/td><td>Non impermeabile se non laminato, pu\u00f2 essere semi-sbiancato o completamente sbiancato.<\/td><td>Sopra le 8 once, a parit\u00e0 di spessore, la tela \u00e8 pi\u00f9 economica, anche in grado di caricare pi\u00f9 peso<\/td><\/tr><tr><td><strong>Traspirabilit\u00e0<\/strong><strong><\/strong><\/td><td>Morbido e con un'eccellente traspirabilit\u00e0<\/td><td>spessa e meno ventilata, adatta per borse stereotipate<\/td><\/tr><tr><td><strong>Stampabilit\u00e0<\/strong><strong><\/strong><\/td><td>per la stampa a trasferimento termico non \u00e8 buono come quello su tela<\/td><td>Praticamente compatibile con tutti i metodi di stampa, il disegno verr\u00e0 visualizzato magnificamente<\/td><\/tr><tr><td><strong>Cura del lavaggio<\/strong><strong><\/strong><\/td><td>si restringe da 2% a 5% dopo il lavaggio.<\/td><td>Restringimento inferiore a 100%. Cotone<\/td><\/tr><tr><td><strong>Durata<\/strong><strong><\/strong><\/td><td>facile da rugare e deformare, facile da attaccare i capelli<\/td><td>Facile da sporcare e da deformare,<\/td><\/tr><tr><td><strong>Applicazione:<\/strong><strong><\/strong><\/td><td>borsa di cotone con coulisse di piccole dimensioni, borsa per prodotti, borsa per l'imballaggio di alimenti, sacchetti di cotone leggero, ecc.<\/td><td>borsa della spesa, borsa della spesa, ba resistente, borsa di tela, borsa di sport, borsa quotidiana, ecc.<\/td><\/tr><\/tbody><\/table><\/figure>","protected":false},"excerpt":{"rendered":"<p><strong>Tela da 16 oz | Cinghia regolabile | Chiusura a zip | Marchio personalizzato<\/strong><\/p>","protected":false},"featured_media":10033,"comment_status":"open","ping_status":"closed","template":"","meta":{"_seopress_robots_primary_cat":"none","_seopress_titles_title":"Custom 16oz Cotton Canvas Tote Bag for Bulk Orders \u2013 OEM\/ODM Branding Solutions","_seopress_titles_desc":"Heavy-duty 16oz cotton canvas tote bag with detachable strap, secure zip closure, and custom branding. Ideal for corporate gifts, retail, & promotions. Low MOQs & fast delivery.","_seopress_robots_index":""},"product_brand":[185],"product_cat":[188,29],"product_tag":[122],"class_list":{"0":"post-10027","1":"product","2":"type-product","3":"status-publish","4":"has-post-thumbnail","6":"product_brand-avecobaggie","7":"product_cat-custom-canvas-bag","8":"product_cat-tote-bag","9":"product_tag-canvas-bag","11":"first","12":"instock","13":"taxable","14":"shipping-taxable","15":"product-type-simple"},"_links":{"self":[{"href":"https:\/\/avecobaggie.com\/it\/wp-json\/wp\/v2\/product\/10027","targetHints":{"allow":["GET"]}}],"collection":[{"href":"https:\/\/avecobaggie.com\/it\/wp-json\/wp\/v2\/product"}],"about":[{"href":"https:\/\/avecobaggie.com\/it\/wp-json\/wp\/v2\/types\/product"}],"replies":[{"embeddable":true,"href":"https:\/\/avecobaggie.com\/it\/wp-json\/wp\/v2\/comments?post=10027"}],"wp:featuredmedia":[{"embeddable":true,"href":"https:\/\/avecobaggie.com\/it\/wp-json\/wp\/v2\/media\/10033"}],"wp:attachment":[{"href":"https:\/\/avecobaggie.com\/it\/wp-json\/wp\/v2\/media?parent=10027"}],"wp:term":[{"taxonomy":"product_brand","embeddable":true,"href":"https:\/\/avecobaggie.com\/it\/wp-json\/wp\/v2\/product_brand?post=10027"},{"taxonomy":"product_cat","embeddable":true,"href":"https:\/\/avecobaggie.com\/it\/wp-json\/wp\/v2\/product_cat?post=10027"},{"taxonomy":"product_tag","embeddable":true,"href":"https:\/\/avecobaggie.com\/it\/wp-json\/wp\/v2\/product_tag?post=10027"}],"curies":[{"name":"wp","href":"https:\/\/api.w.org\/{rel}","templated":true}]}}