{"id":10048,"date":"2025-04-29T10:41:55","date_gmt":"2025-04-29T02:41:55","guid":{"rendered":"https:\/\/avecobaggie.com\/?post_type=product&#038;p=10048"},"modified":"2026-01-07T09:38:22","modified_gmt":"2026-01-07T01:38:22","slug":"premium-12oz-navy-blue-canvas-tote-bag-with-dual-color-silk-screen-logo-red-handles","status":"publish","type":"product","link":"https:\/\/avecobaggie.com\/it\/product\/premium-12oz-navy-blue-canvas-tote-bag-with-dual-color-silk-screen-logo-red-handles\/","title":{"rendered":"Premium 12oz Navy Blue Canvas Tote Bag with Dual-Color Silk Screen Logo &amp; Red Handles"},"content":{"rendered":"<h2 class=\"wp-block-heading has-text-align-center\">Caratteristiche del prodotto<\/h2>\n\n\n\n<p><strong>Descrizione della pagina del prodotto<\/strong>: <strong>Premium 12oz Navy Blue Canvas Tote Bag<\/strong> designed for brand owners, wholesalers, and custom buyers, featuring a stylish and functional design. Key features include:<\/p>\n\n\n\n<ul class=\"wp-block-list\">\n<li><strong>High-quality 12oz navy blue canvas<\/strong> for a durable, long-lasting bag suitable for various uses.<\/li>\n\n\n\n<li><strong>Dual-color silk screen printed logo<\/strong> that enhances brand visibility with vibrant, high-quality printing.<\/li>\n\n\n\n<li><strong>Bold red canvas handles<\/strong> that add a pop of color, featuring <strong>single-color printing<\/strong> for added branding appeal.<\/li>\n\n\n\n<li><strong>15cm extended handle design<\/strong> on one side, creating an eye-catching decorative effect while increasing load-bearing capacity.<\/li>\n\n\n\n<li><strong>Nessuna struttura di fondo laterale<\/strong> provides better stability and support for carrying heavier items.<\/li>\n\n\n\n<li><strong>Vertical design<\/strong> with dimensions of 30X39X10CM, making it perfect for carrying books, promotional materials, and other items.<\/li>\n<\/ul>\n\n\n\n<p>This canvas tote bag is a great choice for businesses looking for a customizable, high-quality, eco-friendly solution. The combination of bold design and practical functionality makes it ideal for use in promotions, retail, and everyday activities.<\/p>\n\n\n\n<p><strong>Opzioni di personalizzazione<\/strong>: Even if this specific navy blue tote doesn&#8217;t fit your needs exactly, we offer a wide range of customization options. From different colors and materials to personalized features like custom sizes, handles, and logos, we can create the perfect eco-friendly bags for your brand.<\/p>\n\n\n\n<p><strong>Sintesi<\/strong>: Whether you\u2019re interested in this specific navy blue canvas tote or need something different, we are ready to provide tailored solutions. Contact us today to start designing your custom eco-friendly bags for your brand!bags for your brand!<\/p>\n\n\n\n<p class=\"has-text-align-center\"><a href=\"https:\/\/avecobaggie.com\/it\/whats-the-difference-between-cotton-bag-or-canvas-bag\/\">Cotone Vs Tela<\/a><\/p>\n\n\n\n<figure class=\"wp-block-table\"><table class=\"has-fixed-layout\"><tbody><tr><td><\/td><td><strong>Cotone<\/strong><strong><\/strong><\/td><td><strong>Tela<\/strong><strong><\/strong><\/td><\/tr><tr><td><strong>Materiale<\/strong><strong><\/strong><\/td><td>normalmente cotone 100%<\/td><td>normalmente 35%cotone o canapa, 65%poliestere (pu\u00f2 essere anche 100% cotone)<\/td><\/tr><tr><td><strong>Filati per tessitura<\/strong><strong><\/strong><\/td><td>filato singolo di ordito e trama<\/td><td>Pi\u00f9 di 2 fili di ordito e trama, aspetto pi\u00f9 spesso<\/td><\/tr><tr><td><strong>Metodo di tessitura<\/strong><strong><\/strong><\/td><td>Tessuto a tinta unita o Twill<\/td><td>Per lo pi\u00f9 a trama semplice<\/td><\/tr><tr><td><strong>Texture del tessuto<\/strong><strong><\/strong><\/td><td>piccole macchie sulla superficie che sono in realt\u00e0 i semi naturali<\/td><td>Senza macchie, pi\u00f9 ruvido del cotone<\/td><\/tr><tr><td><strong>Peso:<\/strong><strong><\/strong><\/td><td>pu\u00f2 essere cerato per essere impermeabile, pu\u00f2 essere semi-sbiancato o completamente sbiancato<\/td><td>sopra 8 oz, per lo stesso spessore, la tela \u00e8 pi\u00f9 conveniente, anche in grado di caricare pi\u00f9 peso<\/td><\/tr><tr><td>Da 4 oz sottili a 16 oz spessi, leggeri, meglio scegliere il cotone<\/td><td>Pi\u00f9 sostenibile e 100% biodegradabile<\/td><td>sostenibile, ma non completamente biodegradabile<\/td><\/tr><tr><td><strong>Impermeabile<\/strong><strong><\/strong><\/td><td>Non impermeabile se non laminato, pu\u00f2 essere semi-sbiancato o completamente sbiancato.<\/td><td>Sopra le 8 once, a parit\u00e0 di spessore, la tela \u00e8 pi\u00f9 economica, anche in grado di caricare pi\u00f9 peso<\/td><\/tr><tr><td><strong>Traspirabilit\u00e0<\/strong><strong><\/strong><\/td><td>Morbido e con un'eccellente traspirabilit\u00e0<\/td><td>spessa e meno ventilata, adatta per borse stereotipate<\/td><\/tr><tr><td><strong>Stampabilit\u00e0<\/strong><strong><\/strong><\/td><td>per la stampa a trasferimento termico non \u00e8 buono come quello su tela<\/td><td>Praticamente compatibile con tutti i metodi di stampa, il disegno verr\u00e0 visualizzato magnificamente<\/td><\/tr><tr><td><strong>Cura del lavaggio<\/strong><strong><\/strong><\/td><td>si restringe da 2% a 5% dopo il lavaggio.<\/td><td>Restringimento inferiore a 100%. Cotone<\/td><\/tr><tr><td><strong>Durata<\/strong><strong><\/strong><\/td><td>facile da rugare e deformare, facile da attaccare i capelli<\/td><td>Facile da sporcare e da deformare,<\/td><\/tr><tr><td><strong>Applicazione:<\/strong><strong><\/strong><\/td><td>borsa di cotone con coulisse di piccole dimensioni, borsa per prodotti, borsa per l'imballaggio di alimenti, sacchetti di cotone leggero, ecc.<\/td><td>borsa della spesa, borsa della spesa, ba resistente, borsa di tela, borsa di sport, borsa quotidiana, ecc.<\/td><\/tr><\/tbody><\/table><\/figure>","protected":false},"excerpt":{"rendered":"<p><strong>12oz navy blue canvas | Dual-color silk screen logo | Red handles | 15cm extended handles | Large capacity | No side bottom | 30X39X10CM<\/strong><\/p>","protected":false},"featured_media":10049,"comment_status":"open","ping_status":"closed","template":"","meta":{"_seopress_robots_primary_cat":"none","_seopress_titles_title":"Premium 16oz Canvas Tote Bag with Color Stitching and Extended Handles - Customizable for Businesses","_seopress_titles_desc":"High-quality 16oz canvas tote with color stitching, extended handles, and large capacity.","_seopress_robots_index":""},"product_brand":[185],"product_cat":[188,29],"product_tag":[122],"class_list":{"0":"post-10048","1":"product","2":"type-product","3":"status-publish","4":"has-post-thumbnail","6":"product_brand-avecobaggie","7":"product_cat-custom-canvas-bag","8":"product_cat-tote-bag","9":"product_tag-canvas-bag","11":"first","12":"instock","13":"taxable","14":"shipping-taxable","15":"product-type-simple"},"_links":{"self":[{"href":"https:\/\/avecobaggie.com\/it\/wp-json\/wp\/v2\/product\/10048","targetHints":{"allow":["GET"]}}],"collection":[{"href":"https:\/\/avecobaggie.com\/it\/wp-json\/wp\/v2\/product"}],"about":[{"href":"https:\/\/avecobaggie.com\/it\/wp-json\/wp\/v2\/types\/product"}],"replies":[{"embeddable":true,"href":"https:\/\/avecobaggie.com\/it\/wp-json\/wp\/v2\/comments?post=10048"}],"wp:featuredmedia":[{"embeddable":true,"href":"https:\/\/avecobaggie.com\/it\/wp-json\/wp\/v2\/media\/10049"}],"wp:attachment":[{"href":"https:\/\/avecobaggie.com\/it\/wp-json\/wp\/v2\/media?parent=10048"}],"wp:term":[{"taxonomy":"product_brand","embeddable":true,"href":"https:\/\/avecobaggie.com\/it\/wp-json\/wp\/v2\/product_brand?post=10048"},{"taxonomy":"product_cat","embeddable":true,"href":"https:\/\/avecobaggie.com\/it\/wp-json\/wp\/v2\/product_cat?post=10048"},{"taxonomy":"product_tag","embeddable":true,"href":"https:\/\/avecobaggie.com\/it\/wp-json\/wp\/v2\/product_tag?post=10048"}],"curies":[{"name":"wp","href":"https:\/\/api.w.org\/{rel}","templated":true}]}}