{"id":10078,"date":"2025-04-30T11:15:05","date_gmt":"2025-04-30T03:15:05","guid":{"rendered":"https:\/\/avecobaggie.com\/?post_type=product&#038;p=10078"},"modified":"2025-05-12T17:48:51","modified_gmt":"2025-05-12T09:48:51","slug":"16oz-big-black-canvas-tote-bag-shopper-with-zipper-pocket","status":"publish","type":"product","link":"https:\/\/avecobaggie.com\/it\/product\/16oz-big-black-canvas-tote-bag-shopper-with-zipper-pocket\/","title":{"rendered":"Borsa shopper in tela nera grande da 16 once con cerniera e tasca"},"content":{"rendered":"<p><strong>Descrizione della pagina del prodotto<\/strong>: <strong>Borsa in tela da 16 once alla moda<\/strong> progettato per offrire stile e praticit\u00e0, perfetto per aziende, grossisti e acquirenti personalizzati. Disponibile in quattro combinazioni di colori e con elementi di design di tendenza. Le caratteristiche principali includono:<\/p>\n\n\n\n<ul class=\"wp-block-list\">\n<li><strong>Materiale resistente in tela da 16 once<\/strong>che garantisce resistenza e prestazioni di lunga durata per l'uso quotidiano.<\/li>\n\n\n\n<li><strong>Quattro eleganti combinazioni di colori<\/strong> tra cui scegliere: manici bianchi con borsa nera, manici bianchi con borsa bianca, manici neri con borsa bianca o manici neri con borsa nera.<\/li>\n\n\n\n<li><strong>Look minimalista in stile INS<\/strong>con un design elegante e moderno, perfetto per il mercato pi\u00f9 alla moda.<\/li>\n\n\n\n<li><strong>Stampa monocolore sulle maniglie<\/strong>aggiungendo alla tote sottili dettagli di branding o di design.<\/li>\n\n\n\n<li><strong>Cuciture a doppio strato<\/strong> per una maggiore durata e una sensazione di qualit\u00e0 superiore, assicurando la resistenza della borsa anche in caso di uso intenso.<\/li>\n\n\n\n<li><strong>Tasca esterna<\/strong>creato dalle mezze cuciture sullo strato esterno, che offre un ulteriore spazio per i piccoli oggetti.<\/li>\n\n\n\n<li><strong>Grande capacit\u00e0<\/strong> con dimensioni di 24X24X11CM, ideale per trasportare oggetti di uso quotidiano, regali promozionali o materiali aziendali.<\/li>\n\n\n\n<li><strong>Struttura inferiore e laterale<\/strong> per garantire la stabilit\u00e0, rendendolo perfetto per il trasporto di oggetti pi\u00f9 pesanti senza perdere la sua forma.<\/li>\n<\/ul>\n\n\n\n<p>Questa borsa \u00e8 stata progettata pensando alla moda e alla funzionalit\u00e0. Il suo design semplice ma chic la rende la scelta perfetta per le aziende che cercano un prodotto trendy e personalizzabile per scopi promozionali o di vendita al dettaglio.<\/p>\n\n\n\n<p><strong>Opzioni di personalizzazione<\/strong>: Se queste combinazioni di colori non soddisfano le vostre esigenze, offriamo opzioni di personalizzazione complete. Scegliete tra diversi colori, design delle maniglie, loghi e dimensioni per creare la borsa ecologica perfetta per il vostro marchio.<\/p>\n\n\n\n<p><strong>Sintesi<\/strong>: Che siate alla ricerca di un design specifico e di tendenza o che abbiate bisogno di un look completamente diverso, possiamo personalizzare le vostre tote bag in base all'identit\u00e0 del vostro marchio. Contattateci oggi stesso per iniziare a progettare le vostre borse ecologiche personalizzate!<\/p>\n\n\n\n<p class=\"has-text-align-center\"><a href=\"https:\/\/avecobaggie.com\/it\/whats-the-difference-between-cotton-bag-or-canvas-bag\/\">Cotone Vs Tela<\/a><\/p>\n\n\n\n<figure class=\"wp-block-table\"><table class=\"has-fixed-layout\"><tbody><tr><td><\/td><td><strong>Cotone<\/strong><strong><\/strong><\/td><td><strong>Tela<\/strong><strong><\/strong><\/td><\/tr><tr><td><strong>Materiale<\/strong><strong><\/strong><\/td><td>normalmente cotone 100%<\/td><td>normalmente 35%cotone o canapa, 65%poliestere (pu\u00f2 essere anche 100% cotone)<\/td><\/tr><tr><td><strong>Filati per tessitura<\/strong><strong><\/strong><\/td><td>filato singolo di ordito e trama<\/td><td>Pi\u00f9 di 2 fili di ordito e trama, aspetto pi\u00f9 spesso<\/td><\/tr><tr><td><strong>Metodo di tessitura<\/strong><strong><\/strong><\/td><td>Tessuto a tinta unita o Twill<\/td><td>Per lo pi\u00f9 a trama semplice<\/td><\/tr><tr><td><strong>Texture del tessuto<\/strong><strong><\/strong><\/td><td>piccole macchie sulla superficie che sono in realt\u00e0 i semi naturali<\/td><td>Senza macchie, pi\u00f9 ruvido del cotone<\/td><\/tr><tr><td><strong>Peso:<\/strong><strong><\/strong><\/td><td>pu\u00f2 essere cerato per essere impermeabile, pu\u00f2 essere semi-sbiancato o completamente sbiancato<\/td><td>sopra 8 oz, per lo stesso spessore, la tela \u00e8 pi\u00f9 conveniente, anche in grado di caricare pi\u00f9 peso<\/td><\/tr><tr><td>Da 4 oz sottili a 16 oz spessi, leggeri, meglio scegliere il cotone<\/td><td>Pi\u00f9 sostenibile e 100% biodegradabile<\/td><td>sostenibile, ma non completamente biodegradabile<\/td><\/tr><tr><td><strong>Impermeabile<\/strong><strong><\/strong><\/td><td>Non impermeabile se non laminato, pu\u00f2 essere semi-sbiancato o completamente sbiancato.<\/td><td>Sopra le 8 once, a parit\u00e0 di spessore, la tela \u00e8 pi\u00f9 economica, anche in grado di caricare pi\u00f9 peso<\/td><\/tr><tr><td><strong>Traspirabilit\u00e0<\/strong><strong><\/strong><\/td><td>Morbido e con un'eccellente traspirabilit\u00e0<\/td><td>spessa e meno ventilata, adatta per borse stereotipate<\/td><\/tr><tr><td><strong>Stampabilit\u00e0<\/strong><strong><\/strong><\/td><td>per la stampa a trasferimento termico non \u00e8 buono come quello su tela<\/td><td>Praticamente compatibile con tutti i metodi di stampa, il disegno verr\u00e0 visualizzato magnificamente<\/td><\/tr><tr><td><strong>Cura del lavaggio<\/strong><strong><\/strong><\/td><td>si restringe da 2% a 5% dopo il lavaggio.<\/td><td>Restringimento inferiore a 100%. Cotone<\/td><\/tr><tr><td><strong>Durata<\/strong><strong><\/strong><\/td><td>facile da rugare e deformare, facile da attaccare i capelli<\/td><td>Facile da sporcare e da deformare,<\/td><\/tr><tr><td><strong>Applicazione:<\/strong><strong><\/strong><\/td><td>borsa di cotone con coulisse di piccole dimensioni, borsa per prodotti, borsa per l'imballaggio di alimenti, sacchetti di cotone leggero, ecc.<\/td><td>borsa della spesa, borsa della spesa, ba resistente, borsa di tela, borsa di sport, borsa quotidiana, ecc.<\/td><\/tr><\/tbody><\/table><\/figure>","protected":false},"excerpt":{"rendered":"<p><strong>\u00a0Design in stile INS | Cuciture a doppio strato | Tasca esterna\u00a0<\/strong><\/p>","protected":false},"featured_media":10079,"comment_status":"open","ping_status":"closed","template":"","meta":{"_seopress_robots_primary_cat":"none","_seopress_titles_title":"Big Black Tote Bag Shopper with Pockets - Custom in Bulk","_seopress_titles_desc":"High-quality 16oz canvas tote with color stitching, extended handles, and large capacity.Custom any color and Size","_seopress_robots_index":""},"product_brand":[185],"product_cat":[188,29],"product_tag":[122],"class_list":{"0":"post-10078","1":"product","2":"type-product","3":"status-publish","4":"has-post-thumbnail","6":"product_brand-avecobaggie","7":"product_cat-custom-canvas-bag","8":"product_cat-tote-bag","9":"product_tag-canvas-bag","11":"first","12":"instock","13":"taxable","14":"shipping-taxable","15":"product-type-simple"},"_links":{"self":[{"href":"https:\/\/avecobaggie.com\/it\/wp-json\/wp\/v2\/product\/10078","targetHints":{"allow":["GET"]}}],"collection":[{"href":"https:\/\/avecobaggie.com\/it\/wp-json\/wp\/v2\/product"}],"about":[{"href":"https:\/\/avecobaggie.com\/it\/wp-json\/wp\/v2\/types\/product"}],"replies":[{"embeddable":true,"href":"https:\/\/avecobaggie.com\/it\/wp-json\/wp\/v2\/comments?post=10078"}],"wp:featuredmedia":[{"embeddable":true,"href":"https:\/\/avecobaggie.com\/it\/wp-json\/wp\/v2\/media\/10079"}],"wp:attachment":[{"href":"https:\/\/avecobaggie.com\/it\/wp-json\/wp\/v2\/media?parent=10078"}],"wp:term":[{"taxonomy":"product_brand","embeddable":true,"href":"https:\/\/avecobaggie.com\/it\/wp-json\/wp\/v2\/product_brand?post=10078"},{"taxonomy":"product_cat","embeddable":true,"href":"https:\/\/avecobaggie.com\/it\/wp-json\/wp\/v2\/product_cat?post=10078"},{"taxonomy":"product_tag","embeddable":true,"href":"https:\/\/avecobaggie.com\/it\/wp-json\/wp\/v2\/product_tag?post=10078"}],"curies":[{"name":"wp","href":"https:\/\/api.w.org\/{rel}","templated":true}]}}