{"id":10117,"date":"2025-04-30T16:29:23","date_gmt":"2025-04-30T08:29:23","guid":{"rendered":"https:\/\/avecobaggie.com\/?post_type=product&#038;p=10117"},"modified":"2025-05-12T16:59:13","modified_gmt":"2025-05-12T08:59:13","slug":"foldable-12oz-canvas-shopping-bag-with-adjustable-tie","status":"publish","type":"product","link":"https:\/\/avecobaggie.com\/it\/product\/foldable-12oz-canvas-shopping-bag-with-adjustable-tie\/","title":{"rendered":"Foldable 12oz Canvas Shopping Bag with Adjustable Tie"},"content":{"rendered":"<p><strong>Foldable 12oz Canvas Tote Bag<\/strong> offers a combination of simplicity, practicality, and versatility, perfect for businesses and custom buyers targeting customers who appreciate minimalist design. Key features include:<\/p>\n\n\n\n<ul class=\"wp-block-list\">\n<li><strong>Materiale resistente in tela naturale da 12 once<\/strong>, providing a robust and eco-friendly option for carrying daily essentials.<\/li>\n\n\n\n<li><strong>Minimalist, no-print design<\/strong>, emphasizing simplicity and functionality\u2014ideal for those who prefer a clean and modern look.<\/li>\n\n\n\n<li><strong>Foldable structure<\/strong> for easy storage, making it perfect for on-the-go use and traveling.<\/li>\n\n\n\n<li><strong>Adjustable canvas tie closure<\/strong> for tightening and securing the bag, allowing for flexible storage sizes and preventing items from spilling.<\/li>\n\n\n\n<li><strong>Grande capacit\u00e0<\/strong> with dimensions of 35x40x5CM, offering plenty of space for groceries, work essentials, or personal belongings.<\/li>\n\n\n\n<li><strong>No side structure but with a bottom<\/strong> to maintain stability and support, ensuring the bag can carry heavier items while keeping its shape.<\/li>\n<\/ul>\n\n\n\n<p>This tote bag is a stylish, practical solution for daily commuting, shopping, or as a promotional gift for eco-conscious consumers. Its simple and foldable design makes it a perfect fit for retail or giveaway use.<\/p>\n\n\n\n<p><strong>Opzioni di personalizzazione<\/strong>: Looking for a different color, handle style, or custom branding? We offer full customization options to create a personalized bag that aligns with your brand\u2019s needs.<\/p>\n\n\n\n<p><strong>Sintesi<\/strong>:<br>If this foldable, minimalist tote doesn&#8217;t meet your exact requirements, we can help you design a completely tailored version. Contact us to start customizing your ideal eco-friendly bags today!<\/p>\n\n\n\n<p class=\"has-text-align-center\"><a href=\"https:\/\/avecobaggie.com\/it\/whats-the-difference-between-cotton-bag-or-canvas-bag\/\">Cotone Vs Tela<\/a><\/p>\n\n\n\n<figure class=\"wp-block-table\"><table class=\"has-fixed-layout\"><tbody><tr><td><\/td><td><strong>Cotone<\/strong><strong><\/strong><\/td><td><strong>Tela<\/strong><strong><\/strong><\/td><\/tr><tr><td><strong>Materiale<\/strong><strong><\/strong><\/td><td>normalmente cotone 100%<\/td><td>normalmente 35%cotone o canapa, 65%poliestere (pu\u00f2 essere anche 100% cotone)<\/td><\/tr><tr><td><strong>Filati per tessitura<\/strong><strong><\/strong><\/td><td>filato singolo di ordito e trama<\/td><td>Pi\u00f9 di 2 fili di ordito e trama, aspetto pi\u00f9 spesso<\/td><\/tr><tr><td><strong>Metodo di tessitura<\/strong><strong><\/strong><\/td><td>Tessuto a tinta unita o Twill<\/td><td>Per lo pi\u00f9 a trama semplice<\/td><\/tr><tr><td><strong>Texture del tessuto<\/strong><strong><\/strong><\/td><td>piccole macchie sulla superficie che sono in realt\u00e0 i semi naturali<\/td><td>Senza macchie, pi\u00f9 ruvido del cotone<\/td><\/tr><tr><td><strong>Peso:<\/strong><strong><\/strong><\/td><td>pu\u00f2 essere cerato per essere impermeabile, pu\u00f2 essere semi-sbiancato o completamente sbiancato<\/td><td>sopra 8 oz, per lo stesso spessore, la tela \u00e8 pi\u00f9 conveniente, anche in grado di caricare pi\u00f9 peso<\/td><\/tr><tr><td>Da 4 oz sottili a 16 oz spessi, leggeri, meglio scegliere il cotone<\/td><td>Pi\u00f9 sostenibile e 100% biodegradabile<\/td><td>sostenibile, ma non completamente biodegradabile<\/td><\/tr><tr><td><strong>Impermeabile<\/strong><strong><\/strong><\/td><td>Non impermeabile se non laminato, pu\u00f2 essere semi-sbiancato o completamente sbiancato.<\/td><td>Sopra le 8 once, a parit\u00e0 di spessore, la tela \u00e8 pi\u00f9 economica, anche in grado di caricare pi\u00f9 peso<\/td><\/tr><tr><td><strong>Traspirabilit\u00e0<\/strong><strong><\/strong><\/td><td>Morbido e con un'eccellente traspirabilit\u00e0<\/td><td>spessa e meno ventilata, adatta per borse stereotipate<\/td><\/tr><tr><td><strong>Stampabilit\u00e0<\/strong><strong><\/strong><\/td><td>per la stampa a trasferimento termico non \u00e8 buono come quello su tela<\/td><td>Praticamente compatibile con tutti i metodi di stampa, il disegno verr\u00e0 visualizzato magnificamente<\/td><\/tr><tr><td><strong>Cura del lavaggio<\/strong><strong><\/strong><\/td><td>si restringe da 2% a 5% dopo il lavaggio.<\/td><td>Restringimento inferiore a 100%. Cotone<\/td><\/tr><tr><td><strong>Durata<\/strong><strong><\/strong><\/td><td>facile da rugare e deformare, facile da attaccare i capelli<\/td><td>Facile da sporcare e da deformare,<\/td><\/tr><tr><td><strong>Applicazione:<\/strong><strong><\/strong><\/td><td>borsa di cotone con coulisse di piccole dimensioni, borsa per prodotti, borsa per l'imballaggio di alimenti, sacchetti di cotone leggero, ecc.<\/td><td>borsa della spesa, borsa della spesa, ba resistente, borsa di tela, borsa di sport, borsa quotidiana, ecc.<\/td><\/tr><\/tbody><\/table><\/figure>","protected":false},"excerpt":{"rendered":"<p><strong>Simple design | Foldable with tie closure | Large capacity\u00a0<\/strong><\/p>","protected":false},"featured_media":8719,"comment_status":"open","ping_status":"closed","template":"","meta":{"_seopress_robots_primary_cat":"none","_seopress_titles_title":"Custom Foldable 12oz Canvas Tote Bag - Simple Tie Design","_seopress_titles_desc":"Minimalist 12oz canvas tote, foldable with adjustable tie, perfect for daily commuting and shopping.","_seopress_robots_index":""},"product_brand":[185],"product_cat":[188,29],"product_tag":[122],"class_list":{"0":"post-10117","1":"product","2":"type-product","3":"status-publish","4":"has-post-thumbnail","6":"product_brand-avecobaggie","7":"product_cat-custom-canvas-bag","8":"product_cat-tote-bag","9":"product_tag-canvas-bag","11":"first","12":"instock","13":"taxable","14":"shipping-taxable","15":"product-type-simple"},"_links":{"self":[{"href":"https:\/\/avecobaggie.com\/it\/wp-json\/wp\/v2\/product\/10117","targetHints":{"allow":["GET"]}}],"collection":[{"href":"https:\/\/avecobaggie.com\/it\/wp-json\/wp\/v2\/product"}],"about":[{"href":"https:\/\/avecobaggie.com\/it\/wp-json\/wp\/v2\/types\/product"}],"replies":[{"embeddable":true,"href":"https:\/\/avecobaggie.com\/it\/wp-json\/wp\/v2\/comments?post=10117"}],"wp:featuredmedia":[{"embeddable":true,"href":"https:\/\/avecobaggie.com\/it\/wp-json\/wp\/v2\/media\/8719"}],"wp:attachment":[{"href":"https:\/\/avecobaggie.com\/it\/wp-json\/wp\/v2\/media?parent=10117"}],"wp:term":[{"taxonomy":"product_brand","embeddable":true,"href":"https:\/\/avecobaggie.com\/it\/wp-json\/wp\/v2\/product_brand?post=10117"},{"taxonomy":"product_cat","embeddable":true,"href":"https:\/\/avecobaggie.com\/it\/wp-json\/wp\/v2\/product_cat?post=10117"},{"taxonomy":"product_tag","embeddable":true,"href":"https:\/\/avecobaggie.com\/it\/wp-json\/wp\/v2\/product_tag?post=10117"}],"curies":[{"name":"wp","href":"https:\/\/api.w.org\/{rel}","templated":true}]}}