{"id":10180,"date":"2025-05-08T10:54:41","date_gmt":"2025-05-08T02:54:41","guid":{"rendered":"https:\/\/avecobaggie.com\/?post_type=product&#038;p=10180"},"modified":"2026-01-09T13:36:39","modified_gmt":"2026-01-09T05:36:39","slug":"artistic-indie-design-canvas-tote-bag","status":"publish","type":"product","link":"https:\/\/avecobaggie.com\/it\/product\/artistic-indie-design-canvas-tote-bag\/","title":{"rendered":"Artistic Indie Design Canvas Tote Bag"},"content":{"rendered":"<h3 class=\"wp-block-heading has-text-align-center\"><strong>Descrizione della pagina del prodotto<\/strong><\/h3>\n\n\n\n<p><strong>Artisan Craftsmanship<\/strong><br> \u00a0<strong>14oz Cotton Canvas<\/strong>\u00a0\u2013 Tight 12&#215;12 weave for structured durability (adjustable 8-16oz weights).<br> \u00a0<strong>Foam-Padded Handles<\/strong>\u00a0\u2013 Cotton-wrapped pearl foam tubing (30mm diameter) for blister-free carrying.<\/p>\n\n\n\n<p><strong>Signature Design Elements<\/strong><br> \u00a0<strong>Adjustable Drawstring<\/strong>\u00a0\u2013 Braided cotton cord with wooden bead stoppers for rustic charm.<br> \u00a0<strong>Minimalist Branding<\/strong>\u00a0\u2013 Crisp single-color logo print (0.5mm edge precision) on front panel.<\/p>\n\n\n\n<p><strong>Niche Market Appeal<\/strong><br> \u00a0<strong>Indie Bookstores<\/strong>\u00a0\u2013 Bulk orders with literary quote prints.<br> \u00a0<strong>Caf\u00e9 Culture<\/strong>\u00a0\u2013 Customize with abstract coffee stain patterns.<br> \u00a0<strong>Artisan Markets<\/strong>\u00a0\u2013 Blank versions for live screen-printing demos.<br> \u00a0<strong>Microbrand Launch<\/strong>\u00a0\u2013 Limited-edition numbering on interior tags.<\/p>\n\n\n\n<p><strong>Opzioni di personalizzazione<\/strong>: Se desiderate personalizzare il design, i colori o aggiungere un logo, offriamo opzioni di personalizzazione complete. Dalle diverse stampe ai vari stili di maniglia, possiamo creare la borsa perfetta per le esigenze del vostro marchio.<\/p>\n\n\n\n<p><strong>Sintesi<\/strong>:<br>Sia che preferiate questo vivace disegno a fumetti o che abbiate bisogno di qualcosa di pi\u00f9 personalizzato, possiamo aiutarvi a creare una tote bag personalizzata che rifletta l'identit\u00e0 del vostro marchio. Contattateci oggi stesso per iniziare a progettare le vostre borse ecologiche!<\/p>\n\n\n\n<p class=\"has-text-align-center\"><a href=\"https:\/\/avecobaggie.com\/it\/whats-the-difference-between-cotton-bag-or-canvas-bag\/\">Cotone Vs Tela<\/a><\/p>\n\n\n\n<figure class=\"wp-block-table\"><table class=\"has-fixed-layout\"><tbody><tr><td><\/td><td><strong>Cotone<\/strong><strong><\/strong><\/td><td><strong>Tela<\/strong><strong><\/strong><\/td><\/tr><tr><td><strong>Materiale<\/strong><strong><\/strong><\/td><td>normalmente cotone 100%<\/td><td>normalmente 35%cotone o canapa, 65%poliestere (pu\u00f2 essere anche 100% cotone)<\/td><\/tr><tr><td><strong>Filati per tessitura<\/strong><strong><\/strong><\/td><td>filato singolo di ordito e trama<\/td><td>Pi\u00f9 di 2 fili di ordito e trama, aspetto pi\u00f9 spesso<\/td><\/tr><tr><td><strong>Metodo di tessitura<\/strong><strong><\/strong><\/td><td>Tessuto a tinta unita o Twill<\/td><td>Per lo pi\u00f9 a trama semplice<\/td><\/tr><tr><td><strong>Texture del tessuto<\/strong><strong><\/strong><\/td><td>piccole macchie sulla superficie che sono in realt\u00e0 i semi naturali<\/td><td>Senza macchie, pi\u00f9 ruvido del cotone<\/td><\/tr><tr><td><strong>Peso:<\/strong><strong><\/strong><\/td><td>pu\u00f2 essere cerato per essere impermeabile, pu\u00f2 essere semi-sbiancato o completamente sbiancato<\/td><td>sopra 8 oz, per lo stesso spessore, la tela \u00e8 pi\u00f9 conveniente, anche in grado di caricare pi\u00f9 peso<\/td><\/tr><tr><td>Da 4 oz sottili a 16 oz spessi, leggeri, meglio scegliere il cotone<\/td><td>Pi\u00f9 sostenibile e 100% biodegradabile<\/td><td>sostenibile, ma non completamente biodegradabile<\/td><\/tr><tr><td><strong>Impermeabile<\/strong><strong><\/strong><\/td><td>Non impermeabile se non laminato, pu\u00f2 essere semi-sbiancato o completamente sbiancato.<\/td><td>Sopra le 8 once, a parit\u00e0 di spessore, la tela \u00e8 pi\u00f9 economica, anche in grado di caricare pi\u00f9 peso<\/td><\/tr><tr><td><strong>Traspirabilit\u00e0<\/strong><strong><\/strong><\/td><td>Morbido e con un'eccellente traspirabilit\u00e0<\/td><td>spessa e meno ventilata, adatta per borse stereotipate<\/td><\/tr><tr><td><strong>Stampabilit\u00e0<\/strong><strong><\/strong><\/td><td>per la stampa a trasferimento termico non \u00e8 buono come quello su tela<\/td><td>Praticamente compatibile con tutti i metodi di stampa, il disegno verr\u00e0 visualizzato magnificamente<\/td><\/tr><tr><td><strong>Cura del lavaggio<\/strong><strong><\/strong><\/td><td>si restringe da 2% a 5% dopo il lavaggio.<\/td><td>Restringimento inferiore a 100%. Cotone<\/td><\/tr><tr><td><strong>Durata<\/strong><strong><\/strong><\/td><td>facile da rugare e deformare, facile da attaccare i capelli<\/td><td>Facile da sporcare e da deformare,<\/td><\/tr><tr><td><strong>Applicazione:<\/strong><strong><\/strong><\/td><td>borsa di cotone con coulisse di piccole dimensioni, borsa per prodotti, borsa per l'imballaggio di alimenti, sacchetti di cotone leggero, ecc.<\/td><td>borsa della spesa, borsa della spesa, ba resistente, borsa di tela, borsa di sport, borsa quotidiana, ecc.<\/td><\/tr><\/tbody><\/table><\/figure>","protected":false},"excerpt":{"rendered":"<p><strong>27x30x11cm Drawstring Tote | Foam-Padded Handles | Single-Color Print\u00a0<\/strong><\/p>","protected":false},"featured_media":10181,"comment_status":"open","ping_status":"closed","template":"","meta":{"_seopress_robots_primary_cat":"none","_seopress_titles_title":"Indie-Style Drawstring Canvas Bags | 27x30x11cm | Bulk Custom Minimalist Totes","_seopress_titles_desc":"Unique 27x30x11cm drawstring tote with foam-padded handles. 8-16oz canvas, single-color screen printing. MOQ 500 for niche brands & creative studios.","_seopress_robots_index":""},"product_brand":[185],"product_cat":[188,29],"product_tag":[122],"class_list":{"0":"post-10180","1":"product","2":"type-product","3":"status-publish","4":"has-post-thumbnail","6":"product_brand-avecobaggie","7":"product_cat-custom-canvas-bag","8":"product_cat-tote-bag","9":"product_tag-canvas-bag","11":"first","12":"instock","13":"taxable","14":"shipping-taxable","15":"product-type-simple"},"_links":{"self":[{"href":"https:\/\/avecobaggie.com\/it\/wp-json\/wp\/v2\/product\/10180","targetHints":{"allow":["GET"]}}],"collection":[{"href":"https:\/\/avecobaggie.com\/it\/wp-json\/wp\/v2\/product"}],"about":[{"href":"https:\/\/avecobaggie.com\/it\/wp-json\/wp\/v2\/types\/product"}],"replies":[{"embeddable":true,"href":"https:\/\/avecobaggie.com\/it\/wp-json\/wp\/v2\/comments?post=10180"}],"wp:featuredmedia":[{"embeddable":true,"href":"https:\/\/avecobaggie.com\/it\/wp-json\/wp\/v2\/media\/10181"}],"wp:attachment":[{"href":"https:\/\/avecobaggie.com\/it\/wp-json\/wp\/v2\/media?parent=10180"}],"wp:term":[{"taxonomy":"product_brand","embeddable":true,"href":"https:\/\/avecobaggie.com\/it\/wp-json\/wp\/v2\/product_brand?post=10180"},{"taxonomy":"product_cat","embeddable":true,"href":"https:\/\/avecobaggie.com\/it\/wp-json\/wp\/v2\/product_cat?post=10180"},{"taxonomy":"product_tag","embeddable":true,"href":"https:\/\/avecobaggie.com\/it\/wp-json\/wp\/v2\/product_tag?post=10180"}],"curies":[{"name":"wp","href":"https:\/\/api.w.org\/{rel}","templated":true}]}}