{"id":10223,"date":"2025-05-09T14:16:46","date_gmt":"2025-05-09T06:16:46","guid":{"rendered":"https:\/\/avecobaggie.com\/?post_type=product&#038;p=10223"},"modified":"2025-05-12T20:18:40","modified_gmt":"2025-05-12T12:18:40","slug":"16oz-back-to-school-canvas-crossbody-bag-multi-function","status":"publish","type":"product","link":"https:\/\/avecobaggie.com\/it\/product\/16oz-back-to-school-canvas-crossbody-bag-multi-function\/","title":{"rendered":"16oz Back to School Canvas Crossbody Bag Multifunzione"},"content":{"rendered":"<p><strong>Premium Material &amp; Craftsmanship<\/strong><br> &nbsp;<strong>16oz Heavy Canvas<\/strong>&nbsp;\u2013 Ultra-dense 12&#215;12 weave, 2x thicker than standard totes for structured durability.<br> &nbsp;<strong>Reinforced Stress Points<\/strong>&nbsp;\u2013 Double-stitched handles and corners tested for 15kg dynamic loads.<\/p>\n\n\n\n<p><strong>Functional Fashion Design<\/strong><br> &nbsp;<strong>2-in-1 Carrying System<\/strong>:<\/p>\n\n\n\n<ul class=\"wp-block-list\">\n<li><strong>Short Handles<\/strong>: 24cm eco-dyed hemp straps for quick grabs<\/li>\n\n\n\n<li><strong>Detachable Crossbody Strap<\/strong>: Adjustable 50-130cm with antique brass hardware<br> &nbsp;<strong>Secure Closure System<\/strong>:<\/li>\n\n\n\n<li>Main compartment zipper<\/li>\n\n\n\n<li>Magnetic snap closures on two front pockets (10x12cm)<\/li>\n<\/ul>\n\n\n\n<p><strong>Branding Customization<\/strong><br> &nbsp;<strong>Dual Logo Patches<\/strong>:<\/p>\n\n\n\n<ul class=\"wp-block-list\">\n<li>15x15cm canvas patches on front\/back (screen\/digital print)<\/li>\n\n\n\n<li>Optional distressed edges for vintage appeal<br> &nbsp;<strong>Personalizzazione del colore<\/strong>:<\/li>\n\n\n\n<li>Base fabric: Natural hemp\/charcoal grey\/olive green<\/li>\n\n\n\n<li>Strap accents: 8 RAL color options<\/li>\n<\/ul>\n\n\n\n<p><strong>Opzioni di personalizzazione<\/strong>: Se desiderate personalizzare il design, i colori o aggiungere un logo, offriamo opzioni di personalizzazione complete. Dalle diverse stampe ai vari stili di maniglia, possiamo creare la borsa perfetta per le esigenze del vostro marchio.<\/p>\n\n\n\n<p class=\"has-text-align-center\"><a href=\"https:\/\/avecobaggie.com\/it\/whats-the-difference-between-cotton-bag-or-canvas-bag\/\">Cotone Vs Tela<\/a><\/p>\n\n\n\n<figure class=\"wp-block-table\"><table class=\"has-fixed-layout\"><tbody><tr><td><\/td><td><strong>Cotone<\/strong><strong><\/strong><\/td><td><strong>Tela<\/strong><strong><\/strong><\/td><\/tr><tr><td><strong>Materiale<\/strong><strong><\/strong><\/td><td>normalmente cotone 100%<\/td><td>normalmente 35%cotone o canapa, 65%poliestere (pu\u00f2 essere anche 100% cotone)<\/td><\/tr><tr><td><strong>Filati per tessitura<\/strong><strong><\/strong><\/td><td>filato singolo di ordito e trama<\/td><td>Pi\u00f9 di 2 fili di ordito e trama, aspetto pi\u00f9 spesso<\/td><\/tr><tr><td><strong>Metodo di tessitura<\/strong><strong><\/strong><\/td><td>Tessuto a tinta unita o Twill<\/td><td>Per lo pi\u00f9 a trama semplice<\/td><\/tr><tr><td><strong>Texture del tessuto<\/strong><strong><\/strong><\/td><td>piccole macchie sulla superficie che sono in realt\u00e0 i semi naturali<\/td><td>Senza macchie, pi\u00f9 ruvido del cotone<\/td><\/tr><tr><td><strong>Peso:<\/strong><strong><\/strong><\/td><td>pu\u00f2 essere cerato per essere impermeabile, pu\u00f2 essere semi-sbiancato o completamente sbiancato<\/td><td>sopra 8 oz, per lo stesso spessore, la tela \u00e8 pi\u00f9 conveniente, anche in grado di caricare pi\u00f9 peso<\/td><\/tr><tr><td>Da 4 oz sottili a 16 oz spessi, leggeri, meglio scegliere il cotone<\/td><td>Pi\u00f9 sostenibile e 100% biodegradabile<\/td><td>sostenibile, ma non completamente biodegradabile<\/td><\/tr><tr><td><strong>Impermeabile<\/strong><strong><\/strong><\/td><td>Non impermeabile se non laminato, pu\u00f2 essere semi-sbiancato o completamente sbiancato.<\/td><td>Sopra le 8 once, a parit\u00e0 di spessore, la tela \u00e8 pi\u00f9 economica, anche in grado di caricare pi\u00f9 peso<\/td><\/tr><tr><td><strong>Traspirabilit\u00e0<\/strong><strong><\/strong><\/td><td>Morbido e con un'eccellente traspirabilit\u00e0<\/td><td>spessa e meno ventilata, adatta per borse stereotipate<\/td><\/tr><tr><td><strong>Stampabilit\u00e0<\/strong><strong><\/strong><\/td><td>per la stampa a trasferimento termico non \u00e8 buono come quello su tela<\/td><td>Praticamente compatibile con tutti i metodi di stampa, il disegno verr\u00e0 visualizzato magnificamente<\/td><\/tr><tr><td><strong>Cura del lavaggio<\/strong><strong><\/strong><\/td><td>si restringe da 2% a 5% dopo il lavaggio.<\/td><td>Restringimento inferiore a 100%. Cotone<\/td><\/tr><tr><td><strong>Durata<\/strong><strong><\/strong><\/td><td>facile da rugare e deformare, facile da attaccare i capelli<\/td><td>Facile da sporcare e da deformare,<\/td><\/tr><tr><td><strong>Applicazione:<\/strong><strong><\/strong><\/td><td>borsa di cotone con coulisse di piccole dimensioni, borsa per prodotti, borsa per l'imballaggio di alimenti, sacchetti di cotone leggero, ecc.<\/td><td>borsa della spesa, borsa della spesa, ba resistente, borsa di tela, borsa di sport, borsa quotidiana, ecc.<\/td><\/tr><\/tbody><\/table><\/figure>","protected":false},"excerpt":{"rendered":"<p><strong>Zipper Closure | 2 Custom Patches | Metal Detachable Strap\u00a0<\/strong><\/p>","protected":false},"featured_media":10224,"comment_status":"open","ping_status":"closed","template":"","meta":{"_seopress_robots_primary_cat":"none","_seopress_titles_title":"Back to School Canvas Crossbody Bag | Bulk Custom","_seopress_titles_desc":"Trendy 34x36x4cm canvas tote with detachable strap & magnetic pocket closures. 16oz fabric, dual logo patches. MOQ 500 for fashion\/retail brands.","_seopress_robots_index":""},"product_brand":[185],"product_cat":[188,29],"product_tag":[122],"class_list":{"0":"post-10223","1":"product","2":"type-product","3":"status-publish","4":"has-post-thumbnail","6":"product_brand-avecobaggie","7":"product_cat-custom-canvas-bag","8":"product_cat-tote-bag","9":"product_tag-canvas-bag","11":"first","12":"instock","13":"taxable","14":"shipping-taxable","15":"product-type-simple"},"_links":{"self":[{"href":"https:\/\/avecobaggie.com\/it\/wp-json\/wp\/v2\/product\/10223","targetHints":{"allow":["GET"]}}],"collection":[{"href":"https:\/\/avecobaggie.com\/it\/wp-json\/wp\/v2\/product"}],"about":[{"href":"https:\/\/avecobaggie.com\/it\/wp-json\/wp\/v2\/types\/product"}],"replies":[{"embeddable":true,"href":"https:\/\/avecobaggie.com\/it\/wp-json\/wp\/v2\/comments?post=10223"}],"wp:featuredmedia":[{"embeddable":true,"href":"https:\/\/avecobaggie.com\/it\/wp-json\/wp\/v2\/media\/10224"}],"wp:attachment":[{"href":"https:\/\/avecobaggie.com\/it\/wp-json\/wp\/v2\/media?parent=10223"}],"wp:term":[{"taxonomy":"product_brand","embeddable":true,"href":"https:\/\/avecobaggie.com\/it\/wp-json\/wp\/v2\/product_brand?post=10223"},{"taxonomy":"product_cat","embeddable":true,"href":"https:\/\/avecobaggie.com\/it\/wp-json\/wp\/v2\/product_cat?post=10223"},{"taxonomy":"product_tag","embeddable":true,"href":"https:\/\/avecobaggie.com\/it\/wp-json\/wp\/v2\/product_tag?post=10223"}],"curies":[{"name":"wp","href":"https:\/\/api.w.org\/{rel}","templated":true}]}}