{"id":1773,"date":"2021-03-02T14:46:16","date_gmt":"2021-03-02T06:46:16","guid":{"rendered":"https:\/\/avecobaggie.com\/?post_type=product&#038;p=1773"},"modified":"2021-03-30T11:11:34","modified_gmt":"2021-03-30T03:11:34","slug":"customized-large-storage-felt-tote-bag","status":"publish","type":"product","link":"https:\/\/avecobaggie.com\/it\/product\/customized-large-storage-felt-tote-bag\/","title":{"rendered":"Borsa in feltro per l'archiviazione di grandi dimensioni su misura"},"content":{"rendered":"<p>Aveco produce principalmente tutti i tipi di borse ecologiche personalizzate con un servizio di soluzione one stop shop. Le nostre borse sono durevoli, di alta qualit\u00e0 e convenienti per soddisfare diversi scopi. Tutti i materiali che utilizziamo sono eco-compatibili, tra cui cotone, tela, lino, iuta, feltro, oxford, ecc. Se state cercando di realizzare borse con il vostro marchio privato o per eventi promozionali, possiamo soddisfare le vostre esigenze con un MOQ piuttosto basso e una consegna rapida.<\/p>\n<p>Questo feltro tote bags \u00e8 oversize, il colore \u00e8 grigio ma pu\u00f2 personalizzare altro colore, possiamo anche stampare il vostro logo sulla borsa.<\/p>\n<p>CARATTERISTICHE DEL PRODOTTO<\/p>\n<ul>\n<li><strong>Stile della borsa<\/strong>: Totes in feltro<\/li>\n<li><strong>Tipo di materiale<\/strong>: Realizzato in feltro di grado A 100% 3MM<span class=\"a-list-item\">\u00a0materiale in feltro spesso che lo rende un'opzione adatta per lo shopping, il trasporto di piccoli oggetti, il pranzo e altri articoli<\/span><\/li>\n<li><strong>Materiale Peso<\/strong>:  3MM<\/li>\n<li><strong>Materiale Colore<\/strong>grigio<\/li>\n<li><strong>Dimensioni della borsa<\/strong>: 35X28X15CM (elenco con dimensioni standard, si accettano dimensioni personalizzate borsa \uff09<\/li>\n<li><strong>Area di stampa<\/strong>: 1 colore | 2 colori | pi\u00f9 colori| Stampa completa, stampa su un lato o su due lati<\/li>\n<li><strong>Chiusura<\/strong>: Aperto<\/li>\n<li><strong>Maniglia<\/strong>: Manici in PU, resistenti, molto morbidi ma leggeri, con due manici per essere trasportati facilmente.<\/li>\n<li><strong>Istruzioni per la cura<\/strong>: Si consiglia di lavare a mano, appendere ad asciugare.<\/li>\n<\/ul>\n<p>&nbsp;<\/p>","protected":false},"excerpt":{"rendered":"<p>Realizzato in feltro di grado A 100% spessore 3MM e maniglie in PU, durevole molto morbido ma leggero, bello da personalizzare con la nostra richiesta.<\/p>","protected":false},"featured_media":1775,"comment_status":"open","ping_status":"closed","template":"","meta":{"_seopress_robots_primary_cat":"none","_seopress_titles_title":"","_seopress_titles_desc":"","_seopress_robots_index":""},"product_brand":[],"product_cat":[29,103,110],"product_tag":[133],"class_list":{"0":"post-1773","1":"product","2":"type-product","3":"status-publish","4":"has-post-thumbnail","6":"product_cat-tote-bag","7":"product_cat-other-fabric-bag","8":"product_cat-travel","9":"product_tag-felt-bag","11":"first","12":"instock","13":"taxable","14":"shipping-taxable","15":"product-type-simple"},"_links":{"self":[{"href":"https:\/\/avecobaggie.com\/it\/wp-json\/wp\/v2\/product\/1773","targetHints":{"allow":["GET"]}}],"collection":[{"href":"https:\/\/avecobaggie.com\/it\/wp-json\/wp\/v2\/product"}],"about":[{"href":"https:\/\/avecobaggie.com\/it\/wp-json\/wp\/v2\/types\/product"}],"replies":[{"embeddable":true,"href":"https:\/\/avecobaggie.com\/it\/wp-json\/wp\/v2\/comments?post=1773"}],"wp:featuredmedia":[{"embeddable":true,"href":"https:\/\/avecobaggie.com\/it\/wp-json\/wp\/v2\/media\/1775"}],"wp:attachment":[{"href":"https:\/\/avecobaggie.com\/it\/wp-json\/wp\/v2\/media?parent=1773"}],"wp:term":[{"taxonomy":"product_brand","embeddable":true,"href":"https:\/\/avecobaggie.com\/it\/wp-json\/wp\/v2\/product_brand?post=1773"},{"taxonomy":"product_cat","embeddable":true,"href":"https:\/\/avecobaggie.com\/it\/wp-json\/wp\/v2\/product_cat?post=1773"},{"taxonomy":"product_tag","embeddable":true,"href":"https:\/\/avecobaggie.com\/it\/wp-json\/wp\/v2\/product_tag?post=1773"}],"curies":[{"name":"wp","href":"https:\/\/api.w.org\/{rel}","templated":true}]}}