{"id":2117,"date":"2021-03-08T15:57:11","date_gmt":"2021-03-08T07:57:11","guid":{"rendered":"https:\/\/avecobaggie.com\/?post_type=product&#038;p=2117"},"modified":"2021-03-30T10:48:14","modified_gmt":"2021-03-30T02:48:14","slug":"natural-linen-burlap-gift-bags-wholesale","status":"publish","type":"product","link":"https:\/\/avecobaggie.com\/it\/product\/natural-linen-burlap-gift-bags-wholesale\/","title":{"rendered":"Borse regalo in tela di lino naturale all'ingrosso"},"content":{"rendered":"<p>Aveco fornisce principalmente borse ecologiche personalizzate con un servizio one stop shop. Abbiamo anche alcune forme base di borse per un facile inizio, come elencato sul sito web di\u00a0\u00a0<a href=\"https:\/\/avecobaggie.com\/it\/product-category\/bags-in-stock\/\"><strong> Borsa in stock<\/strong> <\/a>. la maggior parte dei sacchetti in stock sono vuoti senza stampa, quindi \u00e8 pi\u00f9 facile per voi fare un logo o un'etichetta privata per i vostri clienti senza un minimo di...<\/p>\n<p>Le borse di iuta con coulisse elencate sono disponibili in 8 dimensioni, possono essere spedite velocemente entro 3 giorni. Tutte le borse della spesa di tela che abbiamo fornito qui sono fabbricati come non tossico eco friendly materials.We sono felice di sostenere le piccole imprese<span class=\"Apple-converted-space\">\u00a0 <\/span>cos\u00ec come i grandi marchi.<\/p>\n<p class=\"p1\"><span class=\"Apple-converted-space\">\u00a0 \u00a0 Se volete personalizzare queste borse ecologiche, \u00e8 anche facile, alcune di esse sono anche a bassissimo costo. <\/span>MOQ per superfici personalizzate. Soprattutto il cotone o la borsa di tela \u00e8 estremamente basso a 100 pezzi o anche meno per sostenere i principianti, andare a <a href=\"https:\/\/avecobaggie.com\/it\/custom-solutions\/\"><strong>SOLUZIONI PERSONALIZZATE<\/strong><\/a> per saperne di pi\u00f9 sulle fasi delle borse personalizzate.<\/p>\n<h3 class=\"p1\"><span style=\"color: #333333;\"><span class=\"Apple-converted-space\">\u00a0\u00a0<\/span>Caratteristiche del prodotto per il lino naturale Burlap sacchetti regalo all'ingrosso<\/span><\/h3>\n<ul>\n<li><strong>Stile della borsa<\/strong>:<span class=\"a-list-item\">Tela di lino naturale lavabile e riutilizzabile<\/span><\/li>\n<li><strong>Tipo di materiale<\/strong>: Juta Burlap-<span class=\"a-list-item\">il materiale della borsa \u00e8 iuta che \u00e8 durevole e robusto; possono utilizzare per un lungo periodo; materiale di qualit\u00e0 e la costruzione li rendono pratico<\/span><\/li>\n<li><strong>Materiale Colore<\/strong>: Iuta naturale<\/li>\n<li><strong>Dimensioni della borsa<\/strong>7X9CM|10X15CM|13X18CM|15X20CM|17X23CM|20X25CM|20X30CM|30X40CM\uff08elenco con dimensioni popolari, accettiamo sacchetto di dimensioni personalizzate \uff09<\/li>\n<li><strong>Area di stampa<\/strong>: 1 colore | 2 colori | pi\u00f9 colori| Stampa completa, stampa su un lato o su due lati<\/li>\n<li><strong>Chiusura<\/strong>:\u00a0<span class=\"a-list-item\">Il design con coulisse rende questi sacchi di iuta pi\u00f9 facili da fissare per evitare di perdere gli oggetti. Abbastanza piccoli da poter essere portati in borsa, in auto, nella borsa dei cosmetici, sono comodi da trasportare quando si esce, si va in giro o si viaggia.<\/span><\/li>\n<li><strong>Istruzioni per la cura<\/strong>: Si consiglia di lavare a mano, non lavare in lavatrice.<\/li>\n<\/ul>","protected":false},"excerpt":{"rendered":"<p>Lavorazione precisa e meticolosa, modo di cucire ordinato e preciso, disponibile in 8 misure in stock, consegna entro 3 giorni.<\/p>","protected":false},"featured_media":2122,"comment_status":"open","ping_status":"closed","template":"","meta":{"_seopress_robots_primary_cat":"none","_seopress_titles_title":"Natural Linen Burlap Gift Bags Wholesale - Bulk In Stock  - Fast Ship","_seopress_titles_desc":"Popular design &amp; Size - Fast Delivery in 3 Days - Flexible Shipping Courier - Added Value Service - Work with Aveco and be a Happy Burlap Gift Bag Importer","_seopress_robots_index":""},"product_brand":[],"product_cat":[113],"product_tag":[123],"class_list":{"0":"post-2117","1":"product","2":"type-product","3":"status-publish","4":"has-post-thumbnail","6":"product_cat-bags-in-stock","7":"product_tag-in-stock","9":"first","10":"instock","11":"taxable","12":"shipping-taxable","13":"product-type-simple"},"_links":{"self":[{"href":"https:\/\/avecobaggie.com\/it\/wp-json\/wp\/v2\/product\/2117","targetHints":{"allow":["GET"]}}],"collection":[{"href":"https:\/\/avecobaggie.com\/it\/wp-json\/wp\/v2\/product"}],"about":[{"href":"https:\/\/avecobaggie.com\/it\/wp-json\/wp\/v2\/types\/product"}],"replies":[{"embeddable":true,"href":"https:\/\/avecobaggie.com\/it\/wp-json\/wp\/v2\/comments?post=2117"}],"wp:featuredmedia":[{"embeddable":true,"href":"https:\/\/avecobaggie.com\/it\/wp-json\/wp\/v2\/media\/2122"}],"wp:attachment":[{"href":"https:\/\/avecobaggie.com\/it\/wp-json\/wp\/v2\/media?parent=2117"}],"wp:term":[{"taxonomy":"product_brand","embeddable":true,"href":"https:\/\/avecobaggie.com\/it\/wp-json\/wp\/v2\/product_brand?post=2117"},{"taxonomy":"product_cat","embeddable":true,"href":"https:\/\/avecobaggie.com\/it\/wp-json\/wp\/v2\/product_cat?post=2117"},{"taxonomy":"product_tag","embeddable":true,"href":"https:\/\/avecobaggie.com\/it\/wp-json\/wp\/v2\/product_tag?post=2117"}],"curies":[{"name":"wp","href":"https:\/\/api.w.org\/{rel}","templated":true}]}}