{"id":2195,"date":"2021-03-09T16:28:20","date_gmt":"2021-03-09T08:28:20","guid":{"rendered":"https:\/\/avecobaggie.com\/?post_type=product&#038;p=2195"},"modified":"2021-03-30T10:45:53","modified_gmt":"2021-03-30T02:45:53","slug":"customized-extra-large-burlap-beach-bag","status":"publish","type":"product","link":"https:\/\/avecobaggie.com\/it\/product\/customized-extra-large-burlap-beach-bag\/","title":{"rendered":"Borsa da spiaggia in iuta extra large personalizzata"},"content":{"rendered":"<p>Aveco fornisce principalmente borse ecologiche personalizzate con un servizio di soluzione one stop shop. Tutti i materiali che utilizziamo sono eco-compatibili, tra cui cotone, tela, lino, iuta, feltro, oxford, ecc. Abbiamo anche alcune forme di base di borse per un facile inizio come elencato sul sito web di\u00a0\u00a0<a href=\"https:\/\/avecobaggie.com\/it\/product-category\/bags-in-stock\/\"> Borse in stock <\/a>. la maggior parte dei sacchetti in stock sono vuoti senza stampa, quindi \u00e8 pi\u00f9 facile per voi realizzare un logo o un'etichetta privata per i vostri clienti senza un minimo di spesa.<\/p>\n<p><span class=\"Apple-converted-space\">\u00a0 \u00a0 Se volete personalizzare queste borse ecologiche, \u00e8 anche facile, alcune di esse sono anche a bassissimo costo. <\/span>MOQ per superfici personalizzate. Soprattutto il cotone o la borsa di tela \u00e8 estremamente basso a 100 pezzi o anche meno per sostenere i principianti, andare a <a href=\"https:\/\/avecobaggie.com\/it\/custom-solutions\/\"><strong>SOLUZIONI PERSONALIZZATE<\/strong><\/a> per saperne di pi\u00f9 sulle borse personalizzate...<\/p>\n<h3 class=\"p1\"><span style=\"color: #333333;\">\u00a0 \u00a0 Caratteristiche del prodotto per la borsa da spiaggia personalizzata in iuta extra large<\/span><\/h3>\n<ul>\n<li><strong>Stile della borsa<\/strong>: Borsa da spiaggia grande<\/li>\n<li><strong>Tipo di materiale<\/strong>: Burla naturale + pelle<\/li>\n<li><strong>Materiale Colore<\/strong>: Beige naturale<\/li>\n<li><strong>Dimensioni della borsa<\/strong>: 32X24X14CM (elenco con dimensioni standard, accettiamo la borsa di dimensioni personalizzate).<\/li>\n<li><strong>Area di stampa<\/strong>: 1 colore | 2 colori | pi\u00f9 colori| Stampa completa, stampa su un lato o su due lati<\/li>\n<li><strong>Chiusura<\/strong>: Aperto<\/li>\n<li><strong>Istruzioni per la cura<\/strong>: Si consiglia di lavare a mano, appendere ad asciugare.<\/li>\n<\/ul>","protected":false},"excerpt":{"rendered":"<p>Questa borsa \u00e8 alla moda, con juta naturale all'esterno e all'interno con PE foderato, che \u00e8 a prova di perdite.L'aspetto del materiale di lino retr\u00f2, forte e durevole.Il logo o il modello \u00e8 facile da stampare.<\/p>","protected":false},"featured_media":2196,"comment_status":"open","ping_status":"closed","template":"","meta":{"_seopress_robots_primary_cat":"none","_seopress_titles_title":"Customized Extra Large Burlap Beach Bag - OEM &amp; ODM - Aveco","_seopress_titles_desc":"Offer Many extra large beach bag with natural Burlap outside and inside with PE lined, leather handles, leakproof and fashionable.Easy to Print logo","_seopress_robots_index":""},"product_brand":[],"product_cat":[29,104,110],"product_tag":[125],"class_list":{"0":"post-2195","1":"product","2":"type-product","3":"status-publish","4":"has-post-thumbnail","6":"product_cat-tote-bag","7":"product_cat-jute-burlap-bag","8":"product_cat-travel","9":"product_tag-beach-bag","11":"first","12":"instock","13":"taxable","14":"shipping-taxable","15":"product-type-simple"},"_links":{"self":[{"href":"https:\/\/avecobaggie.com\/it\/wp-json\/wp\/v2\/product\/2195","targetHints":{"allow":["GET"]}}],"collection":[{"href":"https:\/\/avecobaggie.com\/it\/wp-json\/wp\/v2\/product"}],"about":[{"href":"https:\/\/avecobaggie.com\/it\/wp-json\/wp\/v2\/types\/product"}],"replies":[{"embeddable":true,"href":"https:\/\/avecobaggie.com\/it\/wp-json\/wp\/v2\/comments?post=2195"}],"wp:featuredmedia":[{"embeddable":true,"href":"https:\/\/avecobaggie.com\/it\/wp-json\/wp\/v2\/media\/2196"}],"wp:attachment":[{"href":"https:\/\/avecobaggie.com\/it\/wp-json\/wp\/v2\/media?parent=2195"}],"wp:term":[{"taxonomy":"product_brand","embeddable":true,"href":"https:\/\/avecobaggie.com\/it\/wp-json\/wp\/v2\/product_brand?post=2195"},{"taxonomy":"product_cat","embeddable":true,"href":"https:\/\/avecobaggie.com\/it\/wp-json\/wp\/v2\/product_cat?post=2195"},{"taxonomy":"product_tag","embeddable":true,"href":"https:\/\/avecobaggie.com\/it\/wp-json\/wp\/v2\/product_tag?post=2195"}],"curies":[{"name":"wp","href":"https:\/\/api.w.org\/{rel}","templated":true}]}}