{"id":2277,"date":"2021-03-10T14:50:05","date_gmt":"2021-03-10T06:50:05","guid":{"rendered":"https:\/\/avecobaggie.com\/?post_type=product&#038;p=2277"},"modified":"2021-03-30T10:41:18","modified_gmt":"2021-03-30T02:41:18","slug":"drawstring-cotton-mesh-bag","status":"publish","type":"product","link":"https:\/\/avecobaggie.com\/it\/product\/drawstring-cotton-mesh-bag\/","title":{"rendered":"Borsa a rete in cotone con coulisse"},"content":{"rendered":"<p>Aveco fornisce principalmente borse ecologiche personalizzate con un servizio di soluzione one stop shop. Le nostre borse sono durevoli, di alta qualit\u00e0 e convenienti per soddisfare diversi scopi.<\/p>\n<p>Le borse in rete di cotone con coulisse elencate sono disponibili in magazzino per essere consegnate rapidamente e per facilitarne l'avvio. Sono realizzate in cotone naturale, sostenibile e non lavorato. \u00c8 possibile acquistare singole dimensioni o pacchetti di dimensioni come set; normalmente ogni borsa avr\u00e0 un'etichetta con la tara e sull'etichetta \u00e8 possibile stampare il proprio logo.<\/p>\n<p>I sacchetti in rete di cotone con coulisse sono perfetti per alimenti, verdure, giocattoli e altre applicazioni.<\/p>\n<h3 class=\"p1\"><span style=\"color: #333333;\">Caratteristiche del prodotto per la borsa a rete in cotone con cordoncino<\/span><\/h3>\n<ul>\n<li><strong>Stile della borsa<\/strong>: Borsa per prodotti in rete<\/li>\n<li><strong>Tipo di materiale<\/strong>: Maglia di cotone<\/li>\n<li><strong>Materiale Peso<\/strong>: &#8212;<\/li>\n<li><strong>Materiale Colore<\/strong>: Bianco<\/li>\n<li><strong>Dimensioni della borsa<\/strong>: 20X25CM|25X30CM|30X35CM | dimensione personalizzata<\/li>\n<li><strong>Area di stampa<\/strong>: tinta unita senza stampa<\/li>\n<li><strong>Chiusura<\/strong>: Coulisse<\/li>\n<li><strong>Istruzioni per la cura<\/strong>: Si consiglia il lavaggio a mano, ma anche in lavatrice, appendere ad asciugare.<\/li>\n<\/ul>\n<p><strong>Note: Per il tessuto di cotone, ci sar\u00e0 un leggero restringimento dopo il lavaggio.<\/strong><\/p>","protected":false},"excerpt":{"rendered":"<p>Dimensioni singole o in bundle per la borsa in rete di cotone con coulisse riutilizzabile,<span class=\"a-list-item\"><span class=\"a-size-base\">Lavabile in lavatrice,<\/span><\/span><span class=\"a-list-item\"><span class=\"a-size-base\">Rete traspirante,<\/span><\/span><span class=\"a-list-item\"><span class=\"a-size-base\">Realizzato con materiali di alta qualit\u00e0 e sicuri per gli alimenti,<\/span><\/span><span class=\"a-list-item\"><span class=\"a-size-base\">Etichette per la tara su ogni sacchetto,<\/span><\/span><span class=\"a-list-item\"><span class=\"a-size-base\">Chiusura con coulisse per tenere al sicuro il contenuto.<\/span><\/span><\/p>","protected":false},"featured_media":2278,"comment_status":"open","ping_status":"closed","template":"","meta":{"_seopress_robots_primary_cat":"none","_seopress_titles_title":"%%post_title%%  %%sep%%In stock %%sep%%Deliver in 3 Days","_seopress_titles_desc":"Breathable mesh,Made with high-quality food safe materials,Tare weight tags on each drawstring cotton mesh bag,Contact for order single or bundle sizes","_seopress_robots_index":""},"product_brand":[],"product_cat":[113],"product_tag":[],"class_list":{"0":"post-2277","1":"product","2":"type-product","3":"status-publish","4":"has-post-thumbnail","6":"product_cat-bags-in-stock","8":"first","9":"instock","10":"taxable","11":"shipping-taxable","12":"product-type-simple"},"_links":{"self":[{"href":"https:\/\/avecobaggie.com\/it\/wp-json\/wp\/v2\/product\/2277","targetHints":{"allow":["GET"]}}],"collection":[{"href":"https:\/\/avecobaggie.com\/it\/wp-json\/wp\/v2\/product"}],"about":[{"href":"https:\/\/avecobaggie.com\/it\/wp-json\/wp\/v2\/types\/product"}],"replies":[{"embeddable":true,"href":"https:\/\/avecobaggie.com\/it\/wp-json\/wp\/v2\/comments?post=2277"}],"wp:featuredmedia":[{"embeddable":true,"href":"https:\/\/avecobaggie.com\/it\/wp-json\/wp\/v2\/media\/2278"}],"wp:attachment":[{"href":"https:\/\/avecobaggie.com\/it\/wp-json\/wp\/v2\/media?parent=2277"}],"wp:term":[{"taxonomy":"product_brand","embeddable":true,"href":"https:\/\/avecobaggie.com\/it\/wp-json\/wp\/v2\/product_brand?post=2277"},{"taxonomy":"product_cat","embeddable":true,"href":"https:\/\/avecobaggie.com\/it\/wp-json\/wp\/v2\/product_cat?post=2277"},{"taxonomy":"product_tag","embeddable":true,"href":"https:\/\/avecobaggie.com\/it\/wp-json\/wp\/v2\/product_tag?post=2277"}],"curies":[{"name":"wp","href":"https:\/\/api.w.org\/{rel}","templated":true}]}}