{"id":2284,"date":"2021-03-10T15:31:59","date_gmt":"2021-03-10T07:31:59","guid":{"rendered":"https:\/\/avecobaggie.com\/?post_type=product&#038;p=2284"},"modified":"2021-03-30T10:27:40","modified_gmt":"2021-03-30T02:27:40","slug":"cotton-mesh-totes-beach-bag","status":"publish","type":"product","link":"https:\/\/avecobaggie.com\/it\/product\/cotton-mesh-totes-beach-bag\/","title":{"rendered":"Borsa da spiaggia in rete di cotone"},"content":{"rendered":"<p>Aveco fornisce principalmente borse ecologiche personalizzate con un servizio di soluzione one stop shop. Le nostre borse sono durevoli, di alta qualit\u00e0 e convenienti per soddisfare diversi scopi. Tutti i materiali che utilizziamo sono ecocompatibili, tra cui cotone, tela, lino, iuta, feltro, ecc. Se state cercando di realizzare borse con il vostro marchio privato o per eventi promozionali, possiamo soddisfare le vostre esigenze con un MOQ piuttosto basso e una consegna rapida.<\/p>\n<p>Se volete iniziare in modo semplice, potete visitare il nostro sito web <a href=\"https:\/\/avecobaggie.com\/it\/product-category\/bags-in-stock\/\">borse in stock<\/a> per scoprire la borsa che vi piace, la maggior parte delle borse sono vuote e molto facili da fare.<\/p>\n<p>CARATTERISTICHE DEL PRODOTTO<\/p>\n<ul>\n<li><strong>Stile della borsa<\/strong>: Totem in rete<\/li>\n<li><strong>Tipo di materiale<\/strong>: Maglia di cotone, realizzata in cotone 100%, resistente, ecologico e con una buona traspirabilit\u00e0 per la conservazione,<\/li>\n<li><strong>Materiale Peso<\/strong>6oz \/ possiamo anche fare altri spessori secondo la vostra richiesta, <a href=\"https:\/\/avecobaggie.com\/it\/custom-solutions\/\">Fare clic per vedere la tabella dei pesi dei tessuti<\/a><\/li>\n<li><strong>Materiale Colore<\/strong>: Beige naturale<\/li>\n<li><strong>Dimensioni della borsa<\/strong>: 40X45CM (lista con dimensioni standard, accettiamo borse di dimensioni personalizzate), la dimensione standard \u00e8 di grande capacit\u00e0: pu\u00f2 contenere fino a 40 libbre. E la rete di cotone pu\u00f2 espandersi piacevolmente per ospitare molti acquisti.<\/li>\n<li><strong>Area di stampa<\/strong>: 1 colore | 2 colori | pi\u00f9 colori| Stampa completa, stampa su un lato o su due lati<\/li>\n<li><strong>Chiusura<\/strong>: Aperto<\/li>\n<li><strong>Maniglia:<\/strong>I manici lunghi e allargati consentono di incrociare facilmente le spalle, mentre le maniglie pi\u00f9 larghe alleviano la pressione sulle spalle e facilitano la spesa.<\/li>\n<li><strong>Vantaggio:<\/strong>Vecchio stile, a pi\u00f9 colori, super carino e rustico. Ottimo per prodotti, verdure, frutta, lattine e surgelati. Anche un grande regalo per la famiglia.<\/li>\n<li><strong>Istruzioni per la cura<\/strong>: Si consiglia il lavaggio a mano, ma anche in lavatrice, appendere ad asciugare.<\/li>\n<\/ul>\n<p><strong>Note: Per il tessuto di cotone, ci sar\u00e0 un leggero restringimento dopo il lavaggio.<\/strong><\/p>\n<p><span class=\"a-text-italic\"><span class=\"a-text-bold\">Aveco si impegna a rendere ogni dettaglio del prodotto il pi\u00f9 possibile a zero rifiuti, senza macchie, senza imballaggi in plastica, senza emissioni di anidride carbonica.<\/span><\/span><\/p>\n<p>&nbsp;<\/p>","protected":false},"excerpt":{"rendered":"<p>Soddisfa le diverse esigenze di shopping, gite in spiaggia, picnic, ecc. Leggero e facile da trasportare, basta piegarlo e infilarlo in una borsa\/tasca. I manici lunghi ed extra ispessiti rendono la spalla pi\u00f9 confortevole.<\/p>","protected":false},"featured_media":2285,"comment_status":"open","ping_status":"closed","template":"","meta":{"_seopress_robots_primary_cat":"none","_seopress_titles_title":"","_seopress_titles_desc":"","_seopress_robots_index":""},"product_brand":[],"product_cat":[96,102,109],"product_tag":[],"class_list":{"0":"post-2284","1":"product","2":"type-product","3":"status-publish","4":"has-post-thumbnail","6":"product_cat-mesh-bag","7":"product_cat-cotton-canvas-bag","8":"product_cat-everyday","10":"first","11":"instock","12":"taxable","13":"shipping-taxable","14":"product-type-simple"},"_links":{"self":[{"href":"https:\/\/avecobaggie.com\/it\/wp-json\/wp\/v2\/product\/2284","targetHints":{"allow":["GET"]}}],"collection":[{"href":"https:\/\/avecobaggie.com\/it\/wp-json\/wp\/v2\/product"}],"about":[{"href":"https:\/\/avecobaggie.com\/it\/wp-json\/wp\/v2\/types\/product"}],"replies":[{"embeddable":true,"href":"https:\/\/avecobaggie.com\/it\/wp-json\/wp\/v2\/comments?post=2284"}],"wp:featuredmedia":[{"embeddable":true,"href":"https:\/\/avecobaggie.com\/it\/wp-json\/wp\/v2\/media\/2285"}],"wp:attachment":[{"href":"https:\/\/avecobaggie.com\/it\/wp-json\/wp\/v2\/media?parent=2284"}],"wp:term":[{"taxonomy":"product_brand","embeddable":true,"href":"https:\/\/avecobaggie.com\/it\/wp-json\/wp\/v2\/product_brand?post=2284"},{"taxonomy":"product_cat","embeddable":true,"href":"https:\/\/avecobaggie.com\/it\/wp-json\/wp\/v2\/product_cat?post=2284"},{"taxonomy":"product_tag","embeddable":true,"href":"https:\/\/avecobaggie.com\/it\/wp-json\/wp\/v2\/product_tag?post=2284"}],"curies":[{"name":"wp","href":"https:\/\/api.w.org\/{rel}","templated":true}]}}