{"id":3948,"date":"2021-06-30T16:07:09","date_gmt":"2021-06-30T08:07:09","guid":{"rendered":"https:\/\/avecobaggie.com\/?post_type=product&#038;p=3948"},"modified":"2021-06-30T17:10:22","modified_gmt":"2021-06-30T09:10:22","slug":"fashionable-best-waterproof-backpack-for-college-students","status":"publish","type":"product","link":"https:\/\/avecobaggie.com\/it\/product\/fashionable-best-waterproof-backpack-for-college-students\/","title":{"rendered":"Il miglior zaino impermeabile alla moda per gli studenti universitari"},"content":{"rendered":"<p>Lo zaino Dupont \u00e8 realizzato in tessuto TYVEK:<span style=\"font-family: Arial;\">\u00a0il nome commerciale di un materiale non tessuto sviluppato da DuPont, con il quale viene fornita una famiglia di tessuti resistenti e di lunga durata, dall'aspetto simile alla carta.<\/span><\/p>\n<h3 class=\"p1\"><span style=\"color: #333333;\">Caratteristiche del prodotto\u00a0<\/span><\/h3>\n<ul>\n<li><strong>Stile della borsa<\/strong>: Carta lavabile marrone Dupont Zaino<\/li>\n<li><strong>Tipo di materiale<\/strong>: Tyvek, \u00e8 durevole, molto difficile da strappare, ed \u00e8 impermeabile. anche leggero, ed \u00e8 molto facile da piegare. il materiale stesso se eco-friendly.<\/li>\n<li><strong>Materiale Colore<\/strong>: Colore marrone naturale o altro colore personalizzato<\/li>\n<li><strong>Dimensioni della borsa<\/strong>: 29X38X13CM\uff08 elenco con le dimensioni popolari, accettiamo la borsa di dimensioni personalizzate \uff09<\/li>\n<li><strong>Area di stampa<\/strong>: vuoto, 1 colore | 2 colori | pi\u00f9 colori| Stampa completa, stampa su un solo lato o su due lati<\/li>\n<li><strong>Istruzioni per la cura<\/strong>: Si consiglia il lavaggio a mano, ma anche in lavatrice, appendere ad asciugare.<\/li>\n<li><span class=\"a-list-item\">Bello e resistente:<\/span><span style=\"font-family: Arial;\">mantiene resistenza e flessibilit\u00e0 a -75 \u00b0C. Inizia a restringersi a 118 \u00b0C e si scioglie a 135 \u00b0C. Pu\u00f2 essere lavato in lavatrice.<\/span><\/li>\n<\/ul>\n<p>&nbsp;<\/p>","protected":false},"excerpt":{"rendered":"<p><strong><span data-spm-anchor-id=\"2114.12057483.0.i27.78455ac5eyqclA\">Lavabile, non si strappa, impermeabile e ultraleggero.<\/span><\/strong><\/p>","protected":false},"featured_media":3949,"comment_status":"open","ping_status":"closed","template":"","meta":{"_seopress_robots_primary_cat":"none","_seopress_titles_title":"","_seopress_titles_desc":"","_seopress_robots_index":""},"product_brand":[],"product_cat":[98,103,108],"product_tag":[136],"class_list":{"0":"post-3948","1":"product","2":"type-product","3":"status-publish","4":"has-post-thumbnail","6":"product_cat-backpack-bag","7":"product_cat-other-fabric-bag","8":"product_cat-work-school","9":"product_tag-dupont-bag","11":"first","12":"instock","13":"taxable","14":"shipping-taxable","15":"product-type-simple"},"_links":{"self":[{"href":"https:\/\/avecobaggie.com\/it\/wp-json\/wp\/v2\/product\/3948","targetHints":{"allow":["GET"]}}],"collection":[{"href":"https:\/\/avecobaggie.com\/it\/wp-json\/wp\/v2\/product"}],"about":[{"href":"https:\/\/avecobaggie.com\/it\/wp-json\/wp\/v2\/types\/product"}],"replies":[{"embeddable":true,"href":"https:\/\/avecobaggie.com\/it\/wp-json\/wp\/v2\/comments?post=3948"}],"wp:featuredmedia":[{"embeddable":true,"href":"https:\/\/avecobaggie.com\/it\/wp-json\/wp\/v2\/media\/3949"}],"wp:attachment":[{"href":"https:\/\/avecobaggie.com\/it\/wp-json\/wp\/v2\/media?parent=3948"}],"wp:term":[{"taxonomy":"product_brand","embeddable":true,"href":"https:\/\/avecobaggie.com\/it\/wp-json\/wp\/v2\/product_brand?post=3948"},{"taxonomy":"product_cat","embeddable":true,"href":"https:\/\/avecobaggie.com\/it\/wp-json\/wp\/v2\/product_cat?post=3948"},{"taxonomy":"product_tag","embeddable":true,"href":"https:\/\/avecobaggie.com\/it\/wp-json\/wp\/v2\/product_tag?post=3948"}],"curies":[{"name":"wp","href":"https:\/\/api.w.org\/{rel}","templated":true}]}}