{"id":3961,"date":"2021-06-30T16:31:17","date_gmt":"2021-06-30T08:31:17","guid":{"rendered":"https:\/\/avecobaggie.com\/?post_type=product&#038;p=3961"},"modified":"2021-07-01T15:02:03","modified_gmt":"2021-07-01T07:02:03","slug":"business-stylish-office-backpack-for-man","status":"publish","type":"product","link":"https:\/\/avecobaggie.com\/it\/product\/business-stylish-office-backpack-for-man\/","title":{"rendered":"Zaino da ufficio elegante per uomo"},"content":{"rendered":"<p>Aveco fornisce principalmente borse ecologiche personalizzate con un servizio one stop shop. Abbiamo anche alcune forme base di borse per un facile inizio, come elencato sul sito web di\u00a0\u00a0<a href=\"https:\/\/avecobaggie.com\/it\/product-category\/bags-in-stock\/\"> Borse in stock <\/a>. la maggior parte dei sacchetti in stock sono vuoti senza stampa, quindi \u00e8 pi\u00f9 facile per voi realizzare un logo o un'etichetta privata per i vostri clienti senza un minimo di spesa.<\/p>\n<p><span class=\"Apple-converted-space\">\u00a0 \u00a0Se volete personalizzare queste borse ecologiche, \u00e8 anche facile, alcune di esse sono anche a bassissimo costo. <\/span>MOQ per superfici personalizzate. Soprattutto il cotone o la borsa di tela \u00e8 estremamente basso a 100 pezzi o anche meno per sostenere i principianti, andare a <a href=\"https:\/\/avecobaggie.com\/it\/custom-solutions\/\"><strong>SOLUZIONI PERSONALIZZATE<\/strong><\/a> per saperne di pi\u00f9 sulle fasi delle borse personalizzate.<\/p>\n<p>The Extra Large Dupont Backpack Is made of TYVEK fabric:<span style=\"font-family: Arial;\">\u00a0il nome commerciale di un materiale non tessuto sviluppato da DuPont, con il quale viene fornita una famiglia di tessuti resistenti e di lunga durata, dall'aspetto simile alla carta.<\/span><\/p>\n<h3 class=\"p1\"><span style=\"color: #333333;\">Caratteristiche del prodotto\u00a0<\/span><\/h3>\n<ul>\n<li><strong>Stile della borsa<\/strong>: Business Backpack for men<\/li>\n<li><strong>Tipo di materiale<\/strong>: Tyvek, \u00e8 durevole, molto difficile da strappare, ed \u00e8 impermeabile. anche leggero, ed \u00e8 molto facile da piegare. il materiale stesso se eco-friendly.<\/li>\n<li><strong>Materiale Colore<\/strong>: Colore marrone naturale o altro colore personalizzato<\/li>\n<li><strong>Dimensioni della borsa<\/strong>: 26X33X13CM\uff08 list with popular size, we accept customized size bag \uff09<\/li>\n<li><strong>Area di stampa<\/strong>: vuoto, 1 colore | 2 colori | pi\u00f9 colori| Stampa completa, stampa su un solo lato o su due lati<\/li>\n<li><strong>Istruzioni per la cura<\/strong>: Si consiglia il lavaggio a mano, ma anche in lavatrice, appendere ad asciugare.<\/li>\n<li><span class=\"a-list-item\">Bello e resistente:<\/span><span style=\"font-family: Arial;\">mantiene resistenza e flessibilit\u00e0 a -75 \u00b0C. Inizia a restringersi a 118 \u00b0C e si scioglie a 135 \u00b0C. Pu\u00f2 essere lavato in lavatrice.<\/span><\/li>\n<\/ul>\n<p>&nbsp;<\/p>","protected":false},"excerpt":{"rendered":"<p><strong><span data-spm-anchor-id=\"2114.12057483.0.i27.78455ac5eyqclA\">Lavabile, non si strappa, impermeabile e ultraleggero.<\/span><\/strong><\/p>","protected":false},"featured_media":3962,"comment_status":"open","ping_status":"closed","template":"","meta":{"_seopress_robots_primary_cat":"none","_seopress_titles_title":"","_seopress_titles_desc":"","_seopress_robots_index":""},"product_brand":[],"product_cat":[98,103,108,109],"product_tag":[136],"class_list":{"0":"post-3961","1":"product","2":"type-product","3":"status-publish","4":"has-post-thumbnail","6":"product_cat-backpack-bag","7":"product_cat-other-fabric-bag","8":"product_cat-work-school","9":"product_cat-everyday","10":"product_tag-dupont-bag","12":"first","13":"instock","14":"taxable","15":"shipping-taxable","16":"product-type-simple"},"_links":{"self":[{"href":"https:\/\/avecobaggie.com\/it\/wp-json\/wp\/v2\/product\/3961","targetHints":{"allow":["GET"]}}],"collection":[{"href":"https:\/\/avecobaggie.com\/it\/wp-json\/wp\/v2\/product"}],"about":[{"href":"https:\/\/avecobaggie.com\/it\/wp-json\/wp\/v2\/types\/product"}],"replies":[{"embeddable":true,"href":"https:\/\/avecobaggie.com\/it\/wp-json\/wp\/v2\/comments?post=3961"}],"wp:featuredmedia":[{"embeddable":true,"href":"https:\/\/avecobaggie.com\/it\/wp-json\/wp\/v2\/media\/3962"}],"wp:attachment":[{"href":"https:\/\/avecobaggie.com\/it\/wp-json\/wp\/v2\/media?parent=3961"}],"wp:term":[{"taxonomy":"product_brand","embeddable":true,"href":"https:\/\/avecobaggie.com\/it\/wp-json\/wp\/v2\/product_brand?post=3961"},{"taxonomy":"product_cat","embeddable":true,"href":"https:\/\/avecobaggie.com\/it\/wp-json\/wp\/v2\/product_cat?post=3961"},{"taxonomy":"product_tag","embeddable":true,"href":"https:\/\/avecobaggie.com\/it\/wp-json\/wp\/v2\/product_tag?post=3961"}],"curies":[{"name":"wp","href":"https:\/\/api.w.org\/{rel}","templated":true}]}}