{"id":397,"date":"2021-02-01T16:10:34","date_gmt":"2021-02-01T08:10:34","guid":{"rendered":"https:\/\/avecobaggie.com\/?post_type=product&#038;p=397"},"modified":"2025-04-25T15:16:32","modified_gmt":"2025-04-25T07:16:32","slug":"cotton-mesh-produce-bag","status":"publish","type":"product","link":"https:\/\/avecobaggie.com\/it\/product\/cotton-mesh-produce-bag\/","title":{"rendered":"Sacchetto per prodotti in rete di cotone riutilizzabile"},"content":{"rendered":"<p>Aveco fornisce principalmente borse ecologiche personalizzate con un servizio one stop shop. Le nostre borse sono durevoli, di alta qualit\u00e0 e convenienti per soddisfare diversi scopi.<\/p>\n<p>I sacchetti di prodotti in rete riutilizzabili sono realizzati in cotone 100%, che \u00e8 privo di inquinamento, compostabile e molto amichevole per l'ambiente. Ogni sacchetto \u00e8 ben cucito con doppia impuntura, che pu\u00f2 sopportare pesi elevati.<\/p>\n<p>Le borse sono vendute normalmente in un fascio, con 3pcs, 6 pcs o 9pcs in un insieme, dimensione da S, M, L (8X10\u2033, 10X12\u2033, 12X14\u2033), ogni borsa con un'etichetta della tara e il vostro logo se necessario. altre dimensioni possono anche essere personalizzate se richiesto.<\/p>\n<p>I sacchetti sono estremamente elastici, resistenti e molto robusti e possono trasportare pi\u00f9 della loro dimensione. Sono facili da pulire, assolutamente sicuri in lavastoviglie e riutilizzabili.<\/p>\n<p>Queste borse sono state progettate per essere multifunzionali: possono essere utilizzate per conservare la verdura e la frutta nel frigorifero, ma anche per i capi delicati del bucato, per le piccole attrezzature sportive, per le gite in spiaggia, per i vestiti della palestra, per i pranzi scolastici, per i giocattoli, per le forniture dell'ufficio, per i viaggi in campeggio, per i viaggi in macchina e praticamente per qualsiasi forma di organizzazione domestica che si possa immaginare.<\/p>\n<p>CARATTERISTICHE DEL PRODOTTO<\/p>\n<ul>\n<li><strong>Stile della borsa<\/strong>: Sacchetto per prodotti in maglia di cotone<\/li>\n<li><strong>Tipo di materiale<\/strong>: Tessuto di cotone 100%<\/li>\n<li><strong>Materiale Colore<\/strong>: Naturale<\/li>\n<li><strong>Dimensioni della borsa<\/strong>: S, M, L (8X10\u2033, 10X12\u2033, 12X14\u2033) (elenco con dimensioni standard, accettiamo la borsa di dimensioni personalizzate)<\/li>\n<li><strong>Area di stampa<\/strong>: Normalmente la borsa \u00e8 in rete con l'etichetta della tara sul lato e pu\u00f2 anche essere cucita al centro con un logo di dimensioni maggiori.<\/li>\n<li><strong>Chiusura<\/strong>: Coulisse con chiusura finale in plastica, metallo o altro.<\/li>\n<li><strong>Istruzioni per la cura<\/strong>: Si consiglia il lavaggio a mano, ma anche in lavatrice, appendere ad asciugare.<\/li>\n<\/ul>\n<p><strong>Note: Per il tessuto di cotone, ci sar\u00e0 un leggero restringimento dopo il lavaggio.<\/strong><\/p>\n<p>&nbsp;<\/p>\n<p>&nbsp;<\/p>","protected":false},"excerpt":{"rendered":"<p>Realizzati in cotone biologico 100%, i nostri sacchetti per prodotti in rete riutilizzabili sono a spreco zero, privi di piombo, BPA e mercurio, completamente biodegradabili.<\/p>","protected":false},"featured_media":398,"comment_status":"closed","ping_status":"closed","template":"","meta":{"_seopress_robots_primary_cat":"none","_seopress_titles_title":"","_seopress_titles_desc":"","_seopress_robots_index":""},"product_brand":[185],"product_cat":[188,96,109],"product_tag":[],"class_list":{"0":"post-397","1":"product","2":"type-product","3":"status-publish","4":"has-post-thumbnail","6":"product_brand-avecobaggie","7":"product_cat-custom-canvas-bag","8":"product_cat-mesh-bag","9":"product_cat-everyday","11":"first","12":"instock","13":"taxable","14":"shipping-taxable","15":"product-type-simple"},"_links":{"self":[{"href":"https:\/\/avecobaggie.com\/it\/wp-json\/wp\/v2\/product\/397","targetHints":{"allow":["GET"]}}],"collection":[{"href":"https:\/\/avecobaggie.com\/it\/wp-json\/wp\/v2\/product"}],"about":[{"href":"https:\/\/avecobaggie.com\/it\/wp-json\/wp\/v2\/types\/product"}],"replies":[{"embeddable":true,"href":"https:\/\/avecobaggie.com\/it\/wp-json\/wp\/v2\/comments?post=397"}],"wp:featuredmedia":[{"embeddable":true,"href":"https:\/\/avecobaggie.com\/it\/wp-json\/wp\/v2\/media\/398"}],"wp:attachment":[{"href":"https:\/\/avecobaggie.com\/it\/wp-json\/wp\/v2\/media?parent=397"}],"wp:term":[{"taxonomy":"product_brand","embeddable":true,"href":"https:\/\/avecobaggie.com\/it\/wp-json\/wp\/v2\/product_brand?post=397"},{"taxonomy":"product_cat","embeddable":true,"href":"https:\/\/avecobaggie.com\/it\/wp-json\/wp\/v2\/product_cat?post=397"},{"taxonomy":"product_tag","embeddable":true,"href":"https:\/\/avecobaggie.com\/it\/wp-json\/wp\/v2\/product_tag?post=397"}],"curies":[{"name":"wp","href":"https:\/\/api.w.org\/{rel}","templated":true}]}}