{"id":3970,"date":"2021-06-30T17:10:12","date_gmt":"2021-06-30T09:10:12","guid":{"rendered":"https:\/\/avecobaggie.com\/?post_type=product&#038;p=3970"},"modified":"2021-06-30T18:09:39","modified_gmt":"2021-06-30T10:09:39","slug":"dupont-tyvek-small-cool-lunch-bags-for-adults","status":"publish","type":"product","link":"https:\/\/avecobaggie.com\/it\/product\/dupont-tyvek-small-cool-lunch-bags-for-adults\/","title":{"rendered":"Dupont Tyvek: piccole borse da pranzo fresche per adulti"},"content":{"rendered":"<p>Aveco Company \u00e8 specializzata in borse in materiale ecologico come borse in tela di cotone, borse in mussola, borse in iuta, borse in tessuto non tessuto, ecc. Tutte le borse possono essere personalizzate o su misura con le vostre richieste. Offriamo un servizio di soluzione one stop shop dal sourcing del materiale fino alla spedizione. Le borse sono durevoli, di alta qualit\u00e0 e convenienti per soddisfare diversi scopi, possiamo servire le vostre esigenze di massa con un MOQ abbastanza basso e una consegna veloce.<\/p>\n<p>CARATTERISTICHE DEL PRODOTTO<\/p>\n<ul>\n<li><strong>Stile della borsa<\/strong>: borsa da pranzo insultata<\/li>\n<li><strong>Tipo di materiale<\/strong>: Dupont + Foglio di alluminio<\/li>\n<li><strong>Materiale Colore<\/strong>: Marrone o altro colore personalizzato<\/li>\n<li><strong>Dimensioni della borsa<\/strong>: 21X16X13CM (elenco con dimensioni standard, accettiamo la borsa di dimensioni personalizzate \uff09<\/li>\n<li><strong>Area di stampa<\/strong>: 1 colore | 2 colori | pi\u00f9 colori| Stampa completa, stampa su un lato o su due lati<\/li>\n<li><strong>Chiusura<\/strong>: Con cerniera<\/li>\n<li><strong>Istruzioni per la cura<\/strong>: Si consiglia il lavaggio a mano, ma anche in lavatrice, appendere ad asciugare.<\/li>\n<\/ul>","protected":false},"excerpt":{"rendered":"<p>Questo sacchetto di pranzo insultato \u00e8 adatto per le donne, con cerniera, e pu\u00f2 andare bene nella scatola di pranzo tiffin, la borsa pu\u00f2 anche stampare logo o modello.<\/p>","protected":false},"featured_media":3972,"comment_status":"open","ping_status":"closed","template":"","meta":{"_seopress_robots_primary_cat":"none","_seopress_titles_title":"%%post_title%% %%sep%% %%sitetitle%%","_seopress_titles_desc":"","_seopress_robots_index":""},"product_brand":[],"product_cat":[30,108],"product_tag":[],"class_list":{"0":"post-3970","1":"product","2":"type-product","3":"status-publish","4":"has-post-thumbnail","6":"product_cat-cooler-bag","7":"product_cat-work-school","9":"first","10":"instock","11":"taxable","12":"shipping-taxable","13":"product-type-simple"},"_links":{"self":[{"href":"https:\/\/avecobaggie.com\/it\/wp-json\/wp\/v2\/product\/3970","targetHints":{"allow":["GET"]}}],"collection":[{"href":"https:\/\/avecobaggie.com\/it\/wp-json\/wp\/v2\/product"}],"about":[{"href":"https:\/\/avecobaggie.com\/it\/wp-json\/wp\/v2\/types\/product"}],"replies":[{"embeddable":true,"href":"https:\/\/avecobaggie.com\/it\/wp-json\/wp\/v2\/comments?post=3970"}],"wp:featuredmedia":[{"embeddable":true,"href":"https:\/\/avecobaggie.com\/it\/wp-json\/wp\/v2\/media\/3972"}],"wp:attachment":[{"href":"https:\/\/avecobaggie.com\/it\/wp-json\/wp\/v2\/media?parent=3970"}],"wp:term":[{"taxonomy":"product_brand","embeddable":true,"href":"https:\/\/avecobaggie.com\/it\/wp-json\/wp\/v2\/product_brand?post=3970"},{"taxonomy":"product_cat","embeddable":true,"href":"https:\/\/avecobaggie.com\/it\/wp-json\/wp\/v2\/product_cat?post=3970"},{"taxonomy":"product_tag","embeddable":true,"href":"https:\/\/avecobaggie.com\/it\/wp-json\/wp\/v2\/product_tag?post=3970"}],"curies":[{"name":"wp","href":"https:\/\/api.w.org\/{rel}","templated":true}]}}