{"id":4727,"date":"2021-10-15T14:43:58","date_gmt":"2021-10-15T06:43:58","guid":{"rendered":"https:\/\/avecobaggie.com\/?post_type=product&#038;p=4727"},"modified":"2022-09-05T11:02:32","modified_gmt":"2022-09-05T03:02:32","slug":"black-nylon-non-woven-bag","status":"publish","type":"product","link":"https:\/\/avecobaggie.com\/it\/product\/black-nylon-non-woven-bag\/","title":{"rendered":"Borsa in nylon non tessuto nero"},"content":{"rendered":"<p>Vi \u00e8 capitato di sentirvi infastiditi quando siete in giro a fare shopping per piccole cose ma non avete una borsa adatta da prendere?<br \/>\nLa borsa standard \u00e8 troppo grande per 2 patate, ma nessuna borsa pu\u00f2 contenere patate a portata di mano.<br \/>\nPerch\u00e9 non inserire i sacchetti in nylon non tessuto nella borsa di tutti i giorni?<br \/>\n\u00c8 pieghevole e leggero e pu\u00f2 essere riposto nella borsa da trasporto se non \u00e8 necessario.<br \/>\nA causa del materiale e del processo di produzione, il prezzo dei sacchi in tessuto non tessuto sar\u00e0 inferiore a quello dei sacchi in cotone naturale, lino e iuta.<br \/>\nCome borsa della spesa, pu\u00f2 essere venduta in combinazione, ad esempio 10 pezzi o 20 pezzi con informazioni diverse per aiutare gli utenti a riconoscerla.<\/p>\n<p>&nbsp;<\/p>\n<p>&nbsp;<\/p>\n<p>CARATTERISTICHE DEL PRODOTTO<\/p>\n<ul>\n<li><strong>Stile della borsa<\/strong>: Borsa in nylon non tessuto<\/li>\n<li><strong>Tipo di materiale<\/strong>: tessuto non tessuto da 65 gsm<\/li>\n<li><strong>Materiale Colore<\/strong>: Nero, possiamo personalizzare altri colori pantone<\/li>\n<li><strong>Dimensioni della borsa<\/strong>: 30X20CM (elenco con dimensioni standard, accettiamo la borsa di dimensioni personalizzate).<\/li>\n<li><strong>Area di stampa<\/strong>: 1 colore | 2 colori | pi\u00f9 colori| Stampa completa, stampa su un lato o su due lati<\/li>\n<li><strong>Istruzioni per la cura<\/strong>: Lavare solo a mano.<\/li>\n<\/ul>","protected":false},"excerpt":{"rendered":"<p>Il sacchetto pieghevole in nylon non tessuto ha la stessa forma del sacchetto di nylon in plastica,<br \/>\nma \u00e8 riutilizzabile, riciclabile e degradabile.<\/p>","protected":false},"featured_media":4728,"comment_status":"open","ping_status":"closed","template":"","meta":{"_seopress_robots_primary_cat":"none","_seopress_titles_title":"Black nylon non-woven bag","_seopress_titles_desc":"","_seopress_robots_index":""},"product_brand":[],"product_cat":[29,105,109],"product_tag":[139],"class_list":{"0":"post-4727","1":"product","2":"type-product","3":"status-publish","4":"has-post-thumbnail","6":"product_cat-tote-bag","7":"product_cat-non-woven-bag","8":"product_cat-everyday","9":"product_tag-non-woven-bag","11":"first","12":"instock","13":"taxable","14":"shipping-taxable","15":"product-type-simple"},"_links":{"self":[{"href":"https:\/\/avecobaggie.com\/it\/wp-json\/wp\/v2\/product\/4727","targetHints":{"allow":["GET"]}}],"collection":[{"href":"https:\/\/avecobaggie.com\/it\/wp-json\/wp\/v2\/product"}],"about":[{"href":"https:\/\/avecobaggie.com\/it\/wp-json\/wp\/v2\/types\/product"}],"replies":[{"embeddable":true,"href":"https:\/\/avecobaggie.com\/it\/wp-json\/wp\/v2\/comments?post=4727"}],"wp:featuredmedia":[{"embeddable":true,"href":"https:\/\/avecobaggie.com\/it\/wp-json\/wp\/v2\/media\/4728"}],"wp:attachment":[{"href":"https:\/\/avecobaggie.com\/it\/wp-json\/wp\/v2\/media?parent=4727"}],"wp:term":[{"taxonomy":"product_brand","embeddable":true,"href":"https:\/\/avecobaggie.com\/it\/wp-json\/wp\/v2\/product_brand?post=4727"},{"taxonomy":"product_cat","embeddable":true,"href":"https:\/\/avecobaggie.com\/it\/wp-json\/wp\/v2\/product_cat?post=4727"},{"taxonomy":"product_tag","embeddable":true,"href":"https:\/\/avecobaggie.com\/it\/wp-json\/wp\/v2\/product_tag?post=4727"}],"curies":[{"name":"wp","href":"https:\/\/api.w.org\/{rel}","templated":true}]}}