{"id":7671,"date":"2023-02-14T16:58:29","date_gmt":"2023-02-14T08:58:29","guid":{"rendered":"https:\/\/avecobaggie.com\/?post_type=product&#038;p=7671"},"modified":"2023-03-20T10:29:36","modified_gmt":"2023-03-20T02:29:36","slug":"solid-color-can-be-customized-size-logo-environmental-friendly-canvas-bag","status":"publish","type":"product","link":"https:\/\/avecobaggie.com\/it\/product\/solid-color-can-be-customized-size-logo-environmental-friendly-canvas-bag\/","title":{"rendered":"Solid color can be customized size logo environmental friendly canvas bag"},"content":{"rendered":"<p>Aveco \u00e8 in grado di personalizzare e vendere all'ingrosso borse di tela con un servizio di soluzione unica. Abbiamo anche alcune forme di base di borse per un facile inizio come elencato sul sito web di\u00a0\u00a0<a href=\"https:\/\/avecobaggie.com\/it\/product-category\/bags-in-stock\/\"> Borse in stock <\/a>. la maggior parte dei sacchetti in stock sono vuoti senza stampa, quindi \u00e8 pi\u00f9 facile per voi realizzare un logo o un'etichetta privata per i vostri clienti senza un minimo di spesa.<\/p>\n<p><span class=\"Apple-converted-space\">\u00a0 \u00a0 Se volete personalizzare queste borse ecologiche, \u00e8 anche facile, alcune di esse sono anche a bassissimo costo. <\/span>MOQ per superfici personalizzate. Soprattutto il cotone o la borsa di tela \u00e8 estremamente basso a 100 pezzi o anche meno per sostenere i principianti, andare a <a href=\"https:\/\/avecobaggie.com\/it\/custom-solutions\/\"><strong>SOLUZIONI PERSONALIZZATE<\/strong><\/a> per saperne di pi\u00f9 sulle fasi delle borse personalizzate.<\/p>\n<h4 class=\"p1\"><span style=\"color: #333333;\">Caratteristiche del prodotto<\/span><\/h4>\n<ul>\n<li><strong>Stile della borsa<\/strong>: Totes<\/li>\n<li><strong>Tipo di materiale<\/strong>: Tela<\/li>\n<li><strong>Materiale Peso<\/strong>:5oz\/6oz\/8oz\/10oz\/12oz \/14oz\/16oz possiamo anche fare altri spessori secondo la vostra richiesta, <a href=\"https:\/\/avecobaggie.com\/it\/custom-solutions\/\">Fare clic per vedere la tabella dei pesi dei tessuti, <\/a>filo spesso, compreso il punto croce sul manico per garantire la massima solidit\u00e0.<\/li>\n<li><strong>Materiale Colore<\/strong>: Beige naturale<\/li>\n<li><strong>Dimensioni della borsa<\/strong>34*40*10CM \/45*35*10CM (elenco con dimensioni standard, accettiamo borse di dimensioni personalizzate).<\/li>\n<li><strong>Area di stampa<\/strong>: 1 colore | 2 colori | pi\u00f9 colori| Stampa completa, stampa su un lato o su due lati<\/li>\n<\/ul>\n<h4 class=\"a-spacing-mini\">Multiuso<\/h4>\n<p>La borsa pu\u00f2 essere completamente vuota, senza stampe o loghi, se si vuole vendere una borsa di tela vuota per il fai-da-te, ottima per progetti di pittura e decorazione a casa, a scuola, in campeggio o per attivit\u00e0 di beneficenza. \u00c8 anche possibile unire la borsa con gli strumenti di pittura in un pacchetto da vendere.<\/p>\n<p>Un altro modo di fare bricolage \u00e8 quello di vendere all'ingrosso un pacchetto di carta vinilica per il trasferimento di calore da stirare, in modo da poter trasferire bene sulla borsa.<\/p>\n<p>Oltre agli scopi del fai-da-te, \u00e8 anche possibile personalizzare un logo o un modello con il produttore direttamente per espandere la consapevolezza del marchio, la borsa \u00e8 ottima per il trasporto quotidiano, la scuola, il lavoro, la spiaggia, il picnic, la festa, la palestra, la biblioteca, i regali di compleanno, le fiere, la conferenza, i regali di Natale, il matrimonio e i vari eventi.<\/p>\n<h4 class=\"a-spacing-mini\">Grande capacit\u00e0<\/h4>\n<p>La borsa pu\u00f2 contenere circa 20 litri e trasportare pi\u00f9 di 50 libbre. La maniglia lunga e larga \u00e8 un ottimo modo per alleviare i dolori muscolari, e sar\u00e0 comodo tenerla in mano o sulla spalla.Le cinghie possono essere personalizzate con le vostre richieste, la dimensione normale \u00e8 di 75CM di lunghezza.<\/p>\n<h4 class=\"a-spacing-mini\">Produzione eccellente<\/h4>\n<p>Con pi\u00f9 di 10 anni di esperienza di cucito per i lavoratori, possiamo controllare la tolleranza di dimensione di +\/-1\u2033, il team di gestione eccellente avr\u00e0 un controllo rigoroso e seguire in tutto il process.Each borsa sar\u00e0 rigorosamente ispezionato prima della spedizione, indipendentemente piccolo o big.we sono impegnati a portare le migliori borse di tela di valore tote ai nostri clienti.<\/p>\n<h4 class=\"a-spacing-mini\">Avviso di lavaggio<\/h4>\n<p>si consiglia di lavare a mano in acqua fredda o in lavatrice e di stirare ad alta temperatura dopo l'asciugatura naturale.<\/p>\n<p><strong>Note: Per il tessuto di cotone, ci sar\u00e0 un leggero restringimento dopo il lavaggio.<\/strong><\/p>\n<p>&nbsp;<\/p>","protected":false},"excerpt":{"rendered":"<p>Introducing our customizable solid color canvas bag, designed with both style and sustainability in mind. Made from environmentally friendly materials, this canvas bag is perfect for carrying your essentials while reducing your carbon footprint.<\/p>\n<p>With its solid color design, this canvas bag is versatile enough to match any outfit and can be<em class=\"Highlight\"> personalizzato <\/em>with your own unique logo. Plus, the bag is available in a range of sizes to fit all your needs.<em class=\"Highlight\"> personalizzato <\/em>with your own unique logo.<\/p>","protected":false},"featured_media":7677,"comment_status":"open","ping_status":"closed","template":"","meta":{"_seopress_robots_primary_cat":"none","_seopress_titles_title":"Custom Canvas Tote Bag With Pockets - Fast Proof-Free Sample  ","_seopress_titles_desc":"Canvas Tote Bag with pockets outside and reinforced straps,Durable and eco friendly.10+ years experience make the neat sewing and reputed quality.","_seopress_robots_index":""},"product_brand":[],"product_cat":[29,102,108,110],"product_tag":[],"class_list":{"0":"post-7671","1":"product","2":"type-product","3":"status-publish","4":"has-post-thumbnail","6":"product_cat-tote-bag","7":"product_cat-cotton-canvas-bag","8":"product_cat-work-school","9":"product_cat-travel","11":"first","12":"instock","13":"taxable","14":"shipping-taxable","15":"product-type-simple"},"_links":{"self":[{"href":"https:\/\/avecobaggie.com\/it\/wp-json\/wp\/v2\/product\/7671","targetHints":{"allow":["GET"]}}],"collection":[{"href":"https:\/\/avecobaggie.com\/it\/wp-json\/wp\/v2\/product"}],"about":[{"href":"https:\/\/avecobaggie.com\/it\/wp-json\/wp\/v2\/types\/product"}],"replies":[{"embeddable":true,"href":"https:\/\/avecobaggie.com\/it\/wp-json\/wp\/v2\/comments?post=7671"}],"wp:featuredmedia":[{"embeddable":true,"href":"https:\/\/avecobaggie.com\/it\/wp-json\/wp\/v2\/media\/7677"}],"wp:attachment":[{"href":"https:\/\/avecobaggie.com\/it\/wp-json\/wp\/v2\/media?parent=7671"}],"wp:term":[{"taxonomy":"product_brand","embeddable":true,"href":"https:\/\/avecobaggie.com\/it\/wp-json\/wp\/v2\/product_brand?post=7671"},{"taxonomy":"product_cat","embeddable":true,"href":"https:\/\/avecobaggie.com\/it\/wp-json\/wp\/v2\/product_cat?post=7671"},{"taxonomy":"product_tag","embeddable":true,"href":"https:\/\/avecobaggie.com\/it\/wp-json\/wp\/v2\/product_tag?post=7671"}],"curies":[{"name":"wp","href":"https:\/\/api.w.org\/{rel}","templated":true}]}}