{"id":2919,"date":"2021-03-25T14:13:34","date_gmt":"2021-03-25T06:13:34","guid":{"rendered":"https:\/\/avecobaggie.com\/?page_id=2919"},"modified":"2022-01-26T09:31:51","modified_gmt":"2022-01-26T01:31:51","slug":"terms-of-service","status":"publish","type":"page","link":"https:\/\/avecobaggie.com\/pt\/terms-of-service\/","title":{"rendered":"Terms of Service"},"content":{"rendered":"<div data-elementor-type=\"wp-page\" data-elementor-id=\"2919\" class=\"elementor elementor-2919\" data-elementor-post-type=\"page\">\n\t\t\t\t\t\t<section class=\"elementor-section elementor-top-section elementor-element elementor-element-dbb61f0 elementor-section-boxed elementor-section-height-default elementor-section-height-default\" data-id=\"dbb61f0\" data-element_type=\"section\">\n\t\t\t\t\t\t<div class=\"elementor-container elementor-column-gap-default\">\n\t\t\t\t\t<div class=\"elementor-column elementor-col-100 elementor-top-column elementor-element elementor-element-28acde3\" data-id=\"28acde3\" data-element_type=\"column\">\n\t\t\t<div class=\"elementor-widget-wrap elementor-element-populated\">\n\t\t\t\t\t\t<div class=\"elementor-element elementor-element-09b42ff elementor-widget elementor-widget-heading\" data-id=\"09b42ff\" data-element_type=\"widget\" data-widget_type=\"heading.default\">\n\t\t\t\t<div class=\"elementor-widget-container\">\n\t\t\t\t\t<h1 class=\"elementor-heading-title elementor-size-default\">Termos do servi\u00e7o<\/h1>\t\t\t\t<\/div>\n\t\t\t\t<\/div>\n\t\t\t\t\t<\/div>\n\t\t<\/div>\n\t\t\t\t\t<\/div>\n\t\t<\/section>\n\t\t\t\t<section class=\"elementor-section elementor-top-section elementor-element elementor-element-a493d90 elementor-section-boxed elementor-section-height-default elementor-section-height-default\" data-id=\"a493d90\" data-element_type=\"section\">\n\t\t\t\t\t\t<div class=\"elementor-container elementor-column-gap-default\">\n\t\t\t\t\t<div class=\"elementor-column elementor-col-100 elementor-top-column elementor-element elementor-element-0bdda54\" data-id=\"0bdda54\" data-element_type=\"column\">\n\t\t\t<div class=\"elementor-widget-wrap elementor-element-populated\">\n\t\t\t\t\t\t<div class=\"elementor-element elementor-element-c8579ac elementor-widget elementor-widget-text-editor\" data-id=\"c8579ac\" data-element_type=\"widget\" data-widget_type=\"text-editor.default\">\n\t\t\t\t<div class=\"elementor-widget-container\">\n\t\t\t\t\t\t\t\t\t<h3>1. Condi\u00e7\u00f5es<\/h3><p>Acedendo ao s\u00edtio Web em\u00a0<a href=\"https:\/\/avecobaggie.com\/pt\/\">https:\/\/avecobaggie.com\/<\/a>Ao aceder ao site, o utilizador concorda em ficar vinculado \u00e0s presentes condi\u00e7\u00f5es de servi\u00e7o, a todas as leis e regulamentos aplic\u00e1veis e concorda que \u00e9 respons\u00e1vel pelo cumprimento de quaisquer leis locais aplic\u00e1veis. Se o utilizador n\u00e3o concordar com qualquer um destes termos, est\u00e1 proibido de utilizar ou aceder a este s\u00edtio. Os materiais contidos neste s\u00edtio Web est\u00e3o protegidos pela legisla\u00e7\u00e3o aplic\u00e1vel em mat\u00e9ria de direitos de autor e marcas comerciais.<\/p><h3>2. Licen\u00e7a de utiliza\u00e7\u00e3o<\/h3><ol type=\"a\"><li>\u00c9 concedida permiss\u00e3o para descarregar temporariamente uma c\u00f3pia dos materiais (informa\u00e7\u00e3o ou software) no s\u00edtio Web da Avecobaggie apenas para visualiza\u00e7\u00e3o transit\u00f3ria pessoal e n\u00e3o comercial. Esta \u00e9 a concess\u00e3o de uma licen\u00e7a, n\u00e3o uma transfer\u00eancia de t\u00edtulo, e sob esta licen\u00e7a voc\u00ea n\u00e3o pode:<ol type=\"i\"><li>modificar ou copiar os materiais;<\/li><li>utilizar os materiais para qualquer fim comercial ou para qualquer apresenta\u00e7\u00e3o p\u00fablica (comercial ou n\u00e3o comercial);<\/li><li>tentar descompilar ou fazer engenharia inversa de qualquer software contido no s\u00edtio Web da Avecobaggie;<\/li><li>remover quaisquer direitos de autor ou outras nota\u00e7\u00f5es de propriedade dos materiais; ou<\/li><li>transferir os materiais para outra pessoa ou \"espelhar\" os materiais em qualquer outro servidor.<\/li><\/ol><\/li><li>Esta licen\u00e7a terminar\u00e1 automaticamente se violar qualquer uma destas restri\u00e7\u00f5es e pode ser terminada pela Avecobaggie em qualquer altura. Ap\u00f3s terminar a visualiza\u00e7\u00e3o destes materiais ou ap\u00f3s o t\u00e9rmino desta licen\u00e7a, dever\u00e1 destruir todos os materiais descarregados na sua posse, quer em formato eletr\u00f3nico ou impresso.<\/li><\/ol><h3>3. Isen\u00e7\u00e3o de responsabilidade<\/h3><ol type=\"a\"><li>Os materiais no s\u00edtio Web da Avecobaggie s\u00e3o fornecidos numa base \"tal como est\u00e1\". A Avecobaggie n\u00e3o d\u00e1 garantias, expressas ou impl\u00edcitas, e por este meio renuncia e nega todas as outras garantias, incluindo, sem limita\u00e7\u00e3o, garantias impl\u00edcitas ou condi\u00e7\u00f5es de comercializa\u00e7\u00e3o, adequa\u00e7\u00e3o a um determinado fim, ou n\u00e3o-infra\u00e7\u00e3o de propriedade intelectual ou outra viola\u00e7\u00e3o de direitos.<\/li><li>Al\u00e9m disso, a Avecobaggie n\u00e3o garante nem faz quaisquer representa\u00e7\u00f5es relativamente \u00e0 exatid\u00e3o, resultados prov\u00e1veis ou fiabilidade da utiliza\u00e7\u00e3o dos materiais no seu s\u00edtio Web ou de outra forma relacionados com esses materiais ou em quaisquer s\u00edtios ligados a este s\u00edtio.<\/li><\/ol><h3>4. Limita\u00e7\u00f5es<\/h3><p>Em nenhuma circunst\u00e2ncia a Avecobaggie ou os seus fornecedores ser\u00e3o respons\u00e1veis por quaisquer danos (incluindo, sem limita\u00e7\u00e3o, danos por perda de dados ou lucros, ou devido a interrup\u00e7\u00e3o de neg\u00f3cios) decorrentes do uso ou incapacidade de usar os materiais no site da Avecobaggie, mesmo que a Avecobaggie ou um representante autorizado da Avecobaggie tenha sido notificado oralmente ou por escrito da possibilidade de tais danos. Como algumas jurisdi\u00e7\u00f5es n\u00e3o permitem limita\u00e7\u00f5es nas garantias impl\u00edcitas, ou limita\u00e7\u00f5es de responsabilidade por danos consequentes ou incidentais, estas limita\u00e7\u00f5es podem n\u00e3o se aplicar a si.<\/p><h3>5. Exatid\u00e3o dos materiais<\/h3><p>Os materiais que aparecem no s\u00edtio Web da Avecobaggie podem incluir erros t\u00e9cnicos, tipogr\u00e1ficos ou fotogr\u00e1ficos. A Avecobaggie n\u00e3o garante que qualquer dos materiais no seu s\u00edtio Web seja exato, completo ou atual. A Avecobaggie pode efetuar altera\u00e7\u00f5es aos materiais contidos no seu s\u00edtio Web em qualquer altura sem aviso pr\u00e9vio. No entanto, a Avecobaggie n\u00e3o se compromete a atualizar os materiais.<\/p><h3>6. Liga\u00e7\u00f5es<\/h3><p>A Avecobaggie n\u00e3o analisou todos os s\u00edtios ligados ao seu s\u00edtio Web e n\u00e3o \u00e9 respons\u00e1vel pelo conte\u00fado de nenhum desses s\u00edtios ligados. A inclus\u00e3o de qualquer liga\u00e7\u00e3o n\u00e3o implica a aprova\u00e7\u00e3o do site pela Avecobaggie. A utiliza\u00e7\u00e3o de qualquer site ligado \u00e9 feita por conta e risco do utilizador.<\/p><h3>7. Modifica\u00e7\u00f5es<\/h3><p>A Avecobaggie pode rever estes termos de servi\u00e7o do seu s\u00edtio Web em qualquer altura sem aviso pr\u00e9vio. Ao utilizar este s\u00edtio Web, est\u00e1 a concordar em ficar vinculado \u00e0 vers\u00e3o ent\u00e3o em vigor destes termos de servi\u00e7o.<\/p><h3>8. Direito aplic\u00e1vel<\/h3><p>Estes termos e condi\u00e7\u00f5es s\u00e3o regidos e interpretados de acordo com as leis da China e o utilizador submete-se irrevogavelmente \u00e0 jurisdi\u00e7\u00e3o exclusiva dos tribunais desse Estado ou localidade.<\/p>\t\t\t\t\t\t\t\t<\/div>\n\t\t\t\t<\/div>\n\t\t\t\t\t<\/div>\n\t\t<\/div>\n\t\t\t\t\t<\/div>\n\t\t<\/section>\n\t\t\t\t<\/div>","protected":false},"excerpt":{"rendered":"<p>Terms Of Sevice 1. Terms By accessing the website at&nbsp;https:\/\/avecobaggie.com\/, you are agreeing to be bound by these terms of service, all applicable laws and regulations, and agree that you are responsible for compliance with any applicable local laws. If you do not agree with any of these terms, you are prohibited from using or [&hellip;]<\/p>","protected":false},"author":1,"featured_media":0,"parent":0,"menu_order":0,"comment_status":"closed","ping_status":"closed","template":"","meta":{"_seopress_robots_primary_cat":"","_seopress_titles_title":"Avecobaggie - Terms Of Service","_seopress_titles_desc":"Terms of Service listed all the service we can provide you by the law.To provide you with protection","_seopress_robots_index":"","footnotes":""},"class_list":["post-2919","page","type-page","status-publish","hentry"],"_links":{"self":[{"href":"https:\/\/avecobaggie.com\/pt\/wp-json\/wp\/v2\/pages\/2919","targetHints":{"allow":["GET"]}}],"collection":[{"href":"https:\/\/avecobaggie.com\/pt\/wp-json\/wp\/v2\/pages"}],"about":[{"href":"https:\/\/avecobaggie.com\/pt\/wp-json\/wp\/v2\/types\/page"}],"author":[{"embeddable":true,"href":"https:\/\/avecobaggie.com\/pt\/wp-json\/wp\/v2\/users\/1"}],"replies":[{"embeddable":true,"href":"https:\/\/avecobaggie.com\/pt\/wp-json\/wp\/v2\/comments?post=2919"}],"version-history":[{"count":5,"href":"https:\/\/avecobaggie.com\/pt\/wp-json\/wp\/v2\/pages\/2919\/revisions"}],"predecessor-version":[{"id":5518,"href":"https:\/\/avecobaggie.com\/pt\/wp-json\/wp\/v2\/pages\/2919\/revisions\/5518"}],"wp:attachment":[{"href":"https:\/\/avecobaggie.com\/pt\/wp-json\/wp\/v2\/media?parent=2919"}],"curies":[{"name":"wp","href":"https:\/\/api.w.org\/{rel}","templated":true}]}}