{"id":3,"date":"2021-01-21T02:27:21","date_gmt":"2021-01-20T18:27:21","guid":{"rendered":"https:\/\/avecobaggie.com\/?page_id=3"},"modified":"2021-03-22T14:28:19","modified_gmt":"2021-03-22T06:28:19","slug":"privacy-policy","status":"publish","type":"page","link":"https:\/\/avecobaggie.com\/pt\/privacy-policy\/","title":{"rendered":"Pol\u00edtica de privacidade"},"content":{"rendered":"<div data-elementor-type=\"wp-page\" data-elementor-id=\"3\" class=\"elementor elementor-3\" data-elementor-post-type=\"page\">\n\t\t\t\t\t\t<section class=\"elementor-section elementor-top-section elementor-element elementor-element-6ba50808 elementor-section-boxed elementor-section-height-default elementor-section-height-default\" data-id=\"6ba50808\" data-element_type=\"section\">\n\t\t\t\t\t\t<div class=\"elementor-container elementor-column-gap-default\">\n\t\t\t\t\t<div class=\"elementor-column elementor-col-100 elementor-top-column elementor-element elementor-element-606b6e94\" data-id=\"606b6e94\" data-element_type=\"column\">\n\t\t\t<div class=\"elementor-widget-wrap elementor-element-populated\">\n\t\t\t\t\t\t<div class=\"elementor-element elementor-element-66e639b5 elementor-widget elementor-widget-text-editor\" data-id=\"66e639b5\" data-element_type=\"widget\" data-widget_type=\"text-editor.default\">\n\t\t\t\t<div class=\"elementor-widget-container\">\n\t\t\t\t\t\t\t\t\t\n<h1 id=\"headline-9-3\" class=\"ct-headline wp-block-heading\" style=\"text-align: center;\"><span id=\"span-10-3\" class=\"ct-span\">Aviso de privacidade da Avecobaggie<\/span><\/h1>\n<p>\u00a0<\/p>\n<p>A sua privacidade \u00e9 importante para n\u00f3s. \u00c9 pol\u00edtica da AVECOBAGGIE respeitar a sua privacidade em rela\u00e7\u00e3o a qualquer informa\u00e7\u00e3o sua que possamos recolher no nosso site, <a href=\"https:\/\/avecobaggie.com\/pt\/\">https:\/\/avecobaggie.com<\/a>e outros s\u00edtios que possu\u00edmos e operamos.<\/p>\n<p>S\u00f3 pedimos informa\u00e7\u00f5es pessoais quando realmente precisamos delas para lhe prestar um servi\u00e7o. Recolhemo-las por meios justos e legais, com o seu conhecimento e consentimento. Tamb\u00e9m o informamos da raz\u00e3o pela qual as estamos a recolher e da forma como ser\u00e3o utilizadas.<\/p>\n<p>Apenas retemos as informa\u00e7\u00f5es recolhidas durante o tempo necess\u00e1rio para lhe fornecer o servi\u00e7o solicitado. Os dados que armazenamos s\u00e3o protegidos por meios comercialmente aceit\u00e1veis para evitar perdas e roubos, bem como acesso n\u00e3o autorizado, divulga\u00e7\u00e3o, c\u00f3pia, utiliza\u00e7\u00e3o ou modifica\u00e7\u00e3o.<\/p>\n<p>N\u00e3o partilhamos quaisquer informa\u00e7\u00f5es de identifica\u00e7\u00e3o pessoal publicamente ou com terceiros, exceto quando exigido por lei.<\/p>\n<p>O nosso s\u00edtio Web pode ter liga\u00e7\u00f5es a s\u00edtios externos que n\u00e3o s\u00e3o operados por n\u00f3s. Tenha em aten\u00e7\u00e3o que n\u00e3o temos qualquer controlo sobre o conte\u00fado e as pr\u00e1ticas desses s\u00edtios e n\u00e3o podemos aceitar a responsabilidade pelas respectivas pol\u00edticas de privacidade.<\/p>\n<p>O utilizador tem a liberdade de recusar o nosso pedido de informa\u00e7\u00f5es pessoais, tendo em conta que poderemos n\u00e3o conseguir fornecer-lhe alguns dos servi\u00e7os que deseja.<\/p>\n<p>A utiliza\u00e7\u00e3o continuada do nosso s\u00edtio Web ser\u00e1 considerada como uma aceita\u00e7\u00e3o das nossas pr\u00e1ticas em mat\u00e9ria de privacidade e informa\u00e7\u00f5es pessoais. Se tiver alguma d\u00favida sobre a forma como tratamos os dados do utilizador e as informa\u00e7\u00f5es pessoais, n\u00e3o hesite em contactar-nos.<\/p>\n<p>Esta pol\u00edtica entra em vigor a partir de 22 de janeiro de 2021.<\/p>\n\n<h3>\u00a0<\/h3>\n\t\t\t\t\t\t\t\t<\/div>\n\t\t\t\t<\/div>\n\t\t\t\t\t<\/div>\n\t\t<\/div>\n\t\t\t\t\t<\/div>\n\t\t<\/section>\n\t\t\t\t<\/div>","protected":false},"excerpt":{"rendered":"<p>Avecobaggie Privacy Notice \u00a0 Your privacy is important to us. It is AVECOBAGGIE&#8217;s policy to respect your privacy regarding any information we may collect from you across our website, https:\/\/avecobaggie.com, and other sites we own and operate. We only ask for personal information when we truly need it to provide a service to you. We [&hellip;]<\/p>","protected":false},"author":1,"featured_media":0,"parent":0,"menu_order":0,"comment_status":"closed","ping_status":"closed","template":"","meta":{"_seopress_robots_primary_cat":"","_seopress_titles_title":"Avecobaggie-Privacy","_seopress_titles_desc":"Your privacy is more important to us .It is avecobaggie&#039;s policy to respect your privacy regarding any information we collect from you from our website","_seopress_robots_index":"","footnotes":""},"class_list":["post-3","page","type-page","status-publish","hentry"],"_links":{"self":[{"href":"https:\/\/avecobaggie.com\/pt\/wp-json\/wp\/v2\/pages\/3","targetHints":{"allow":["GET"]}}],"collection":[{"href":"https:\/\/avecobaggie.com\/pt\/wp-json\/wp\/v2\/pages"}],"about":[{"href":"https:\/\/avecobaggie.com\/pt\/wp-json\/wp\/v2\/types\/page"}],"author":[{"embeddable":true,"href":"https:\/\/avecobaggie.com\/pt\/wp-json\/wp\/v2\/users\/1"}],"replies":[{"embeddable":true,"href":"https:\/\/avecobaggie.com\/pt\/wp-json\/wp\/v2\/comments?post=3"}],"version-history":[{"count":5,"href":"https:\/\/avecobaggie.com\/pt\/wp-json\/wp\/v2\/pages\/3\/revisions"}],"predecessor-version":[{"id":2792,"href":"https:\/\/avecobaggie.com\/pt\/wp-json\/wp\/v2\/pages\/3\/revisions\/2792"}],"wp:attachment":[{"href":"https:\/\/avecobaggie.com\/pt\/wp-json\/wp\/v2\/media?parent=3"}],"curies":[{"name":"wp","href":"https:\/\/api.w.org\/{rel}","templated":true}]}}