{"id":10122,"date":"2025-04-30T16:44:20","date_gmt":"2025-04-30T08:44:20","guid":{"rendered":"https:\/\/avecobaggie.com\/?post_type=product&#038;p=10122"},"modified":"2025-05-12T17:12:54","modified_gmt":"2025-05-12T09:12:54","slug":"12oz-large-woman-canvas-tote-bag-with-floral-design-prints","status":"publish","type":"product","link":"https:\/\/avecobaggie.com\/pt\/produto\/12oz-large-woman-canvas-tote-bag-with-floral-design-prints\/","title":{"rendered":"Saco de lona grande de 12 oz para mulher com estampados de design floral"},"content":{"rendered":"<p><strong>Saco de lona de 12 oz de grande capacidade<\/strong> concebido para oferecer divers\u00e3o e funcionalidade, perfeito para empresas, grossistas e compradores personalizados que procuram um produto dur\u00e1vel e apelativo. As principais carater\u00edsticas incluem:<\/p>\n\n\n\n<ul class=\"wp-block-list\">\n<li><strong>Material de lona natural de 12 oz dur\u00e1vel<\/strong>A sua estrutura \u00e9 resistente, mas leve, para uma utiliza\u00e7\u00e3o intensiva.<\/li>\n\n\n\n<li><strong>Impress\u00e3o digital vibrante<\/strong> num estilo l\u00fadico de banda desenhada, fazendo com que o saco se destaque e apele a um p\u00fablico que gosta de divers\u00e3o.<\/li>\n\n\n\n<li><strong>Pegas em lona azul<\/strong>que proporciona uma ader\u00eancia confort\u00e1vel e um contraste elegante com o tecido de lona natural.<\/li>\n\n\n\n<li><strong>Grande capacidade<\/strong>, capaz de transportar entre <strong>10-13kg<\/strong>A sua capacidade de carga \u00e9 de 1,5 litros, o que a torna perfeita para mercearias, livros, compras ou materiais promocionais.<\/li>\n\n\n\n<li><strong>Sem estrutura inferior ou lateral<\/strong>A sua forma \u00e9 flex\u00edvel, garantindo ao mesmo tempo que o saco mant\u00e9m a sua forma com cargas mais leves.<\/li>\n\n\n\n<li><strong>Dimens\u00f5es compactas de 32,5x24CM<\/strong>A caixa de transporte, ideal para uso di\u00e1rio ou para fins comerciais, oferece muita arruma\u00e7\u00e3o sem ser demasiado volumosa.<\/li>\n<\/ul>\n\n\n\n<p>Este saco \u00e9 perfeito para empresas que procuram uma op\u00e7\u00e3o atraente e ecol\u00f3gica para venda a retalho ou brindes, com muito espa\u00e7o para transportar uma variedade de artigos com estilo.<\/p>\n\n\n\n<p><strong>Op\u00e7\u00f5es de personaliza\u00e7\u00e3o<\/strong>: Se pretender personalizar o design, as cores ou acrescentar um log\u00f3tipo, oferecemos op\u00e7\u00f5es de personaliza\u00e7\u00e3o completas. Desde diferentes impress\u00f5es a v\u00e1rios estilos de pegas, podemos criar o saco perfeito para as necessidades da sua marca.<\/p>\n\n\n\n<p><strong>Resumo<\/strong>:<br>Quer prefira este design vibrante de banda desenhada ou precise de algo mais personalizado, podemos ajud\u00e1-lo a criar um saco personalizado que reflicta a identidade da sua marca. Contacte-nos hoje para come\u00e7ar a criar os seus sacos ecol\u00f3gicos!<\/p>\n\n\n\n<p class=\"has-text-align-center\"><a href=\"https:\/\/avecobaggie.com\/pt\/whats-the-difference-between-cotton-bag-or-canvas-bag\/\">Algod\u00e3o Vs Lona<\/a><\/p>\n\n\n\n<figure class=\"wp-block-table\"><table class=\"has-fixed-layout\"><tbody><tr><td><\/td><td><strong>Algod\u00e3o<\/strong><strong><\/strong><\/td><td><strong>Tela<\/strong><strong><\/strong><\/td><\/tr><tr><td><strong>Material<\/strong><strong><\/strong><\/td><td>normalmente 100% algod\u00e3o<\/td><td>normalmente 35%alh\u00e3o ou c\u00e2nhamo, 65%poli\u00e9ster (tamb\u00e9m pode ser 100% algod\u00e3o)<\/td><\/tr><tr><td><strong>Fio de tecelagem<\/strong><strong><\/strong><\/td><td>fio simples de urdidura e trama<\/td><td>Mais de 2 fios de urdidura e de trama, com aspeto mais espesso<\/td><\/tr><tr><td><strong>M\u00e9todo de tecelagem<\/strong><strong><\/strong><\/td><td>Tecido liso ou em sarja<\/td><td>Principalmente tecido liso<\/td><\/tr><tr><td><strong>Textura do tecido<\/strong><strong><\/strong><\/td><td>pequenas manchas na superf\u00edcie que s\u00e3o de facto as sementes naturais<\/td><td>Sem manchas, mais \u00e1spero que o algod\u00e3o<\/td><\/tr><tr><td><strong>Peso:<\/strong><strong><\/strong><\/td><td>pode ser encerado para ser imperme\u00e1vel, pode ser semi-branqueado ou totalmente branqueado<\/td><td>acima de 8oz, para a mesma espessura, a lona \u00e9 mais barata, tamb\u00e9m pode carregar mais peso<\/td><\/tr><tr><td>De finas 4 oz a grossas 16 oz, leves, \u00e9 melhor escolher algod\u00e3o<\/td><td>Mais sustent\u00e1vel e 100% biodegrad\u00e1vel<\/td><td>sustent\u00e1vel, mas n\u00e3o totalmente biodegrad\u00e1vel<\/td><\/tr><tr><td><strong>\u00c0 prova de \u00e1gua<\/strong><strong><\/strong><\/td><td>N\u00e3o \u00e9 \u00e0 prova de \u00e1gua se n\u00e3o for laminado \uff0c pode ser semi-branqueado ou totalmente branqueado<\/td><td>Acima de 8 oz, para a mesma espessura, a lona \u00e9 mais barata, podendo tamb\u00e9m carregar mais peso<\/td><\/tr><tr><td><strong>Respirabilidade<\/strong><strong><\/strong><\/td><td>Suave e com excelente respirabilidade<\/td><td>grosso e menos ventilado, adequado para sacos estereotipados<\/td><\/tr><tr><td><strong>Capacidade de impress\u00e3o<\/strong><strong><\/strong><\/td><td>para impress\u00e3o por transfer\u00eancia t\u00e9rmica n\u00e3o \u00e9 t\u00e3o bom como a tela<\/td><td>Quase compat\u00edvel com todos os m\u00e9todos de impress\u00e3o, o desenho aparecer\u00e1 lindamente<\/td><\/tr><tr><td><strong>Cuidados de lavagem<\/strong><strong><\/strong><\/td><td>encolher\u00e1 de 2% para 5% ap\u00f3s a lavagem<\/td><td>Encolhimento inferior a 100%. Algod\u00e3o<\/td><\/tr><tr><td><strong>Durabilidade<\/strong><strong><\/strong><\/td><td>f\u00e1cil de enrugar e deformar, f\u00e1cil de colar o cabelo<\/td><td>Suja-se facilmente e deforma-se,<\/td><\/tr><tr><td><strong>Aplica\u00e7\u00e3o:<\/strong><strong><\/strong><\/td><td>saco de algod\u00e3o com cord\u00e3o de tamanho pequeno, saco de produtos, saco de embalagem de alimentos, sacos de algod\u00e3o leves, etc<\/td><td>saco de compras, saco de mercearia, saco resistente, saco de lona, saco de desporto, saco di\u00e1rio, etc<\/td><\/tr><\/tbody><\/table><\/figure>","protected":false},"excerpt":{"rendered":"<p><strong>Impress\u00e3o digital floral | Pegas azuis | Grande capacidade\u00a0<\/strong><\/p>","protected":false},"featured_media":8750,"comment_status":"open","ping_status":"closed","template":"","meta":{"_seopress_robots_primary_cat":"none","_seopress_titles_title":"Custom Large Capacity 12oz Canvas Tote Bag with Floral Print","_seopress_titles_desc":"Spacious 12oz canvas tote with vibrant cartoon design, blue handles, and high weight capacity (10-13kg).Get custom offer Now!","_seopress_robots_index":""},"product_brand":[185],"product_cat":[188,29],"product_tag":[122],"class_list":{"0":"post-10122","1":"product","2":"type-product","3":"status-publish","4":"has-post-thumbnail","6":"product_brand-avecobaggie","7":"product_cat-custom-canvas-bag","8":"product_cat-tote-bag","9":"product_tag-canvas-bag","11":"first","12":"instock","13":"taxable","14":"shipping-taxable","15":"product-type-simple"},"_links":{"self":[{"href":"https:\/\/avecobaggie.com\/pt\/wp-json\/wp\/v2\/product\/10122","targetHints":{"allow":["GET"]}}],"collection":[{"href":"https:\/\/avecobaggie.com\/pt\/wp-json\/wp\/v2\/product"}],"about":[{"href":"https:\/\/avecobaggie.com\/pt\/wp-json\/wp\/v2\/types\/product"}],"replies":[{"embeddable":true,"href":"https:\/\/avecobaggie.com\/pt\/wp-json\/wp\/v2\/comments?post=10122"}],"wp:featuredmedia":[{"embeddable":true,"href":"https:\/\/avecobaggie.com\/pt\/wp-json\/wp\/v2\/media\/8750"}],"wp:attachment":[{"href":"https:\/\/avecobaggie.com\/pt\/wp-json\/wp\/v2\/media?parent=10122"}],"wp:term":[{"taxonomy":"product_brand","embeddable":true,"href":"https:\/\/avecobaggie.com\/pt\/wp-json\/wp\/v2\/product_brand?post=10122"},{"taxonomy":"product_cat","embeddable":true,"href":"https:\/\/avecobaggie.com\/pt\/wp-json\/wp\/v2\/product_cat?post=10122"},{"taxonomy":"product_tag","embeddable":true,"href":"https:\/\/avecobaggie.com\/pt\/wp-json\/wp\/v2\/product_tag?post=10122"}],"curies":[{"name":"wp","href":"https:\/\/api.w.org\/{rel}","templated":true}]}}