{"id":10140,"date":"2025-05-06T13:58:07","date_gmt":"2025-05-06T05:58:07","guid":{"rendered":"https:\/\/avecobaggie.com\/?post_type=product&#038;p=10140"},"modified":"2026-01-09T11:49:57","modified_gmt":"2026-01-09T03:49:57","slug":"custom-16oz-cotton-tote-bag-black-polka-dots","status":"publish","type":"product","link":"https:\/\/avecobaggie.com\/pt\/produto\/custom-16oz-cotton-tote-bag-black-polka-dots\/","title":{"rendered":"Custom 16oz Cotton Black Polka Dots Tote Bag"},"content":{"rendered":"<p><strong>Premium Material &amp; Design<\/strong><br> &nbsp;<strong>16oz Cotton Canvas<\/strong>&nbsp;\u2013 Durable tight weave, naturally biodegradable, develops soft patina over time.<br> &nbsp;<strong>Timeless Aesthetic<\/strong>&nbsp;\u2013 Neutral base with black polka dots for versatile styling across seasons.<\/p>\n\n\n\n<p><strong>Functional Details<\/strong><br> &nbsp;<strong>Metal Snap Closure<\/strong>&nbsp;\u2013 Rust-proof alloy clasp secures contents during commutes or campus activities.<br> &nbsp;<strong>Structured Base<\/strong>&nbsp;\u2013 6cm depth holds shape for laptops, books, or lunch containers.<br> &nbsp;<strong>Ergonomic Handles<\/strong>&nbsp;\u2013 25cm black cotton straps fit comfortably over shoulders.<\/p>\n\n\n\n<p><strong>Custom Branding Options<\/strong><br> &nbsp;<strong>Print Flexibility<\/strong>:<\/p>\n\n\n\n<ul class=\"wp-block-list\">\n<li><strong>Polka Dot Variations<\/strong>: Adjust dot size (5-15mm) and spacing<\/li>\n\n\n\n<li><strong>Logo Integration<\/strong>: Screen\/digital\/sublimation print over dots<\/li>\n\n\n\n<li><strong>Contrast Accents<\/strong>: Add colored stitching or edge binding<\/li>\n<\/ul>\n\n\n\n<p><strong>Multi-Scenario Use<\/strong><br> &nbsp;<strong>Campus Life<\/strong>: Lightweight 8oz version for notebooks and stationery.<br> &nbsp;<strong>Office Commute<\/strong>: 16oz fabric fits 13&#8243; laptops + documents securely.<br> &nbsp;<strong>Branded Gifting<\/strong>: Print QR codes linking to loyalty programs or event details.<\/p>\n\n\n\n<p><strong>Op\u00e7\u00f5es de personaliza\u00e7\u00e3o<\/strong>: Se pretender personalizar o design, as cores ou acrescentar um log\u00f3tipo, oferecemos op\u00e7\u00f5es de personaliza\u00e7\u00e3o completas. Desde diferentes impress\u00f5es a v\u00e1rios estilos de pegas, podemos criar o saco perfeito para as necessidades da sua marca.<\/p>\n\n\n\n<p><strong>Resumo<\/strong>:<br>Quer prefira este design vibrante de banda desenhada ou precise de algo mais personalizado, podemos ajud\u00e1-lo a criar um saco personalizado que reflicta a identidade da sua marca. Contacte-nos hoje para come\u00e7ar a criar os seus sacos ecol\u00f3gicos!<\/p>\n\n\n\n<p class=\"has-text-align-center\"><a href=\"https:\/\/avecobaggie.com\/pt\/whats-the-difference-between-cotton-bag-or-canvas-bag\/\">Algod\u00e3o Vs Lona<\/a><\/p>\n\n\n\n<figure class=\"wp-block-table\"><table class=\"has-fixed-layout\"><tbody><tr><td><\/td><td><strong>Algod\u00e3o<\/strong><strong><\/strong><\/td><td><strong>Tela<\/strong><strong><\/strong><\/td><\/tr><tr><td><strong>Material<\/strong><strong><\/strong><\/td><td>normalmente 100% algod\u00e3o<\/td><td>normalmente 35%alh\u00e3o ou c\u00e2nhamo, 65%poli\u00e9ster (tamb\u00e9m pode ser 100% algod\u00e3o)<\/td><\/tr><tr><td><strong>Fio de tecelagem<\/strong><strong><\/strong><\/td><td>fio simples de urdidura e trama<\/td><td>Mais de 2 fios de urdidura e de trama, com aspeto mais espesso<\/td><\/tr><tr><td><strong>M\u00e9todo de tecelagem<\/strong><strong><\/strong><\/td><td>Tecido liso ou em sarja<\/td><td>Principalmente tecido liso<\/td><\/tr><tr><td><strong>Textura do tecido<\/strong><strong><\/strong><\/td><td>pequenas manchas na superf\u00edcie que s\u00e3o de facto as sementes naturais<\/td><td>Sem manchas, mais \u00e1spero que o algod\u00e3o<\/td><\/tr><tr><td><strong>Peso:<\/strong><strong><\/strong><\/td><td>pode ser encerado para ser imperme\u00e1vel, pode ser semi-branqueado ou totalmente branqueado<\/td><td>acima de 8oz, para a mesma espessura, a lona \u00e9 mais barata, tamb\u00e9m pode carregar mais peso<\/td><\/tr><tr><td>De finas 4 oz a grossas 16 oz, leves, \u00e9 melhor escolher algod\u00e3o<\/td><td>Mais sustent\u00e1vel e 100% biodegrad\u00e1vel<\/td><td>sustent\u00e1vel, mas n\u00e3o totalmente biodegrad\u00e1vel<\/td><\/tr><tr><td><strong>\u00c0 prova de \u00e1gua<\/strong><strong><\/strong><\/td><td>N\u00e3o \u00e9 \u00e0 prova de \u00e1gua se n\u00e3o for laminado \uff0c pode ser semi-branqueado ou totalmente branqueado<\/td><td>Acima de 8 oz, para a mesma espessura, a lona \u00e9 mais barata, podendo tamb\u00e9m carregar mais peso<\/td><\/tr><tr><td><strong>Respirabilidade<\/strong><strong><\/strong><\/td><td>Suave e com excelente respirabilidade<\/td><td>grosso e menos ventilado, adequado para sacos estereotipados<\/td><\/tr><tr><td><strong>Capacidade de impress\u00e3o<\/strong><strong><\/strong><\/td><td>para impress\u00e3o por transfer\u00eancia t\u00e9rmica n\u00e3o \u00e9 t\u00e3o bom como a tela<\/td><td>Quase compat\u00edvel com todos os m\u00e9todos de impress\u00e3o, o desenho aparecer\u00e1 lindamente<\/td><\/tr><tr><td><strong>Cuidados de lavagem<\/strong><strong><\/strong><\/td><td>encolher\u00e1 de 2% para 5% ap\u00f3s a lavagem<\/td><td>Encolhimento inferior a 100%. Algod\u00e3o<\/td><\/tr><tr><td><strong>Durabilidade<\/strong><strong><\/strong><\/td><td>f\u00e1cil de enrugar e deformar, f\u00e1cil de colar o cabelo<\/td><td>Suja-se facilmente e deforma-se,<\/td><\/tr><tr><td><strong>Aplica\u00e7\u00e3o:<\/strong><strong><\/strong><\/td><td>saco de algod\u00e3o com cord\u00e3o de tamanho pequeno, saco de produtos, saco de embalagem de alimentos, sacos de algod\u00e3o leves, etc<\/td><td>saco de compras, saco de mercearia, saco resistente, saco de lona, saco de desporto, saco di\u00e1rio, etc<\/td><\/tr><\/tbody><\/table><\/figure>","protected":false},"excerpt":{"rendered":"<p><strong>28x31x6cm | Metal Snap Closure | Custom Printing | 8-16oz Fabric | MOQ 500<\/strong><\/p>","protected":false},"featured_media":10145,"comment_status":"open","ping_status":"closed","template":"","meta":{"_seopress_robots_primary_cat":"none","_seopress_titles_title":"Korean-Style Cotton Canvas Tote Bags | Custom Polka Dot Design | Bulk Orders","_seopress_titles_desc":"Chic 28x31x6cm cotton tote bag with black polka dots. Metal snap closure, 8-16oz fabric options. MOQ 500 for schools, offices, and promotional campaigns.","_seopress_robots_index":""},"product_brand":[185],"product_cat":[188,29],"product_tag":[122],"class_list":{"0":"post-10140","1":"product","2":"type-product","3":"status-publish","4":"has-post-thumbnail","6":"product_brand-avecobaggie","7":"product_cat-custom-canvas-bag","8":"product_cat-tote-bag","9":"product_tag-canvas-bag","11":"first","12":"instock","13":"taxable","14":"shipping-taxable","15":"product-type-simple"},"_links":{"self":[{"href":"https:\/\/avecobaggie.com\/pt\/wp-json\/wp\/v2\/product\/10140","targetHints":{"allow":["GET"]}}],"collection":[{"href":"https:\/\/avecobaggie.com\/pt\/wp-json\/wp\/v2\/product"}],"about":[{"href":"https:\/\/avecobaggie.com\/pt\/wp-json\/wp\/v2\/types\/product"}],"replies":[{"embeddable":true,"href":"https:\/\/avecobaggie.com\/pt\/wp-json\/wp\/v2\/comments?post=10140"}],"wp:featuredmedia":[{"embeddable":true,"href":"https:\/\/avecobaggie.com\/pt\/wp-json\/wp\/v2\/media\/10145"}],"wp:attachment":[{"href":"https:\/\/avecobaggie.com\/pt\/wp-json\/wp\/v2\/media?parent=10140"}],"wp:term":[{"taxonomy":"product_brand","embeddable":true,"href":"https:\/\/avecobaggie.com\/pt\/wp-json\/wp\/v2\/product_brand?post=10140"},{"taxonomy":"product_cat","embeddable":true,"href":"https:\/\/avecobaggie.com\/pt\/wp-json\/wp\/v2\/product_cat?post=10140"},{"taxonomy":"product_tag","embeddable":true,"href":"https:\/\/avecobaggie.com\/pt\/wp-json\/wp\/v2\/product_tag?post=10140"}],"curies":[{"name":"wp","href":"https:\/\/api.w.org\/{rel}","templated":true}]}}