{"id":10160,"date":"2025-05-06T17:06:51","date_gmt":"2025-05-06T09:06:51","guid":{"rendered":"https:\/\/avecobaggie.com\/?post_type=product&#038;p=10160"},"modified":"2026-01-09T11:46:03","modified_gmt":"2026-01-09T03:46:03","slug":"japanese-cartoon-canvas-tote-bag-heavy-duty-custom","status":"publish","type":"product","link":"https:\/\/avecobaggie.com\/pt\/produto\/japanese-cartoon-canvas-tote-bag-heavy-duty-custom\/","title":{"rendered":"Cartoon Canvas Tote Bag | Heavy-Duty Custom"},"content":{"rendered":"<p><strong>Kawaii Culture Meets Utility<\/strong><br> \u00a0<strong>16oz Cotton Canvas<\/strong>\u00a0\u2013 Ultra-thick 12&#215;12 weave for 15kg+ loads (ideal for cosplay gear\/books).<\/p>\n\n\n\n<p><strong>Signature Design Elements<\/strong><br> &nbsp;<strong>Detachable Plush Charm<\/strong>&nbsp;\u2013 8cm mascot (30+ character options) with reinforced D-ring attachment.<br> &nbsp;<strong>Vibrant Printing<\/strong>&nbsp;\u2013 Full-wrap CMYK\/sublimation graphics with anti-crack coating for fold durability.<\/p>\n\n\n\n<p><strong>Functional Excellence<\/strong><br> &nbsp;<strong>Oversized Capacity<\/strong>&nbsp;\u2013 Fits A3 portfolios, gym shoes, or convention merchandise.<br> &nbsp;<strong>Secure Base<\/strong>&nbsp;\u2013 8cm flat bottom prevents tipping, even when overloaded.<\/p>\n\n\n\n<p><strong>Op\u00e7\u00f5es de personaliza\u00e7\u00e3o<\/strong>: Se pretender personalizar o design, as cores ou acrescentar um log\u00f3tipo, oferecemos op\u00e7\u00f5es de personaliza\u00e7\u00e3o completas. Desde diferentes impress\u00f5es a v\u00e1rios estilos de pegas, podemos criar o saco perfeito para as necessidades da sua marca.<\/p>\n\n\n\n<p><strong>Resumo<\/strong>:<br>Quer prefira este design vibrante de banda desenhada ou precise de algo mais personalizado, podemos ajud\u00e1-lo a criar um saco personalizado que reflicta a identidade da sua marca. Contacte-nos hoje para come\u00e7ar a criar os seus sacos ecol\u00f3gicos!<\/p>\n\n\n\n<p class=\"has-text-align-center\"><a href=\"https:\/\/avecobaggie.com\/pt\/whats-the-difference-between-cotton-bag-or-canvas-bag\/\">Algod\u00e3o Vs Lona<\/a><\/p>\n\n\n\n<figure class=\"wp-block-table\"><table class=\"has-fixed-layout\"><tbody><tr><td><\/td><td><strong>Algod\u00e3o<\/strong><strong><\/strong><\/td><td><strong>Tela<\/strong><strong><\/strong><\/td><\/tr><tr><td><strong>Material<\/strong><strong><\/strong><\/td><td>normalmente 100% algod\u00e3o<\/td><td>normalmente 35%alh\u00e3o ou c\u00e2nhamo, 65%poli\u00e9ster (tamb\u00e9m pode ser 100% algod\u00e3o)<\/td><\/tr><tr><td><strong>Fio de tecelagem<\/strong><strong><\/strong><\/td><td>fio simples de urdidura e trama<\/td><td>Mais de 2 fios de urdidura e de trama, com aspeto mais espesso<\/td><\/tr><tr><td><strong>M\u00e9todo de tecelagem<\/strong><strong><\/strong><\/td><td>Tecido liso ou em sarja<\/td><td>Principalmente tecido liso<\/td><\/tr><tr><td><strong>Textura do tecido<\/strong><strong><\/strong><\/td><td>pequenas manchas na superf\u00edcie que s\u00e3o de facto as sementes naturais<\/td><td>Sem manchas, mais \u00e1spero que o algod\u00e3o<\/td><\/tr><tr><td><strong>Peso:<\/strong><strong><\/strong><\/td><td>pode ser encerado para ser imperme\u00e1vel, pode ser semi-branqueado ou totalmente branqueado<\/td><td>acima de 8oz, para a mesma espessura, a lona \u00e9 mais barata, tamb\u00e9m pode carregar mais peso<\/td><\/tr><tr><td>De finas 4 oz a grossas 16 oz, leves, \u00e9 melhor escolher algod\u00e3o<\/td><td>Mais sustent\u00e1vel e 100% biodegrad\u00e1vel<\/td><td>sustent\u00e1vel, mas n\u00e3o totalmente biodegrad\u00e1vel<\/td><\/tr><tr><td><strong>\u00c0 prova de \u00e1gua<\/strong><strong><\/strong><\/td><td>N\u00e3o \u00e9 \u00e0 prova de \u00e1gua se n\u00e3o for laminado \uff0c pode ser semi-branqueado ou totalmente branqueado<\/td><td>Acima de 8 oz, para a mesma espessura, a lona \u00e9 mais barata, podendo tamb\u00e9m carregar mais peso<\/td><\/tr><tr><td><strong>Respirabilidade<\/strong><strong><\/strong><\/td><td>Suave e com excelente respirabilidade<\/td><td>grosso e menos ventilado, adequado para sacos estereotipados<\/td><\/tr><tr><td><strong>Capacidade de impress\u00e3o<\/strong><strong><\/strong><\/td><td>para impress\u00e3o por transfer\u00eancia t\u00e9rmica n\u00e3o \u00e9 t\u00e3o bom como a tela<\/td><td>Quase compat\u00edvel com todos os m\u00e9todos de impress\u00e3o, o desenho aparecer\u00e1 lindamente<\/td><\/tr><tr><td><strong>Cuidados de lavagem<\/strong><strong><\/strong><\/td><td>encolher\u00e1 de 2% para 5% ap\u00f3s a lavagem<\/td><td>Encolhimento inferior a 100%. Algod\u00e3o<\/td><\/tr><tr><td><strong>Durabilidade<\/strong><strong><\/strong><\/td><td>f\u00e1cil de enrugar e deformar, f\u00e1cil de colar o cabelo<\/td><td>Suja-se facilmente e deforma-se,<\/td><\/tr><tr><td><strong>Aplica\u00e7\u00e3o:<\/strong><strong><\/strong><\/td><td>saco de algod\u00e3o com cord\u00e3o de tamanho pequeno, saco de produtos, saco de embalagem de alimentos, sacos de algod\u00e3o leves, etc<\/td><td>saco de compras, saco de mercearia, saco resistente, saco de lona, saco de desporto, saco di\u00e1rio, etc<\/td><\/tr><\/tbody><\/table><\/figure>\n\n\n\n<p><\/p>","protected":false},"excerpt":{"rendered":"<p><strong>40x32x8cm Oversized Tote | Anime-Style Print\u00a0<\/strong><\/p>","protected":false},"featured_media":10161,"comment_status":"open","ping_status":"closed","template":"","meta":{"_seopress_robots_primary_cat":"none","_seopress_titles_title":"Custom Japanese Cartoon Tote Bags | 40x32x8cm | Bulk Anime & Kawaii Promotions","_seopress_titles_desc":"Charming 40x32x8cm canvas tote with anime prints and plush charm. 8-16oz fabric, bulk customizable. MOQ 500 for schools, conventions & retail.","_seopress_robots_index":""},"product_brand":[185],"product_cat":[188,29],"product_tag":[122],"class_list":{"0":"post-10160","1":"product","2":"type-product","3":"status-publish","4":"has-post-thumbnail","6":"product_brand-avecobaggie","7":"product_cat-custom-canvas-bag","8":"product_cat-tote-bag","9":"product_tag-canvas-bag","11":"first","12":"instock","13":"taxable","14":"shipping-taxable","15":"product-type-simple"},"_links":{"self":[{"href":"https:\/\/avecobaggie.com\/pt\/wp-json\/wp\/v2\/product\/10160","targetHints":{"allow":["GET"]}}],"collection":[{"href":"https:\/\/avecobaggie.com\/pt\/wp-json\/wp\/v2\/product"}],"about":[{"href":"https:\/\/avecobaggie.com\/pt\/wp-json\/wp\/v2\/types\/product"}],"replies":[{"embeddable":true,"href":"https:\/\/avecobaggie.com\/pt\/wp-json\/wp\/v2\/comments?post=10160"}],"wp:featuredmedia":[{"embeddable":true,"href":"https:\/\/avecobaggie.com\/pt\/wp-json\/wp\/v2\/media\/10161"}],"wp:attachment":[{"href":"https:\/\/avecobaggie.com\/pt\/wp-json\/wp\/v2\/media?parent=10160"}],"wp:term":[{"taxonomy":"product_brand","embeddable":true,"href":"https:\/\/avecobaggie.com\/pt\/wp-json\/wp\/v2\/product_brand?post=10160"},{"taxonomy":"product_cat","embeddable":true,"href":"https:\/\/avecobaggie.com\/pt\/wp-json\/wp\/v2\/product_cat?post=10160"},{"taxonomy":"product_tag","embeddable":true,"href":"https:\/\/avecobaggie.com\/pt\/wp-json\/wp\/v2\/product_tag?post=10160"}],"curies":[{"name":"wp","href":"https:\/\/api.w.org\/{rel}","templated":true}]}}