{"id":1024,"date":"2021-02-22T11:06:16","date_gmt":"2021-02-22T03:06:16","guid":{"rendered":"https:\/\/avecobaggie.com\/?post_type=product&#038;p=1024"},"modified":"2021-03-30T11:20:52","modified_gmt":"2021-03-30T03:20:52","slug":"custom-double-drawstring-linen-bagcustom-double-drawstring-cotton-bag","status":"publish","type":"product","link":"https:\/\/avecobaggie.com\/pt\/produto\/custom-double-drawstring-linen-bagcustom-double-drawstring-cotton-bag\/","title":{"rendered":"Saco de linho com cord\u00e3o duplo personalizado"},"content":{"rendered":"<p>A Aveco fornece principalmente sacos ecol\u00f3gicos personalizados com um servi\u00e7o de solu\u00e7\u00e3o de balc\u00e3o \u00fanico. Tamb\u00e9m temos algumas formas b\u00e1sicas de sacos para um in\u00edcio f\u00e1cil, conforme listado no s\u00edtio Web de\u00a0\u00a0<a href=\"https:\/\/avecobaggie.com\/pt\/categoria-produto\/bags-in-stock\/\"> Sacos em stock <\/a>. a maior parte dos sacos armazenados est\u00e3o em branco, sem qualquer impress\u00e3o, pelo que \u00e9 mais f\u00e1cil para si criar um log\u00f3tipo ou etiqueta privada para os seus clientes, sem qualquer m\u00ednimo.<\/p>\n<p><span class=\"Apple-converted-space\">\u00a0 \u00a0 Se quiser personalizar estes sacos ecol\u00f3gicos, tamb\u00e9m \u00e9 f\u00e1cil, alguns dos sacos s\u00e3o mesmo com pre\u00e7os extremamente baixos. <\/span>MOQ para superf\u00edcies personalizadas. Especialmente o saco de algod\u00e3o ou lona \u00e9 extremamente baixo, com 100 pe\u00e7as ou at\u00e9 menos para apoiar os iniciantes, v\u00e1 para <a href=\"https:\/\/avecobaggie.com\/pt\/custom-solutions\/\"><strong>SOLU\u00c7\u00d5ES PERSONALIZADAS<\/strong><\/a> para saber mais sobre as etapas dos sacos personalizados.<\/p>\n<p>&nbsp;<\/p>\n<p>This difference between linen and cotton is the linen fabric is loosen weaved, while the cotton weaved more tight.Below picture.<\/p>\n<p><img fetchpriority=\"high\" class=\"size-medium wp-image-2528 aligncenter\" src=\"https:\/\/avecobaggie.com\/wp-content\/uploads\/2021\/02\/cotton-linen-300x193.jpg\" alt=\"\" width=\"300\" height=\"193\" srcset=\"https:\/\/avecobaggie.com\/wp-content\/uploads\/2021\/02\/cotton-linen-300x193.jpg 300w, https:\/\/avecobaggie.com\/wp-content\/uploads\/2021\/02\/cotton-linen.jpg 498w\" sizes=\"(max-width: 300px) 100vw, 300px\" \/><\/p>\n<h3 class=\"p1\"><span style=\"color: #333333;\">\u00a0 \u00a0 Product Features for the Custom double drawstring linen bag<\/span><\/h3>\n<ul>\n<li><strong>Estilo do saco<\/strong>: Saco com cord\u00e3o<\/li>\n<li><strong>Tipo de material<\/strong>: Natural Linen<\/li>\n<li><strong>Material Peso<\/strong>: 6oz<\/li>\n<li><strong>Cor do material<\/strong>: Bege escuro, Bege claro<\/li>\n<li><strong>Tamanho do saco<\/strong>: 4 \u2033 W x 6 \u2033 H | 6 \u2033 W x 8 \u2033 H | 10 \u2033 W x 12 \u2033 H\uff08lista com tamanho popular, aceitamos saco de tamanho personalizado\uff09<\/li>\n<li><strong>\u00c1rea de impress\u00e3o<\/strong>: 1 cor | 2 cores | mais cores| Impress\u00e3o completa, impress\u00e3o de um lado ou dois lados<\/li>\n<li><strong>Encerramento<\/strong>: Cord\u00e3o<\/li>\n<li><strong>Instru\u00e7\u00f5es de manuten\u00e7\u00e3o<\/strong>: Recomenda-se a lavagem \u00e0 m\u00e3o, a lavagem \u00e0 m\u00e1quina tamb\u00e9m \u00e9 aceit\u00e1vel, pendurar a secar.<\/li>\n<\/ul>\n<p>&nbsp;<\/p>","protected":false},"excerpt":{"rendered":"<p>A bit rougher than 100% cotton bag, but durable and cheaper for the same size, suitable for grain, rice, beans packing, if you want to look for natural looking, drawstring linen bag is perfect<\/p>","protected":false},"featured_media":1643,"comment_status":"open","ping_status":"closed","template":"","meta":{"_seopress_robots_primary_cat":"none","_seopress_titles_title":"%%post_title%% %%sep%%Low MOQ %%sep%%Fast Shipping","_seopress_titles_desc":"Drawstring Linen Bag is a bit rougher than drawstring cotton bag, easy to print logo or pattern.MOQ 100Pieces,Fast Shipment.24 Hours service.","_seopress_robots_index":""},"product_brand":[],"product_cat":[92,103,111],"product_tag":[114,116,115],"class_list":{"0":"post-1024","1":"product","2":"type-product","3":"status-publish","4":"has-post-thumbnail","6":"product_cat-drawstring-bag","7":"product_cat-other-fabric-bag","8":"product_cat-promotional-events","9":"product_tag-cotton-bag","10":"product_tag-eco-friendly","11":"product_tag-promotional-bag","13":"first","14":"instock","15":"taxable","16":"shipping-taxable","17":"product-type-simple"},"_links":{"self":[{"href":"https:\/\/avecobaggie.com\/pt\/wp-json\/wp\/v2\/product\/1024","targetHints":{"allow":["GET"]}}],"collection":[{"href":"https:\/\/avecobaggie.com\/pt\/wp-json\/wp\/v2\/product"}],"about":[{"href":"https:\/\/avecobaggie.com\/pt\/wp-json\/wp\/v2\/types\/product"}],"replies":[{"embeddable":true,"href":"https:\/\/avecobaggie.com\/pt\/wp-json\/wp\/v2\/comments?post=1024"}],"wp:featuredmedia":[{"embeddable":true,"href":"https:\/\/avecobaggie.com\/pt\/wp-json\/wp\/v2\/media\/1643"}],"wp:attachment":[{"href":"https:\/\/avecobaggie.com\/pt\/wp-json\/wp\/v2\/media?parent=1024"}],"wp:term":[{"taxonomy":"product_brand","embeddable":true,"href":"https:\/\/avecobaggie.com\/pt\/wp-json\/wp\/v2\/product_brand?post=1024"},{"taxonomy":"product_cat","embeddable":true,"href":"https:\/\/avecobaggie.com\/pt\/wp-json\/wp\/v2\/product_cat?post=1024"},{"taxonomy":"product_tag","embeddable":true,"href":"https:\/\/avecobaggie.com\/pt\/wp-json\/wp\/v2\/product_tag?post=1024"}],"curies":[{"name":"wp","href":"https:\/\/api.w.org\/{rel}","templated":true}]}}