{"id":10273,"date":"2025-05-12T15:34:42","date_gmt":"2025-05-12T07:34:42","guid":{"rendered":"https:\/\/avecobaggie.com\/?post_type=product&#038;p=10273"},"modified":"2025-05-15T13:59:14","modified_gmt":"2025-05-15T05:59:14","slug":"cotton-business-suit-dust-cover-bag-foldable-customizable","status":"publish","type":"product","link":"https:\/\/avecobaggie.com\/pt\/produto\/cotton-business-suit-dust-cover-bag-foldable-customizable\/","title":{"rendered":"Saco de algod\u00e3o para prote\u00e7\u00e3o do p\u00f3 do fato de neg\u00f3cios | Dobr\u00e1vel e personaliz\u00e1vel"},"content":{"rendered":"<h3 class=\"wp-block-heading has-text-align-center\"><strong>Descri\u00e7\u00e3o da p\u00e1gina do produto<\/strong><\/h3>\n\n\n\n<p><strong>Prote\u00e7\u00e3o do vestu\u00e1rio com consci\u00eancia ecol\u00f3gica<\/strong><\/p>\n\n\n\n<ul class=\"wp-block-list\">\n<li><strong>100% algod\u00e3o respir\u00e1vel<\/strong>&nbsp;com&nbsp;<strong>orla de contraste verde<\/strong>&nbsp;assegura uma arruma\u00e7\u00e3o biodegrad\u00e1vel e n\u00e3o poluente para os tecidos.<\/li>\n\n\n\n<li><strong>Costuras com pesponto duplo<\/strong>&nbsp;refor\u00e7ar os pontos de tens\u00e3o para uma utiliza\u00e7\u00e3o comercial a longo prazo.<\/li>\n<\/ul>\n\n\n\n<p><strong>Design funcional intuitivo<\/strong><\/p>\n\n\n\n<ul class=\"wp-block-list\">\n<li><strong>Pegas duplas dobr\u00e1veis<\/strong>&nbsp;(em cima\/em baixo) permitem um transporte compacto ou&nbsp;<strong>suspens\u00e3o vertical<\/strong>&nbsp;em espa\u00e7os comerciais.<\/li>\n\n\n\n<li><strong>Fecho de mola met\u00e1lico seguro<\/strong>&nbsp;substitui os fechos de correr para um acesso r\u00e1pido e um funcionamento silencioso em ambientes silenciosos.<\/li>\n\n\n\n<li><strong>Constru\u00e7\u00e3o sem forro<\/strong>&nbsp;reduz o volume, mantendo a efic\u00e1cia da prote\u00e7\u00e3o contra o p\u00f3.<\/li>\n<\/ul>\n\n\n\n<p><strong>Potencial de personaliza\u00e7\u00e3o B2B<\/strong><\/p>\n\n\n\n<ul class=\"wp-block-list\">\n<li><strong>Personalize cores de acabamento, acabamentos de encaixe ou pesos de algod\u00e3o<\/strong>&nbsp;para se alinhar com as diretrizes da marca.<\/li>\n\n\n\n<li><strong>Adicionar bolsos interiores ou remendos com log\u00f3tipo<\/strong>&nbsp;para organiza\u00e7\u00e3o de clientela boutique.<\/li>\n\n\n\n<li><strong>Os MOQs para encomendas em massa come\u00e7am em 500 unidades<\/strong>\u00a0- optimizado para grossistas e programas de ofertas de empresas.<\/li>\n<\/ul>\n\n\n\n<p><strong>Cen\u00e1rios de utiliza\u00e7\u00e3o comercial<\/strong><br> &nbsp;<strong>Limpeza a seco<\/strong>: O design dobr\u00e1vel poupa espa\u00e7o de armazenamento 50% em compara\u00e7\u00e3o com os sacos de vestu\u00e1rio r\u00edgidos.<br> &nbsp;<strong>Alfaiatarias<\/strong>: Os fechos met\u00e1licos permitem um fecho silencioso durante a coloca\u00e7\u00e3o do cliente.<br> &nbsp;<strong>Eco-retalhistas<\/strong>: Comercializar propriedades biodegrad\u00e1veis para clientes que se preocupam com a sustentabilidade.<br> &nbsp;<strong>Organizadores dom\u00e9sticos<\/strong>: O design empilh\u00e1vel mant\u00e9m a uniformidade do arm\u00e1rio.<\/p>\n\n\n\n<p><strong>6. A sua vis\u00e3o, o nosso trabalho artesanal<\/strong><br><em>Precisa de fechos diferentes, certifica\u00e7\u00f5es org\u00e2nicas ou forros de qualidade superior?<\/em>&nbsp;De&nbsp;<strong>guarda-p\u00f3 de mistura de c\u00e2nhamo<\/strong>&nbsp;para&nbsp;<strong>sacos de feltro de luxo para vestu\u00e1rio<\/strong>A nossa equipa de especialistas em materiais de armazenamento, desenvolve solu\u00e7\u00f5es de armazenamento que elevam a sua marca. Solicite um kit de amostras gr\u00e1tis para explorar os materiais - envio global, pre\u00e7os competitivos, sem m\u00ednimo para amostras personalizadas.<\/p>\n\n\n\n<p class=\"has-text-align-center\"><a href=\"https:\/\/avecobaggie.com\/pt\/whats-the-difference-between-cotton-bag-or-canvas-bag\/\">Algod\u00e3o Vs Lona<\/a><\/p>\n\n\n\n<figure class=\"wp-block-table\"><table class=\"has-fixed-layout\"><tbody><tr><td><\/td><td><strong>Algod\u00e3o<\/strong><strong><\/strong><\/td><td><strong>Tela<\/strong><strong><\/strong><\/td><\/tr><tr><td><strong>Material<\/strong><strong><\/strong><\/td><td>normalmente 100% algod\u00e3o<\/td><td>normalmente 35%alh\u00e3o ou c\u00e2nhamo, 65%poli\u00e9ster (tamb\u00e9m pode ser 100% algod\u00e3o)<\/td><\/tr><tr><td><strong>Fio de tecelagem<\/strong><strong><\/strong><\/td><td>fio simples de urdidura e trama<\/td><td>Mais de 2 fios de urdidura e de trama, com aspeto mais espesso<\/td><\/tr><tr><td><strong>M\u00e9todo de tecelagem<\/strong><strong><\/strong><\/td><td>Tecido liso ou em sarja<\/td><td>Principalmente tecido liso<\/td><\/tr><tr><td><strong>Textura do tecido<\/strong><strong><\/strong><\/td><td>pequenas manchas na superf\u00edcie que s\u00e3o de facto as sementes naturais<\/td><td>Sem manchas, mais \u00e1spero que o algod\u00e3o<\/td><\/tr><tr><td><strong>Peso:<\/strong><strong><\/strong><\/td><td>pode ser encerado para ser imperme\u00e1vel, pode ser semi-branqueado ou totalmente branqueado<\/td><td>acima de 8oz, para a mesma espessura, a lona \u00e9 mais barata, tamb\u00e9m pode carregar mais peso<\/td><\/tr><tr><td>De finas 4 oz a grossas 16 oz, leves, \u00e9 melhor escolher algod\u00e3o<\/td><td>Mais sustent\u00e1vel e 100% biodegrad\u00e1vel<\/td><td>sustent\u00e1vel, mas n\u00e3o totalmente biodegrad\u00e1vel<\/td><\/tr><tr><td><strong>\u00c0 prova de \u00e1gua<\/strong><strong><\/strong><\/td><td>N\u00e3o \u00e9 \u00e0 prova de \u00e1gua se n\u00e3o for laminado \uff0c pode ser semi-branqueado ou totalmente branqueado<\/td><td>Acima de 8 oz, para a mesma espessura, a lona \u00e9 mais barata, podendo tamb\u00e9m carregar mais peso<\/td><\/tr><tr><td><strong>Respirabilidade<\/strong><strong><\/strong><\/td><td>Suave e com excelente respirabilidade<\/td><td>grosso e menos ventilado, adequado para sacos estereotipados<\/td><\/tr><tr><td><strong>Capacidade de impress\u00e3o<\/strong><strong><\/strong><\/td><td>para impress\u00e3o por transfer\u00eancia t\u00e9rmica n\u00e3o \u00e9 t\u00e3o bom como a tela<\/td><td>Quase compat\u00edvel com todos os m\u00e9todos de impress\u00e3o, o desenho aparecer\u00e1 lindamente<\/td><\/tr><tr><td><strong>Cuidados de lavagem<\/strong><strong><\/strong><\/td><td>encolher\u00e1 de 2% para 5% ap\u00f3s a lavagem<\/td><td>Encolhimento inferior a 100%. Algod\u00e3o<\/td><\/tr><tr><td><strong>Durabilidade<\/strong><strong><\/strong><\/td><td>f\u00e1cil de enrugar e deformar, f\u00e1cil de colar o cabelo<\/td><td>Suja-se facilmente e deforma-se,<\/td><\/tr><tr><td><strong>Aplica\u00e7\u00e3o:<\/strong><strong><\/strong><\/td><td>saco de algod\u00e3o com cord\u00e3o de tamanho pequeno, saco de produtos, saco de embalagem de alimentos, sacos de algod\u00e3o leves, etc<\/td><td>saco de compras, saco de mercearia, saco resistente, saco de lona, saco de desporto, saco di\u00e1rio, etc<\/td><\/tr><\/tbody><\/table><\/figure>","protected":false},"excerpt":{"rendered":"<p><strong>Acabamento verde | Fecho de press\u00e3o | Pegas dobr\u00e1veis | Sem fecho de correr | Marca personalizada<\/strong><\/p>","protected":false},"featured_media":10274,"comment_status":"open","ping_status":"closed","template":"","meta":{"_seopress_robots_primary_cat":"none","_seopress_titles_title":"Eco-Friendly Cotton Garment Bags with Snap Closure \u2013 Foldable Dust Covers","_seopress_titles_desc":"Natural cotton garment dust cover with green trim & metal snap closure. Foldable handles ideal for dry cleaners, boutiques, and home storage. Custom branding available.","_seopress_robots_index":""},"product_brand":[185],"product_cat":[188,100],"product_tag":[201],"class_list":{"0":"post-10273","1":"product","2":"type-product","3":"status-publish","4":"has-post-thumbnail","6":"product_brand-avecobaggie","7":"product_cat-custom-canvas-bag","8":"product_cat-other-creative-bag","9":"product_tag-dust-proof-bag","11":"first","12":"instock","13":"taxable","14":"shipping-taxable","15":"product-type-simple"},"_links":{"self":[{"href":"https:\/\/avecobaggie.com\/pt\/wp-json\/wp\/v2\/product\/10273","targetHints":{"allow":["GET"]}}],"collection":[{"href":"https:\/\/avecobaggie.com\/pt\/wp-json\/wp\/v2\/product"}],"about":[{"href":"https:\/\/avecobaggie.com\/pt\/wp-json\/wp\/v2\/types\/product"}],"replies":[{"embeddable":true,"href":"https:\/\/avecobaggie.com\/pt\/wp-json\/wp\/v2\/comments?post=10273"}],"wp:featuredmedia":[{"embeddable":true,"href":"https:\/\/avecobaggie.com\/pt\/wp-json\/wp\/v2\/media\/10274"}],"wp:attachment":[{"href":"https:\/\/avecobaggie.com\/pt\/wp-json\/wp\/v2\/media?parent=10273"}],"wp:term":[{"taxonomy":"product_brand","embeddable":true,"href":"https:\/\/avecobaggie.com\/pt\/wp-json\/wp\/v2\/product_brand?post=10273"},{"taxonomy":"product_cat","embeddable":true,"href":"https:\/\/avecobaggie.com\/pt\/wp-json\/wp\/v2\/product_cat?post=10273"},{"taxonomy":"product_tag","embeddable":true,"href":"https:\/\/avecobaggie.com\/pt\/wp-json\/wp\/v2\/product_tag?post=10273"}],"curies":[{"name":"wp","href":"https:\/\/api.w.org\/{rel}","templated":true}]}}