{"id":10338,"date":"2025-05-13T16:19:48","date_gmt":"2025-05-13T08:19:48","guid":{"rendered":"https:\/\/avecobaggie.com\/?post_type=product&#038;p=10338"},"modified":"2025-05-15T16:40:36","modified_gmt":"2025-05-15T08:40:36","slug":"cartoon-printed-potato-sack-race-bags-for-kids","status":"publish","type":"product","link":"https:\/\/avecobaggie.com\/pt\/produto\/cartoon-printed-potato-sack-race-bags-for-kids\/","title":{"rendered":"Sacos de corrida de sacos de batata impressos com desenhos animados para crian\u00e7as"},"content":{"rendered":"<p><strong>Commercial-Grade Play Durability<\/strong><\/p>\n\n\n\n<ul class=\"wp-block-list\">\n<li><strong>16oz high-density canvas<\/strong>&nbsp;resists abrasion from frequent jumps and outdoor use.<\/li>\n\n\n\n<li><strong>Triple-stitched seams<\/strong>&nbsp;prevent bursting during high-energy activities.<\/li>\n<\/ul>\n\n\n\n<p><strong>Child-Safe Design Features<\/strong><\/p>\n\n\n\n<ul class=\"wp-block-list\">\n<li><strong>4 Progressive Sizes<\/strong>:<br> &nbsp;<strong>Small (\u00d850x50cm)<\/strong>: Ages 3-5<br> &nbsp;<strong>Medium (\u00d850x70cm)<\/strong>: Ages 5-7<br> &nbsp;<strong>Large (\u00d870x100cm)<\/strong>: Group activities<br> &nbsp;<strong>X-Large (Customizable)<\/strong>: Special events<\/li>\n\n\n\n<li><strong>Short reinforced nylon handles<\/strong>&nbsp;allow secure grip for small hands.<\/li>\n\n\n\n<li><strong>Rounded base design<\/strong>&nbsp;prevents tripping hazards during jumps.<\/li>\n<\/ul>\n\n\n\n<p><strong>Custom Branding for Bulk Buyers<\/strong><\/p>\n\n\n\n<ul class=\"wp-block-list\">\n<li><strong>Vibrant cartoon prints<\/strong>&nbsp;(customizable designs) appeal to children\u2019s themes.<\/li>\n\n\n\n<li><strong>Add school logos\/educational graphics<\/strong>&nbsp;for institutional branding.<\/li>\n<\/ul>\n\n\n\n<p><strong>Application Scenarios<\/strong><br> &nbsp;<strong>Kindergarten events<\/strong>: Organize sack races during sports days.<br> &nbsp;<strong>Toy wholesalers<\/strong>: Bundle with educational activity kits.<br> &nbsp;<strong>Event planners<\/strong>: Use as branded giveaways at family festivals.<br> &nbsp;<strong>Daycare centers<\/strong>: Develop motor skills through guided hopping games.<\/p>\n\n\n\n<p><strong>6. Beyond Standard Options<\/strong><br><em>Need glow-in-the-dark prints, adjustable straps, or eco-friendly materials?<\/em>&nbsp;De&nbsp;<strong>waterproof PEVA hopping bags<\/strong>&nbsp;para&nbsp;<strong>interactive QR-code enabled designs<\/strong>, we engineer playful solutions that align with your brand. Request a free sample for quality testing \u2013 global logistics, competitive MOQs, no idea too creative.<\/p>\n\n\n\n<p class=\"has-text-align-center\"><a href=\"https:\/\/avecobaggie.com\/pt\/whats-the-difference-between-cotton-bag-or-canvas-bag\/\">Algod\u00e3o Vs Lona<\/a><\/p>\n\n\n\n<figure class=\"wp-block-table\"><table class=\"has-fixed-layout\"><tbody><tr><td><\/td><td><strong>Algod\u00e3o<\/strong><strong><\/strong><\/td><td><strong>Tela<\/strong><strong><\/strong><\/td><\/tr><tr><td><strong>Material<\/strong><strong><\/strong><\/td><td>normalmente 100% algod\u00e3o<\/td><td>normalmente 35%alh\u00e3o ou c\u00e2nhamo, 65%poli\u00e9ster (tamb\u00e9m pode ser 100% algod\u00e3o)<\/td><\/tr><tr><td><strong>Fio de tecelagem<\/strong><strong><\/strong><\/td><td>fio simples de urdidura e trama<\/td><td>Mais de 2 fios de urdidura e de trama, com aspeto mais espesso<\/td><\/tr><tr><td><strong>M\u00e9todo de tecelagem<\/strong><strong><\/strong><\/td><td>Tecido liso ou em sarja<\/td><td>Principalmente tecido liso<\/td><\/tr><tr><td><strong>Textura do tecido<\/strong><strong><\/strong><\/td><td>pequenas manchas na superf\u00edcie que s\u00e3o de facto as sementes naturais<\/td><td>Sem manchas, mais \u00e1spero que o algod\u00e3o<\/td><\/tr><tr><td><strong>Peso:<\/strong><strong><\/strong><\/td><td>pode ser encerado para ser imperme\u00e1vel, pode ser semi-branqueado ou totalmente branqueado<\/td><td>acima de 8oz, para a mesma espessura, a lona \u00e9 mais barata, tamb\u00e9m pode carregar mais peso<\/td><\/tr><tr><td>De finas 4 oz a grossas 16 oz, leves, \u00e9 melhor escolher algod\u00e3o<\/td><td>Mais sustent\u00e1vel e 100% biodegrad\u00e1vel<\/td><td>sustent\u00e1vel, mas n\u00e3o totalmente biodegrad\u00e1vel<\/td><\/tr><tr><td><strong>\u00c0 prova de \u00e1gua<\/strong><strong><\/strong><\/td><td>N\u00e3o \u00e9 \u00e0 prova de \u00e1gua se n\u00e3o for laminado \uff0c pode ser semi-branqueado ou totalmente branqueado<\/td><td>Acima de 8 oz, para a mesma espessura, a lona \u00e9 mais barata, podendo tamb\u00e9m carregar mais peso<\/td><\/tr><tr><td><strong>Respirabilidade<\/strong><strong><\/strong><\/td><td>Suave e com excelente respirabilidade<\/td><td>grosso e menos ventilado, adequado para sacos estereotipados<\/td><\/tr><tr><td><strong>Capacidade de impress\u00e3o<\/strong><strong><\/strong><\/td><td>para impress\u00e3o por transfer\u00eancia t\u00e9rmica n\u00e3o \u00e9 t\u00e3o bom como a tela<\/td><td>Quase compat\u00edvel com todos os m\u00e9todos de impress\u00e3o, o desenho aparecer\u00e1 lindamente<\/td><\/tr><tr><td><strong>Cuidados de lavagem<\/strong><strong><\/strong><\/td><td>encolher\u00e1 de 2% para 5% ap\u00f3s a lavagem<\/td><td>Encolhimento inferior a 100%. Algod\u00e3o<\/td><\/tr><tr><td><strong>Durabilidade<\/strong><strong><\/strong><\/td><td>f\u00e1cil de enrugar e deformar, f\u00e1cil de colar o cabelo<\/td><td>Suja-se facilmente e deforma-se,<\/td><\/tr><tr><td><strong>Aplica\u00e7\u00e3o:<\/strong><strong><\/strong><\/td><td>saco de algod\u00e3o com cord\u00e3o de tamanho pequeno, saco de produtos, saco de embalagem de alimentos, sacos de algod\u00e3o leves, etc<\/td><td>saco de compras, saco de mercearia, saco resistente, saco de lona, saco de desporto, saco di\u00e1rio, etc<\/td><\/tr><\/tbody><\/table><\/figure>","protected":false},"excerpt":{"rendered":"<p><strong>4 sizes | Cartoon prints | Nylon handles | Heavy-duty canvas\u00a0<\/strong><\/p>","protected":false},"featured_media":10342,"comment_status":"open","ping_status":"closed","template":"","meta":{"_seopress_robots_primary_cat":"none","_seopress_titles_title":"Custom kids Sack Race Bags for Schools & Events","_seopress_titles_desc":"Heavy-duty canvas hopping bags with cartoon prints, 4 sizes (\u00d850-70cm). Ideal for kindergarten games, sports days & bulk orders. Custom designs supported.","_seopress_robots_index":""},"product_brand":[185],"product_cat":[188,100],"product_tag":[],"class_list":{"0":"post-10338","1":"product","2":"type-product","3":"status-publish","4":"has-post-thumbnail","6":"product_brand-avecobaggie","7":"product_cat-custom-canvas-bag","8":"product_cat-other-creative-bag","10":"first","11":"instock","12":"taxable","13":"shipping-taxable","14":"product-type-simple"},"_links":{"self":[{"href":"https:\/\/avecobaggie.com\/pt\/wp-json\/wp\/v2\/product\/10338","targetHints":{"allow":["GET"]}}],"collection":[{"href":"https:\/\/avecobaggie.com\/pt\/wp-json\/wp\/v2\/product"}],"about":[{"href":"https:\/\/avecobaggie.com\/pt\/wp-json\/wp\/v2\/types\/product"}],"replies":[{"embeddable":true,"href":"https:\/\/avecobaggie.com\/pt\/wp-json\/wp\/v2\/comments?post=10338"}],"wp:featuredmedia":[{"embeddable":true,"href":"https:\/\/avecobaggie.com\/pt\/wp-json\/wp\/v2\/media\/10342"}],"wp:attachment":[{"href":"https:\/\/avecobaggie.com\/pt\/wp-json\/wp\/v2\/media?parent=10338"}],"wp:term":[{"taxonomy":"product_brand","embeddable":true,"href":"https:\/\/avecobaggie.com\/pt\/wp-json\/wp\/v2\/product_brand?post=10338"},{"taxonomy":"product_cat","embeddable":true,"href":"https:\/\/avecobaggie.com\/pt\/wp-json\/wp\/v2\/product_cat?post=10338"},{"taxonomy":"product_tag","embeddable":true,"href":"https:\/\/avecobaggie.com\/pt\/wp-json\/wp\/v2\/product_tag?post=10338"}],"curies":[{"name":"wp","href":"https:\/\/api.w.org\/{rel}","templated":true}]}}