{"id":10793,"date":"2025-06-19T16:07:58","date_gmt":"2025-06-19T08:07:58","guid":{"rendered":"https:\/\/avecobaggie.com\/?post_type=product&#038;p=10793"},"modified":"2025-06-19T16:34:32","modified_gmt":"2025-06-19T08:34:32","slug":"printing-rpet-cooler-bag-for-picnic","status":"publish","type":"product","link":"https:\/\/avecobaggie.com\/pt\/produto\/printing-rpet-cooler-bag-for-picnic\/","title":{"rendered":"Printing rPET Cooler Bag for Picnic"},"content":{"rendered":"<p><\/p>\n\n\n<p>Aveco mainly specialized in OEM and ODM for\u00a0 eco friendly material based bags with one stop shop solution service. Currently we have tote bag, drawstring bags, shoulder bags, cooler bags and other creative bags.Our\u00a0 bags are durable, high quality and affordable to meet different purposes. All the materials we use are eco-friendly including cotton, canvas, rPET,non-woven ,linen, jute, felt ,oxford ,etc. and If you are looking to make bags with your private label brand or promotional events, then we can serve your bulk needs with quite a low MOQ and fast delivery.<\/p>\n<p>Este saco foi concebido para transportar alimentos no exterior para piqueniques, para viagens, de tamanho m\u00e9dio, \u00e9 adequado para colocar as lancheiras no interior. O velcro na parte da abertura facilita a abertura do saco e a al\u00e7a comprida torna-o f\u00e1cil de transportar.<\/p>\n<p>CARACTER\u00cdSTICAS DO PRODUTO<\/p>\n<ul>\n<li><strong>Estilo do saco<\/strong>: Bolsas<\/li>\n<li><strong>Tipo de material<\/strong>: rPET inside and Aluminium foil inside.<\/li>\n<li><strong>Cor do material<\/strong>:\u00a0 other color<\/li>\n<li><strong>Tamanho do saco<\/strong>: 22X15X18.6CM ( list with standard size, we accept customized size bag \uff09<\/li>\n<li><strong>\u00c1rea de impress\u00e3o<\/strong>: 1 cor | 2 cores | mais cores| Impress\u00e3o completa, impress\u00e3o de um lado ou dois lados<\/li>\n<li><strong>Encerramento<\/strong>: Com varinha m\u00e1gica<\/li>\n<li><strong>Instru\u00e7\u00f5es de manuten\u00e7\u00e3o<\/strong>: Recomenda-se a lavagem \u00e0 m\u00e3o, a lavagem \u00e0 m\u00e1quina tamb\u00e9m \u00e9 aceit\u00e1vel, pendurar a secar.<\/li>\n<\/ul>\n\n\n<p><\/p>","protected":false},"excerpt":{"rendered":"<p>Designed for carry food outside for picnic, for traveling, medium size ,suitable to put the lunch boxes inside .<\/p>","protected":false},"featured_media":9273,"comment_status":"open","ping_status":"closed","template":"","meta":{"_seopress_robots_primary_cat":"none","_seopress_titles_title":"Custom Printed rPET Cooler Bag for Picnic | Eco-Friendly & Stylish","_seopress_titles_desc":"Explore our customizable rPET cooler bags perfect for picnics and events. Durable, eco-friendly, and stylish\u2014ideal for food storage and outdoor branding.","_seopress_robots_index":""},"product_brand":[],"product_cat":[30,105,110],"product_tag":[130],"class_list":{"0":"post-10793","1":"product","2":"type-product","3":"status-publish","4":"has-post-thumbnail","6":"product_cat-cooler-bag","7":"product_cat-non-woven-bag","8":"product_cat-travel","9":"product_tag-lunch-bag","11":"first","12":"instock","13":"taxable","14":"shipping-taxable","15":"product-type-simple"},"_links":{"self":[{"href":"https:\/\/avecobaggie.com\/pt\/wp-json\/wp\/v2\/product\/10793","targetHints":{"allow":["GET"]}}],"collection":[{"href":"https:\/\/avecobaggie.com\/pt\/wp-json\/wp\/v2\/product"}],"about":[{"href":"https:\/\/avecobaggie.com\/pt\/wp-json\/wp\/v2\/types\/product"}],"replies":[{"embeddable":true,"href":"https:\/\/avecobaggie.com\/pt\/wp-json\/wp\/v2\/comments?post=10793"}],"wp:featuredmedia":[{"embeddable":true,"href":"https:\/\/avecobaggie.com\/pt\/wp-json\/wp\/v2\/media\/9273"}],"wp:attachment":[{"href":"https:\/\/avecobaggie.com\/pt\/wp-json\/wp\/v2\/media?parent=10793"}],"wp:term":[{"taxonomy":"product_brand","embeddable":true,"href":"https:\/\/avecobaggie.com\/pt\/wp-json\/wp\/v2\/product_brand?post=10793"},{"taxonomy":"product_cat","embeddable":true,"href":"https:\/\/avecobaggie.com\/pt\/wp-json\/wp\/v2\/product_cat?post=10793"},{"taxonomy":"product_tag","embeddable":true,"href":"https:\/\/avecobaggie.com\/pt\/wp-json\/wp\/v2\/product_tag?post=10793"}],"curies":[{"name":"wp","href":"https:\/\/api.w.org\/{rel}","templated":true}]}}