{"id":10803,"date":"2025-06-19T16:34:41","date_gmt":"2025-06-19T08:34:41","guid":{"rendered":"https:\/\/avecobaggie.com\/?post_type=product&#038;p=10803"},"modified":"2025-06-19T16:45:21","modified_gmt":"2025-06-19T08:45:21","slug":"brown-rpet-cooler-bag-for-picnic","status":"publish","type":"product","link":"https:\/\/avecobaggie.com\/pt\/produto\/brown-rpet-cooler-bag-for-picnic\/","title":{"rendered":"Saco t\u00e9rmico rPET castanho para piquenique"},"content":{"rendered":"<p><\/p>\n\n\n<p>Aveco mainly specialized in OEM and ODM for\u00a0 eco friendly material based bags with one stop shop solution service. Currently we have tote bag, drawstring bags, shoulder bags, cooler bags and other creative bags.Our\u00a0 bags are durable, high quality and affordable to meet different purposes. All the materials we use are eco-friendly including cotton, canvas, rPET,non-woven ,linen, jute, felt ,oxford ,etc. and If you are looking to make bags with your private label brand or promotional events, then we can serve your bulk needs with quite a low MOQ and fast delivery.<\/p>\n<p>This bag is designed for carry food outside for picnic, for traveling, medium size ,it &#8216;s suitable to put the lunch boxes inside .The long handle strap makes it easy to carry.<\/p>\n<p>CARACTER\u00cdSTICAS DO PRODUTO<\/p>\n<ul>\n<li><strong>Estilo do saco<\/strong>: Bolsas<\/li>\n<li><strong>Tipo de material<\/strong>: rPET inside and Aluminium foil inside.<\/li>\n<li><strong>Cor do material<\/strong>: Brown or other color<\/li>\n<li><strong>Tamanho do saco<\/strong>: 40X20X36CM ( list with standard size, we accept customized size bag \uff09<\/li>\n<li><strong>\u00c1rea de impress\u00e3o<\/strong>: 1 cor | 2 cores | mais cores| Impress\u00e3o completa, impress\u00e3o de um lado ou dois lados<\/li>\n<li><strong>Encerramento<\/strong>: Com varinha m\u00e1gica<\/li>\n<li><strong>Instru\u00e7\u00f5es de manuten\u00e7\u00e3o<\/strong>: Recomenda-se a lavagem \u00e0 m\u00e3o, a lavagem \u00e0 m\u00e1quina tamb\u00e9m \u00e9 aceit\u00e1vel, pendurar a secar.<\/li>\n<\/ul>\n\n\n<p><\/p>","protected":false},"excerpt":{"rendered":"<p>Designed for carry food outside for picnic, for traveling, medium size ,suitable to put the lunch boxes inside .<\/p>","protected":false},"featured_media":9274,"comment_status":"open","ping_status":"closed","template":"","meta":{"_seopress_robots_primary_cat":"none","_seopress_titles_title":"Brown rPET Picnic Cooler Bag | Custom Eco Tote | Aveco OEM","_seopress_titles_desc":"Eco-friendly brown rPET cooler bag with aluminum lining, ideal for picnics and food delivery. Custom logo printing, low MOQ, fast global OEM\/ODM supply.","_seopress_robots_index":""},"product_brand":[],"product_cat":[193,30,110],"product_tag":[204,130],"class_list":{"0":"post-10803","1":"product","2":"type-product","3":"status-publish","4":"has-post-thumbnail","6":"product_cat-custom-rpet-bag","7":"product_cat-cooler-bag","8":"product_cat-travel","9":"product_tag-cooler-bag","10":"product_tag-lunch-bag","12":"first","13":"instock","14":"taxable","15":"shipping-taxable","16":"product-type-simple"},"_links":{"self":[{"href":"https:\/\/avecobaggie.com\/pt\/wp-json\/wp\/v2\/product\/10803","targetHints":{"allow":["GET"]}}],"collection":[{"href":"https:\/\/avecobaggie.com\/pt\/wp-json\/wp\/v2\/product"}],"about":[{"href":"https:\/\/avecobaggie.com\/pt\/wp-json\/wp\/v2\/types\/product"}],"replies":[{"embeddable":true,"href":"https:\/\/avecobaggie.com\/pt\/wp-json\/wp\/v2\/comments?post=10803"}],"wp:featuredmedia":[{"embeddable":true,"href":"https:\/\/avecobaggie.com\/pt\/wp-json\/wp\/v2\/media\/9274"}],"wp:attachment":[{"href":"https:\/\/avecobaggie.com\/pt\/wp-json\/wp\/v2\/media?parent=10803"}],"wp:term":[{"taxonomy":"product_brand","embeddable":true,"href":"https:\/\/avecobaggie.com\/pt\/wp-json\/wp\/v2\/product_brand?post=10803"},{"taxonomy":"product_cat","embeddable":true,"href":"https:\/\/avecobaggie.com\/pt\/wp-json\/wp\/v2\/product_cat?post=10803"},{"taxonomy":"product_tag","embeddable":true,"href":"https:\/\/avecobaggie.com\/pt\/wp-json\/wp\/v2\/product_tag?post=10803"}],"curies":[{"name":"wp","href":"https:\/\/api.w.org\/{rel}","templated":true}]}}