{"id":10812,"date":"2025-06-19T17:26:17","date_gmt":"2025-06-19T09:26:17","guid":{"rendered":"https:\/\/avecobaggie.com\/?post_type=product&#038;p=10812"},"modified":"2025-06-19T17:44:08","modified_gmt":"2025-06-19T09:44:08","slug":"portable-insulated-non-woven-cooler-bag-multi-sizes-available","status":"publish","type":"product","link":"https:\/\/avecobaggie.com\/pt\/produto\/portable-insulated-non-woven-cooler-bag-multi-sizes-available\/","title":{"rendered":"Portable Insulated Non-Woven Cooler Bag \u2013 Multi Sizes Available"},"content":{"rendered":"<p>A empresa Aveco fabrica principalmente e OEM para diferentes tipos de sacos ecol\u00f3gicos com um servi\u00e7o de solu\u00e7\u00e3o de balc\u00e3o \u00fanico. Os nossos sacos s\u00e3o dur\u00e1veis, de alta qualidade e acess\u00edveis para satisfazer diferentes objectivos.<\/p>\n<p>Todos os materiais que utilizamos s\u00e3o amigos do ambiente, incluindo algod\u00e3o, lona, linho, juta, feltro, etc. Se pretende fabricar sacos com a sua marca privada ou para eventos promocionais, podemos satisfazer as suas necessidades a granel com um MOQ bastante baixo e uma entrega r\u00e1pida.<\/p>\n<p>This portable cooler bag is available in multiple sizes, with a non-woven exterior and aluminum foil lining. For the outside material, you can also have a customized request on other materials such as RPET, oxford, polyester, or canvas. the straps can also OEM with a longer version ,or changing into\u00a0 a webbing strap with plain color ,or even with printed or woven letter on.<\/p>\n<p>The MOQ for those bags are 1000 pieces.<\/p>\n<h5><span style=\"color: #333333;\">CARACTER\u00cdSTICAS DO PRODUTO\u00a0<\/span><\/h5>\n<ul>\n<li><strong>Estilo do saco<\/strong>: Saco de refrigera\u00e7\u00e3o<\/li>\n<li><strong>Tipo de material<\/strong>: N\u00e3o tecido com folha de alum\u00ednio<\/li>\n<li><strong>Cor do material<\/strong>: customizable<\/li>\n<li><strong>Tamanho do saco<\/strong>: 23*22*18CM,27*26*21CM,30*30*21CM&#8230; ( list with standard size, we accept customized size bag \uff09<\/li>\n<li><strong>\u00c1rea de impress\u00e3o<\/strong>: 1 cor | 2 cores | mais cores| Impress\u00e3o completa, impress\u00e3o de um lado ou dois lados<\/li>\n<li><strong>Encerramento<\/strong>: Com fecho de correr<\/li>\n<li><strong>Instru\u00e7\u00f5es de manuten\u00e7\u00e3o<\/strong>: Recomenda-se a lavagem \u00e0 m\u00e3o, a lavagem \u00e0 m\u00e1quina tamb\u00e9m \u00e9 aceit\u00e1vel, pendurar a secar.<\/li>\n<\/ul>\n<p>Antes de decidir fazer o saco t\u00e9rmico, h\u00e1 algo que deve saber<\/p>","protected":false},"excerpt":{"rendered":"<p>Este saco t\u00e9rmico isolado \u00e9 suficientemente grande para viajar, os materiais n\u00e3o tecidos no exterior podem personalizar a cor pura ou o padr\u00e3o, no interior a folha de alum\u00ednio mant\u00e9m-se quente.<\/p>","protected":false},"featured_media":10815,"comment_status":"open","ping_status":"closed","template":"","meta":{"_seopress_robots_primary_cat":"none","_seopress_titles_title":"Portable Insulated Non-Woven Cooler Bag | Multi Sizes & OEM Custom","_seopress_titles_desc":"Durable non-woven cooler bags with aluminum foil lining, available in multiple sizes. Custom logo, strap & material options. OEM service with 1000 pcs MOQ.","_seopress_robots_index":""},"product_brand":[185],"product_cat":[30,105,110],"product_tag":[],"class_list":{"0":"post-10812","1":"product","2":"type-product","3":"status-publish","4":"has-post-thumbnail","6":"product_brand-avecobaggie","7":"product_cat-cooler-bag","8":"product_cat-non-woven-bag","9":"product_cat-travel","11":"first","12":"instock","13":"taxable","14":"shipping-taxable","15":"product-type-simple"},"_links":{"self":[{"href":"https:\/\/avecobaggie.com\/pt\/wp-json\/wp\/v2\/product\/10812","targetHints":{"allow":["GET"]}}],"collection":[{"href":"https:\/\/avecobaggie.com\/pt\/wp-json\/wp\/v2\/product"}],"about":[{"href":"https:\/\/avecobaggie.com\/pt\/wp-json\/wp\/v2\/types\/product"}],"replies":[{"embeddable":true,"href":"https:\/\/avecobaggie.com\/pt\/wp-json\/wp\/v2\/comments?post=10812"}],"wp:featuredmedia":[{"embeddable":true,"href":"https:\/\/avecobaggie.com\/pt\/wp-json\/wp\/v2\/media\/10815"}],"wp:attachment":[{"href":"https:\/\/avecobaggie.com\/pt\/wp-json\/wp\/v2\/media?parent=10812"}],"wp:term":[{"taxonomy":"product_brand","embeddable":true,"href":"https:\/\/avecobaggie.com\/pt\/wp-json\/wp\/v2\/product_brand?post=10812"},{"taxonomy":"product_cat","embeddable":true,"href":"https:\/\/avecobaggie.com\/pt\/wp-json\/wp\/v2\/product_cat?post=10812"},{"taxonomy":"product_tag","embeddable":true,"href":"https:\/\/avecobaggie.com\/pt\/wp-json\/wp\/v2\/product_tag?post=10812"}],"curies":[{"name":"wp","href":"https:\/\/api.w.org\/{rel}","templated":true}]}}