{"id":10829,"date":"2025-06-23T11:25:11","date_gmt":"2025-06-23T03:25:11","guid":{"rendered":"https:\/\/avecobaggie.com\/?post_type=product&#038;p=10829"},"modified":"2025-06-25T11:09:51","modified_gmt":"2025-06-25T03:09:51","slug":"portable-insulated-non-woven-cooler-bag-for-takeaway","status":"publish","type":"product","link":"https:\/\/avecobaggie.com\/pt\/produto\/portable-insulated-non-woven-cooler-bag-for-takeaway\/","title":{"rendered":"Saco t\u00e9rmico port\u00e1til isolado em n\u00e3o-tecido para levar"},"content":{"rendered":"<p>A empresa Aveco fabrica principalmente e OEM para diferentes tipos de sacos ecol\u00f3gicos com um servi\u00e7o de solu\u00e7\u00e3o de balc\u00e3o \u00fanico. Os nossos sacos s\u00e3o dur\u00e1veis, de alta qualidade e acess\u00edveis para satisfazer diferentes objectivos.<\/p>\n<p>Todos os materiais que utilizamos s\u00e3o amigos do ambiente, incluindo algod\u00e3o, lona, linho, juta, feltro, etc. Se pretende fabricar sacos com a sua marca privada ou para eventos promocionais, podemos satisfazer as suas necessidades a granel com um MOQ bastante baixo e uma entrega r\u00e1pida.<\/p>\n<p>This portable cooler bag is available in multiple sizes, with a non-woven exterior and aluminum foil lining. For the outside material, you can also have a customized request on other materials such as RPET, oxford, polyester, or canvas. the straps can also OEM with a longer version ,or changing into\u00a0 a webbing strap with plain color ,or even with printed or woven letter on.<\/p>\n<p>The MOQ for those bags are 1000 pieces.<\/p>\n<h5><span style=\"color: #333333;\">CARACTER\u00cdSTICAS DO PRODUTO\u00a0<\/span><\/h5>\n<ul>\n<li><strong>Estilo do saco<\/strong>: Cooler Takeaway Bag<\/li>\n<li><strong>Tipo de material<\/strong>: N\u00e3o tecido com folha de alum\u00ednio<\/li>\n<li><strong>Cor do material<\/strong>: customizable<\/li>\n<li><strong>Tamanho do saco<\/strong>: 20*11*26CM,24*15*24CM,26*17*26CM&#8230; ( list with standard size, we accept customized size bag \uff09<\/li>\n<li><strong>\u00c1rea de impress\u00e3o<\/strong>: 1 cor | 2 cores | mais cores| Impress\u00e3o completa, impress\u00e3o de um lado ou dois lados<\/li>\n<li><strong>Encerramento<\/strong>: With\u00a0tape<\/li>\n<\/ul>\n<p>Antes de decidir fazer o saco t\u00e9rmico, h\u00e1 algo que deve saber<\/p>\n\n\n<p><\/p>","protected":false},"excerpt":{"rendered":"<p>This insulated cooler bag for Takeaway, the non-woven materials outside can custom pure color or pattern, inside Aluminum foil keep warm.<\/p>","protected":false},"featured_media":10833,"comment_status":"open","ping_status":"closed","template":"","meta":{"_seopress_robots_primary_cat":"none","_seopress_titles_title":"Portable Non-Woven Cooler Bag | Custom Takeaway Bag","_seopress_titles_desc":"Custom insulated cooler bags for food delivery. Non-woven, RPET or canvas options. OEM straps, low MOQ, fast shipping, ideal for takeaway packaging.","_seopress_robots_index":""},"product_brand":[185],"product_cat":[30,105,110],"product_tag":[139],"class_list":{"0":"post-10829","1":"product","2":"type-product","3":"status-publish","4":"has-post-thumbnail","6":"product_brand-avecobaggie","7":"product_cat-cooler-bag","8":"product_cat-non-woven-bag","9":"product_cat-travel","10":"product_tag-non-woven-bag","12":"first","13":"instock","14":"taxable","15":"shipping-taxable","16":"product-type-simple"},"_links":{"self":[{"href":"https:\/\/avecobaggie.com\/pt\/wp-json\/wp\/v2\/product\/10829","targetHints":{"allow":["GET"]}}],"collection":[{"href":"https:\/\/avecobaggie.com\/pt\/wp-json\/wp\/v2\/product"}],"about":[{"href":"https:\/\/avecobaggie.com\/pt\/wp-json\/wp\/v2\/types\/product"}],"replies":[{"embeddable":true,"href":"https:\/\/avecobaggie.com\/pt\/wp-json\/wp\/v2\/comments?post=10829"}],"wp:featuredmedia":[{"embeddable":true,"href":"https:\/\/avecobaggie.com\/pt\/wp-json\/wp\/v2\/media\/10833"}],"wp:attachment":[{"href":"https:\/\/avecobaggie.com\/pt\/wp-json\/wp\/v2\/media?parent=10829"}],"wp:term":[{"taxonomy":"product_brand","embeddable":true,"href":"https:\/\/avecobaggie.com\/pt\/wp-json\/wp\/v2\/product_brand?post=10829"},{"taxonomy":"product_cat","embeddable":true,"href":"https:\/\/avecobaggie.com\/pt\/wp-json\/wp\/v2\/product_cat?post=10829"},{"taxonomy":"product_tag","embeddable":true,"href":"https:\/\/avecobaggie.com\/pt\/wp-json\/wp\/v2\/product_tag?post=10829"}],"curies":[{"name":"wp","href":"https:\/\/api.w.org\/{rel}","templated":true}]}}