{"id":10926,"date":"2025-06-30T15:36:19","date_gmt":"2025-06-30T07:36:19","guid":{"rendered":"https:\/\/avecobaggie.com\/?post_type=product&#038;p=10926"},"modified":"2025-06-30T15:46:44","modified_gmt":"2025-06-30T07:46:44","slug":"custom-muslin-tote-bag-eco-friendly-cotton-carry-bag-for-shopping-packaging","status":"publish","type":"product","link":"https:\/\/avecobaggie.com\/pt\/produto\/custom-muslin-tote-bag-eco-friendly-cotton-carry-bag-for-shopping-packaging\/","title":{"rendered":"Custom Muslin Tote Bag | Eco-Friendly Cotton Carry Bag for Shopping &amp; Packaging"},"content":{"rendered":"<p>A empresa Aveco pode personalizar e vender por grosso sacos de lona com um servi\u00e7o de solu\u00e7\u00e3o de balc\u00e3o \u00fanico. Tamb\u00e9m temos algumas formas b\u00e1sicas de sacos para um in\u00edcio f\u00e1cil, conforme listado no s\u00edtio Web de\u00a0\u00a0<a href=\"https:\/\/avecobaggie.com\/pt\/categoria-produto\/bags-in-stock\/\"> Sacos em stock <\/a>. a maior parte dos sacos armazenados est\u00e3o em branco, sem qualquer impress\u00e3o, pelo que \u00e9 mais f\u00e1cil para si criar um log\u00f3tipo ou etiqueta privada para os seus clientes, sem qualquer m\u00ednimo.<\/p>\n<p><span class=\"Apple-converted-space\">\u00a0 \u00a0 Se quiser personalizar estes sacos ecol\u00f3gicos, tamb\u00e9m \u00e9 f\u00e1cil, alguns dos sacos s\u00e3o mesmo com pre\u00e7os extremamente baixos. <\/span>MOQ for customized surfaces. Especially cotton or canvas bag is extremely low at 200pieces or even less to support beginners, go to <a href=\"https:\/\/avecobaggie.com\/pt\/custom-solutions\/\"><strong>SOLU\u00c7\u00d5ES PERSONALIZADAS<\/strong><\/a> para saber mais sobre as etapas dos sacos personalizados.<\/p>\n<p data-start=\"580\" data-end=\"1053\">This muslin tote bag is made from 100% natural cotton fabric, lightweight, breathable, and biodegradable\u2014perfect for sustainable packaging and daily use. Whether for eco-conscious retail packaging, event giveaways, or brand promotion, this tote provides a stylish and reusable solution. Custom sizes, printing, and handles are available to meet your business needs.<\/p>\n<h4 class=\"p1\"><span style=\"color: #333333;\">Carater\u00edsticas do produto<\/span><\/h4>\n<ul>\n<li data-start=\"1084\" data-end=\"1143\">\n<p data-start=\"1086\" data-end=\"1143\"><strong data-start=\"1086\" data-end=\"1100\">Bag Style:<\/strong> Muslin Tote Bag (No lining, soft handle)<\/p>\n<\/li>\n<li data-start=\"1144\" data-end=\"1210\">\n<p data-start=\"1146\" data-end=\"1210\"><strong data-start=\"1146\" data-end=\"1159\">Material:<\/strong> 100% Cotton Muslin (Unbleached \/ Dyed available)<\/p>\n<\/li>\n<li data-start=\"1211\" data-end=\"1274\">\n<p data-start=\"1213\" data-end=\"1274\"><strong data-start=\"1213\" data-end=\"1222\">Tamanho:<\/strong> Standard sizes or customized dimensions available<\/p>\n<\/li>\n<li data-start=\"1275\" data-end=\"1326\">\n<p data-start=\"1277\" data-end=\"1326\"><strong data-start=\"1277\" data-end=\"1295\">Color Options:<\/strong> Natural cotton \/ Custom dyed<\/p>\n<\/li>\n<li data-start=\"1327\" data-end=\"1378\">\n<p data-start=\"1329\" data-end=\"1378\"><strong data-start=\"1329\" data-end=\"1341\">Closure:<\/strong> Open top (no zipper or drawstring)<\/p>\n<\/li>\n<li data-start=\"1379\" data-end=\"1456\">\n<p data-start=\"1381\" data-end=\"1456\"><strong data-start=\"1381\" data-end=\"1394\">Features:<\/strong> Reusable, breathable, washable, biodegradable, plastic-free<\/p>\n<\/li>\n<li data-start=\"1457\" data-end=\"1535\">\n<p data-start=\"1459\" data-end=\"1535\"><strong data-start=\"1459\" data-end=\"1476\">Applications:<\/strong> Eco packaging, grocery shopping, gifts, brand promotions<\/p>\n<\/li>\n<li data-start=\"1536\" data-end=\"1604\">\n<p data-start=\"1538\" data-end=\"1604\"><strong data-start=\"1538\" data-end=\"1556\">Customization:<\/strong> Logo printing, size, handle length, packaging<\/p>\n<\/li>\n<li data-start=\"1605\" data-end=\"1644\">\n<p data-start=\"1607\" data-end=\"1644\"><strong data-start=\"1607\" data-end=\"1615\">MOQ:<\/strong> Low minimum order accepted<\/p>\n<\/li>\n<li data-start=\"1645\" data-end=\"1717\">\n<p data-start=\"1647\" data-end=\"1717\"><strong data-start=\"1647\" data-end=\"1669\">Care Instructions:<\/strong> Hand or machine washable; air dry recommended<\/p>\n<\/li>\n<\/ul>","protected":false},"excerpt":{"rendered":"<p>Reusable muslin tote bag made from natural cotton. Ideal for eco-conscious packaging, promotions, and daily shopping. Soft, breathable, and customizable with your logo.<\/p>","protected":false},"featured_media":10928,"comment_status":"open","ping_status":"closed","template":"","meta":{"_seopress_robots_primary_cat":"none","_seopress_titles_title":"Custom Muslin Tote Bags | Eco-Friendly Cotton Shopping Bags","_seopress_titles_desc":"Reusable muslin tote bag made from soft cotton. Ideal for eco-friendly packaging, retail, or gifts. Supports custom logo printing and low MOQ orders.","_seopress_robots_index":""},"product_brand":[],"product_cat":[29,102,108,110],"product_tag":[],"class_list":{"0":"post-10926","1":"product","2":"type-product","3":"status-publish","4":"has-post-thumbnail","6":"product_cat-tote-bag","7":"product_cat-cotton-canvas-bag","8":"product_cat-work-school","9":"product_cat-travel","11":"first","12":"instock","13":"taxable","14":"shipping-taxable","15":"product-type-simple"},"_links":{"self":[{"href":"https:\/\/avecobaggie.com\/pt\/wp-json\/wp\/v2\/product\/10926","targetHints":{"allow":["GET"]}}],"collection":[{"href":"https:\/\/avecobaggie.com\/pt\/wp-json\/wp\/v2\/product"}],"about":[{"href":"https:\/\/avecobaggie.com\/pt\/wp-json\/wp\/v2\/types\/product"}],"replies":[{"embeddable":true,"href":"https:\/\/avecobaggie.com\/pt\/wp-json\/wp\/v2\/comments?post=10926"}],"wp:featuredmedia":[{"embeddable":true,"href":"https:\/\/avecobaggie.com\/pt\/wp-json\/wp\/v2\/media\/10928"}],"wp:attachment":[{"href":"https:\/\/avecobaggie.com\/pt\/wp-json\/wp\/v2\/media?parent=10926"}],"wp:term":[{"taxonomy":"product_brand","embeddable":true,"href":"https:\/\/avecobaggie.com\/pt\/wp-json\/wp\/v2\/product_brand?post=10926"},{"taxonomy":"product_cat","embeddable":true,"href":"https:\/\/avecobaggie.com\/pt\/wp-json\/wp\/v2\/product_cat?post=10926"},{"taxonomy":"product_tag","embeddable":true,"href":"https:\/\/avecobaggie.com\/pt\/wp-json\/wp\/v2\/product_tag?post=10926"}],"curies":[{"name":"wp","href":"https:\/\/api.w.org\/{rel}","templated":true}]}}