{"id":12964,"date":"2026-03-23T17:21:18","date_gmt":"2026-03-23T09:21:18","guid":{"rendered":"https:\/\/avecobaggie.com\/?post_type=product&#038;p=12964"},"modified":"2026-04-01T17:26:50","modified_gmt":"2026-04-01T09:26:50","slug":"printed-canvas-wine-tote-with-webbing-handles-wholesale","status":"publish","type":"product","link":"https:\/\/avecobaggie.com\/pt\/produto\/printed-canvas-wine-tote-with-webbing-handles-wholesale\/","title":{"rendered":"Printed Canvas Wine Tote with Webbing Handles Wholesale"},"content":{"rendered":"<p data-path-to-node=\"3\">A Aveco fornece principalmente sacos ecol\u00f3gicos personalizados com um servi\u00e7o de solu\u00e7\u00e3o de balc\u00e3o \u00fanico. Tamb\u00e9m temos algumas formas b\u00e1sicas de sacos para um in\u00edcio f\u00e1cil, conforme listado no s\u00edtio Web de <b data-path-to-node=\"3\" data-index-in-node=\"162\">Sacos em stock<\/b>. Most stocked bags are blank without any printing, so it&#8217;s easier for you to do a private lo<span class=\"citation-361 citation-end-361\">go or label for your customers with no minimum.<\/span><\/p>\n<p data-path-to-node=\"4\"><span class=\"citation-360\">If you want to customize these eco bags, it&#8217;s also easy, some of the bags are even with extremely low MOQ for customized surfaces. Especially cotton o<\/span><span class=\"citation-358 citation-359 citation-360\">r canvas bag is extremely low at 500pieces or even less to support beginners, go to <\/span><b data-path-to-node=\"4\" data-index-in-node=\"234\"><span class=\"citation-358 citation-359 citation-360\">SOLU\u00c7\u00d5ES PERSONALIZADAS<\/span><\/b><span class=\"citation-358 citation-359 citation-360 citation-end-360\"> to know mor<\/span><span class=\"citation-358 citation-359 citation-end-359\">e about custom bags steps.<\/span><\/p>\n<h4 data-path-to-node=\"5\"><span class=\"citation-356 citation-357 citation-end-357\">Product Features for the canvas wine tote bag in bulk<\/span><\/h4>\n<ul data-path-to-node=\"6\">\n<li>\n<p data-path-to-node=\"6,0,0\"><b data-path-to-node=\"6,0,0\" data-index-in-node=\"0\"><span class=\"citation-354 citation-355\">Bag Style:<\/span><\/b><span class=\"citation-354 citation-355 citation-end-355\"> Single Bottle Canvas Wine Bag with Webbing Handles<\/span><\/p>\n<\/li>\n<li>\n<p data-path-to-node=\"6,1,0\"><b data-path-to-node=\"6,1,0\" data-index-in-node=\"0\"><span class=\"citation-352 citation-353\">Material Type:<\/span><\/b><span class=\"citation-352 citation-353 citation-end-353\"> Co<\/span><span class=\"citation-352 citation-end-352\">tton Canvas (65% polyester+35% cotton)<\/span><\/p>\n<\/li>\n<li>\n<p data-path-to-node=\"6,2,0\"><b data-path-to-node=\"6,2,0\" data-index-in-node=\"0\"><span class=\"citation-351 citation-end-351\">Material Weight:<\/span><\/b> 12 on\u00e7as<\/p>\n<\/li>\n<li>\n<p data-path-to-node=\"6,3,0\"><b data-path-to-node=\"6,3,0\" data-index-in-node=\"0\">Material Color:<\/b> Natural \/ Off-White<\/p>\n<\/li>\n<li>\n<p data-path-to-node=\"6,4,0\"><b data-path-to-node=\"6,4,0\" data-index-in-node=\"0\">Bag Size:<\/b> Fits a standard single wine bottle ( list with popular size, we accept customized size bag )<\/p>\n<\/li>\n<li>\n<p data-path-to-node=\"6,5,0\"><b data-path-to-node=\"6,5,0\" data-index-in-node=\"0\">Handle Type:<\/b> Durable woven webbing handles for extra strength<\/p>\n<\/li>\n<li>\n<p data-path-to-node=\"6,6,0\"><b data-path-to-node=\"6,6,0\" data-index-in-node=\"0\">Imprint Area:<\/b> 1 color | 2 color | more color | Full printing, printing one side or two sides (Features an elegant wine bottle line-art design)<\/p>\n<\/li>\n<li>\n<p data-path-to-node=\"6,7,0\"><b data-path-to-node=\"6,7,0\" data-index-in-node=\"0\">Closure:<\/b> Open top<\/p>\n<\/li>\n<li>\n<p data-path-to-node=\"6,8,0\"><b data-path-to-node=\"6,8,0\" data-index-in-node=\"0\">Care Instructions:<\/b> Hand wash recommend, Machine wash is also ok, hang dry.<\/p>\n<\/li>\n<\/ul>\n<p data-path-to-node=\"7\"><b data-path-to-node=\"7\" data-index-in-node=\"0\">Notes: For cotton fabric, there will be a slight shrink after washing<\/b><\/p>","protected":false},"excerpt":{"rendered":"<p>Eco-friendly single-bottle canvas wine tote featuring sturdy webbing handles and an elegant line-art print. <b data-path-to-node=\"11,0\" data-index-in-node=\"108\">Convenient and simple storage, easy to carry, can be used for packaging red wine, white wine and other beverages.<\/b> Perfect for retail displays, holiday gifting, and custom brand promotions with a low MOQ.<\/p>","protected":false},"featured_media":12951,"comment_status":"open","ping_status":"closed","template":"","meta":{"_seopress_robots_primary_cat":"none","_seopress_titles_title":"Printed Canvas Wine Bags with Handles Wholesale | Custom Tote","_seopress_titles_desc":"Shop durable single-bottle canvas wine bags with webbing handles at Aveco. Convenient storage, easy to carry, and perfect for wine packaging. Low custom MOQ!","_seopress_robots_index":""},"product_brand":[],"product_cat":[29,102,109],"product_tag":[124],"class_list":{"0":"post-12964","1":"product","2":"type-product","3":"status-publish","4":"has-post-thumbnail","6":"product_cat-tote-bag","7":"product_cat-cotton-canvas-bag","8":"product_cat-everyday","9":"product_tag-wine-bag","11":"first","12":"instock","13":"taxable","14":"shipping-taxable","15":"product-type-simple"},"_links":{"self":[{"href":"https:\/\/avecobaggie.com\/pt\/wp-json\/wp\/v2\/product\/12964","targetHints":{"allow":["GET"]}}],"collection":[{"href":"https:\/\/avecobaggie.com\/pt\/wp-json\/wp\/v2\/product"}],"about":[{"href":"https:\/\/avecobaggie.com\/pt\/wp-json\/wp\/v2\/types\/product"}],"replies":[{"embeddable":true,"href":"https:\/\/avecobaggie.com\/pt\/wp-json\/wp\/v2\/comments?post=12964"}],"wp:featuredmedia":[{"embeddable":true,"href":"https:\/\/avecobaggie.com\/pt\/wp-json\/wp\/v2\/media\/12951"}],"wp:attachment":[{"href":"https:\/\/avecobaggie.com\/pt\/wp-json\/wp\/v2\/media?parent=12964"}],"wp:term":[{"taxonomy":"product_brand","embeddable":true,"href":"https:\/\/avecobaggie.com\/pt\/wp-json\/wp\/v2\/product_brand?post=12964"},{"taxonomy":"product_cat","embeddable":true,"href":"https:\/\/avecobaggie.com\/pt\/wp-json\/wp\/v2\/product_cat?post=12964"},{"taxonomy":"product_tag","embeddable":true,"href":"https:\/\/avecobaggie.com\/pt\/wp-json\/wp\/v2\/product_tag?post=12964"}],"curies":[{"name":"wp","href":"https:\/\/api.w.org\/{rel}","templated":true}]}}