{"id":12966,"date":"2026-03-23T17:50:49","date_gmt":"2026-03-23T09:50:49","guid":{"rendered":"https:\/\/avecobaggie.com\/?post_type=product&#038;p=12966"},"modified":"2026-03-23T18:00:18","modified_gmt":"2026-03-23T10:00:18","slug":"custom-printed-drawstring-wine-gift-bag-wholesale","status":"publish","type":"product","link":"https:\/\/avecobaggie.com\/pt\/produto\/custom-printed-drawstring-wine-gift-bag-wholesale\/","title":{"rendered":"Custom Printed Drawstring Wine Gift Bag Wholesale"},"content":{"rendered":"<p data-path-to-node=\"3\">A Aveco fornece principalmente sacos ecol\u00f3gicos personalizados com um servi\u00e7o de solu\u00e7\u00e3o de balc\u00e3o \u00fanico. Tamb\u00e9m temos algumas formas b\u00e1sicas de sacos para um in\u00edcio f\u00e1cil, conforme listado no s\u00edtio Web de <b data-path-to-node=\"3\" data-index-in-node=\"162\">Sacos em stock<\/b>. Most stocked bags are blank without any printing, so it&#8217;s easier for you to do a private logo or label for your c<span class=\"citation-1076 citation-end-1076\">ustomers with no minimum.<\/span><\/p>\n<p data-path-to-node=\"4\"><span class=\"citation-1075\">If you want to customize these eco bags, it&#8217;s also easy, some of the bags are even with extremely low MOQ for customized surfaces. Especially cotton or canvas bag is extrem<\/span><span class=\"citation-1073 citation-1074 citation-1075\">ely low at 100pieces or even less to support beginners, go to <\/span><b data-path-to-node=\"4\" data-index-in-node=\"234\"><span class=\"citation-1073 citation-1074 citation-1075\">SOLU\u00c7\u00d5ES PERSONALIZADAS<\/span><\/b><span class=\"citation-1073 citation-1074 citation-1075 citation-end-1075\"> to know more about custom bags st<\/span><span class=\"citation-1073 citation-1074 citation-end-1074\">eps.<\/span><\/p>\n<h4 data-path-to-node=\"5\"><span class=\"citation-1071 citation-1072 citation-end-1072\">Product Features for the printed drawstring wine bag in bulk<\/span><\/h4>\n<ul data-path-to-node=\"6\">\n<li>\n<p data-path-to-node=\"6,0,0\"><b data-path-to-node=\"6,0,0\" data-index-in-node=\"0\"><span class=\"citation-1069 citation-1070\">Bag Style:<\/span><\/b><span class=\"citation-1069 citation-1070 citation-end-1070\"> Drawstring Wine Gift Bag with Custom Typography Print<\/span><\/p>\n<\/li>\n<li>\n<p data-path-to-node=\"6,1,0\"><b data-path-to-node=\"6,1,0\" data-index-in-node=\"0\"><span class=\"citation-1067 citation-1068 citation-end-1068\">Material Type:<\/span><\/b><span class=\"citation-1067 citation-end-1067\"> Linen \/ Cotton Blend (Textured faux-burlap feel)<\/span><\/p>\n<\/li>\n<li>\n<p data-path-to-node=\"6,2,0\"><b data-path-to-node=\"6,2,0\" data-index-in-node=\"0\"><span class=\"citation-1066\">Material Weight:<\/span><\/b><span class=\"citation-1066 citation-end-1066\"> 1<\/span>2oz<\/p>\n<\/li>\n<li>\n<p data-path-to-node=\"6,3,0\"><b data-path-to-node=\"6,3,0\" data-index-in-node=\"0\">Material Color:<\/b> Natural \/ Beige<\/p>\n<\/li>\n<li>\n<p data-path-to-node=\"6,4,0\"><b data-path-to-node=\"6,4,0\" data-index-in-node=\"0\">Bag Size:<\/b> Fits a standard single wine bottle or champagne bottle ( list with popular size, we accept customized size bag )<\/p>\n<\/li>\n<li>\n<p data-path-to-node=\"6,5,0\"><b data-path-to-node=\"6,5,0\" data-index-in-node=\"0\">Imprint Area:<\/b> 1 color | 2 color | more color | Full printing. (Perfect for printing custom quotes, wedding favors, or funny messages as shown in the images)<\/p>\n<\/li>\n<li>\n<p data-path-to-node=\"6,6,0\"><b data-path-to-node=\"6,6,0\" data-index-in-node=\"0\">Closure:<\/b> Double string drawcord closure<\/p>\n<\/li>\n<li>\n<p data-path-to-node=\"6,7,0\"><b data-path-to-node=\"6,7,0\" data-index-in-node=\"0\">Care Instructions:<\/b> Hand wash recommend, Machine wash is also ok, hang dry.<\/p>\n<\/li>\n<\/ul>\n<p data-path-to-node=\"7\"><b data-path-to-node=\"7\" data-index-in-node=\"0\">Notes: For cotton\/linen fabric, there will be a slight shrink after washing<\/b><\/p>","protected":false},"excerpt":{"rendered":"<p>Eco-friendly linen-blend drawstring wine bags featuring custom typography and quotes. <b data-path-to-node=\"11,0\" data-index-in-node=\"86\">Convenient and simple storage, easy to carry, can be used for packaging red wine, white wine and other beverages.<\/b> Perfect for personalized wedding favors, party gifts, and customized brand promotions with a low MOQ.<\/p>","protected":false},"featured_media":12960,"comment_status":"open","ping_status":"closed","template":"","meta":{"_seopress_robots_primary_cat":"none","_seopress_titles_title":"Custom Printed Drawstring Wine Bags Wholesale | Linen Gift Pouches","_seopress_titles_desc":"Shop custom printed drawstring linen wine bags wholesale at Aveco. Convenient storage, easy to carry, and perfect for personalized wine gifting. Low custom MOQ!","_seopress_robots_index":""},"product_brand":[],"product_cat":[92,102,109],"product_tag":[124],"class_list":{"0":"post-12966","1":"product","2":"type-product","3":"status-publish","4":"has-post-thumbnail","6":"product_cat-drawstring-bag","7":"product_cat-cotton-canvas-bag","8":"product_cat-everyday","9":"product_tag-wine-bag","11":"first","12":"instock","13":"taxable","14":"shipping-taxable","15":"product-type-simple"},"_links":{"self":[{"href":"https:\/\/avecobaggie.com\/pt\/wp-json\/wp\/v2\/product\/12966","targetHints":{"allow":["GET"]}}],"collection":[{"href":"https:\/\/avecobaggie.com\/pt\/wp-json\/wp\/v2\/product"}],"about":[{"href":"https:\/\/avecobaggie.com\/pt\/wp-json\/wp\/v2\/types\/product"}],"replies":[{"embeddable":true,"href":"https:\/\/avecobaggie.com\/pt\/wp-json\/wp\/v2\/comments?post=12966"}],"wp:featuredmedia":[{"embeddable":true,"href":"https:\/\/avecobaggie.com\/pt\/wp-json\/wp\/v2\/media\/12960"}],"wp:attachment":[{"href":"https:\/\/avecobaggie.com\/pt\/wp-json\/wp\/v2\/media?parent=12966"}],"wp:term":[{"taxonomy":"product_brand","embeddable":true,"href":"https:\/\/avecobaggie.com\/pt\/wp-json\/wp\/v2\/product_brand?post=12966"},{"taxonomy":"product_cat","embeddable":true,"href":"https:\/\/avecobaggie.com\/pt\/wp-json\/wp\/v2\/product_cat?post=12966"},{"taxonomy":"product_tag","embeddable":true,"href":"https:\/\/avecobaggie.com\/pt\/wp-json\/wp\/v2\/product_tag?post=12966"}],"curies":[{"name":"wp","href":"https:\/\/api.w.org\/{rel}","templated":true}]}}