{"id":1721,"date":"2021-03-02T00:29:25","date_gmt":"2021-03-01T16:29:25","guid":{"rendered":"https:\/\/avecobaggie.com\/?post_type=product&#038;p=1721"},"modified":"2021-03-30T11:16:38","modified_gmt":"2021-03-30T03:16:38","slug":"custom-cotton-canvas-tote-bag","status":"publish","type":"product","link":"https:\/\/avecobaggie.com\/pt\/produto\/custom-cotton-canvas-tote-bag\/","title":{"rendered":"Saco de lona de algod\u00e3o personalizado"},"content":{"rendered":"<p>A Aveco fornece principalmente sacos ecol\u00f3gicos personalizados com um servi\u00e7o de solu\u00e7\u00e3o de balc\u00e3o \u00fanico. Tamb\u00e9m temos algumas formas b\u00e1sicas de sacos para um in\u00edcio f\u00e1cil, conforme listado no s\u00edtio Web de\u00a0\u00a0<a href=\"https:\/\/avecobaggie.com\/pt\/categoria-produto\/bags-in-stock\/\"> Sacos em stock <\/a>. a maior parte dos sacos armazenados est\u00e3o em branco, sem qualquer impress\u00e3o, pelo que \u00e9 mais f\u00e1cil para si criar um log\u00f3tipo ou etiqueta privada para os seus clientes, sem qualquer m\u00ednimo.<\/p>\n<p><span class=\"Apple-converted-space\">\u00a0 \u00a0 Se quiser personalizar estes sacos ecol\u00f3gicos, tamb\u00e9m \u00e9 f\u00e1cil, alguns dos sacos s\u00e3o mesmo com pre\u00e7os extremamente baixos. <\/span>MOQ para superf\u00edcies personalizadas. Especialmente o saco de algod\u00e3o ou lona \u00e9 extremamente baixo, com 100 pe\u00e7as ou at\u00e9 menos para apoiar os iniciantes, v\u00e1 para <a href=\"https:\/\/avecobaggie.com\/pt\/custom-solutions\/\"><strong>SOLU\u00c7\u00d5ES PERSONALIZADAS<\/strong><\/a> para saber mais sobre os passos dos sacos ecol\u00f3gicos personalizados.<\/p>\n<h3 class=\"p1\"><span style=\"color: #333333;\">Carater\u00edsticas do produto para Saco de lona de algod\u00e3o personalizado<\/span><\/h3>\n<ul>\n<li><strong>Estilo do saco<\/strong>: Bolsas<\/li>\n<li><strong>Tipo de material<\/strong>: Algod\u00e3o, lona, tamb\u00e9m pode ser personalizado como outro material com juta, linho, n\u00e3o tecido, oxford, etc.<\/li>\n<li><strong>Material Peso<\/strong>: 8oz \/10 oz\/ 12 oz\/14oz, recomendamos pelo menos 8oz<\/li>\n<li><strong>Cor do material<\/strong>: Branco<\/li>\n<li><strong>Tamanho do saco<\/strong>: 29X26x4.5CM lista com tamanho padr\u00e3o, aceitamos saco de tamanho personalizado \uff09<\/li>\n<li><strong>\u00c1rea de impress\u00e3o<\/strong>: 1 cor | 2 cores | mais cores| Impress\u00e3o completa, impress\u00e3o de um lado ou dois lados<\/li>\n<li><strong>Encerramento<\/strong>: Aberto com al\u00e7as, o comprimento normal da al\u00e7a \u00e9 75CM, se voc\u00ea solicitar mais ou menos, tamb\u00e9m est\u00e1 ok, pls apenas especific\u00e1-lo.<\/li>\n<li><strong>Instru\u00e7\u00f5es de manuten\u00e7\u00e3o<\/strong>: Recomenda-se a lavagem \u00e0 m\u00e3o, a lavagem \u00e0 m\u00e1quina tamb\u00e9m \u00e9 aceit\u00e1vel, pendurar a secar.<\/li>\n<\/ul>\n<p><strong>Notas:Para o tecido de algod\u00e3o, haver\u00e1 um ligeiro encolhimento ap\u00f3s a lavagem<\/strong><\/p>","protected":false},"excerpt":{"rendered":"<p>O estilo mais simples de totes, sem refor\u00e7o, mas com um saco interior, especialmente popular entre os jovens. Muito utilizado no dia a dia, no trabalho e na escola. \u00c9 melhor personalizar com o seu log\u00f3tipo nos sacos de lona de algod\u00e3o e expandir a notoriedade da sua marca.<\/p>","protected":false},"featured_media":1726,"comment_status":"open","ping_status":"closed","template":"","meta":{"_seopress_robots_primary_cat":"none","_seopress_titles_title":"%%post_title%% %%sep%%Get Customized with Aveco","_seopress_titles_desc":"Aveco designs and manufactures various cotton canvas tote bag.OEM with requested shape, printing and packing as well.Fast Proofing and Shipment","_seopress_robots_index":""},"product_brand":[],"product_cat":[29,102,108,109],"product_tag":[],"class_list":{"0":"post-1721","1":"product","2":"type-product","3":"status-publish","4":"has-post-thumbnail","6":"product_cat-tote-bag","7":"product_cat-cotton-canvas-bag","8":"product_cat-work-school","9":"product_cat-everyday","11":"first","12":"instock","13":"taxable","14":"shipping-taxable","15":"product-type-simple"},"_links":{"self":[{"href":"https:\/\/avecobaggie.com\/pt\/wp-json\/wp\/v2\/product\/1721","targetHints":{"allow":["GET"]}}],"collection":[{"href":"https:\/\/avecobaggie.com\/pt\/wp-json\/wp\/v2\/product"}],"about":[{"href":"https:\/\/avecobaggie.com\/pt\/wp-json\/wp\/v2\/types\/product"}],"replies":[{"embeddable":true,"href":"https:\/\/avecobaggie.com\/pt\/wp-json\/wp\/v2\/comments?post=1721"}],"wp:featuredmedia":[{"embeddable":true,"href":"https:\/\/avecobaggie.com\/pt\/wp-json\/wp\/v2\/media\/1726"}],"wp:attachment":[{"href":"https:\/\/avecobaggie.com\/pt\/wp-json\/wp\/v2\/media?parent=1721"}],"wp:term":[{"taxonomy":"product_brand","embeddable":true,"href":"https:\/\/avecobaggie.com\/pt\/wp-json\/wp\/v2\/product_brand?post=1721"},{"taxonomy":"product_cat","embeddable":true,"href":"https:\/\/avecobaggie.com\/pt\/wp-json\/wp\/v2\/product_cat?post=1721"},{"taxonomy":"product_tag","embeddable":true,"href":"https:\/\/avecobaggie.com\/pt\/wp-json\/wp\/v2\/product_tag?post=1721"}],"curies":[{"name":"wp","href":"https:\/\/api.w.org\/{rel}","templated":true}]}}