{"id":1794,"date":"2021-03-02T15:49:15","date_gmt":"2021-03-02T07:49:15","guid":{"rendered":"https:\/\/avecobaggie.com\/?post_type=product&#038;p=1794"},"modified":"2021-03-30T11:09:34","modified_gmt":"2021-03-30T03:09:34","slug":"full-print-linen-tote","status":"publish","type":"product","link":"https:\/\/avecobaggie.com\/pt\/produto\/full-print-linen-tote\/","title":{"rendered":"Bolsa de linho com impress\u00e3o integral"},"content":{"rendered":"<p>Aveco mainly provide customized eco bags with one stop shop solution service. we can OEM with\u00a0 a full range of cotton bag, canvas bag,l inen bag, jute bag, oxford bag, tote bag, lunch bag, beach bag, gym bags cooler bags, and other creative bags.We also have some basic shape of eco bags for an easy start as listed on the website of\u00a0\u00a0<a href=\"https:\/\/avecobaggie.com\/pt\/categoria-produto\/bags-in-stock\/\"> Sacos em stock <\/a>. a maior parte dos sacos armazenados est\u00e3o em branco, sem qualquer impress\u00e3o, pelo que \u00e9 mais f\u00e1cil para si criar um log\u00f3tipo ou etiqueta privada para os seus clientes, sem qualquer m\u00ednimo.<\/p>\n<p><span class=\"Apple-converted-space\">\u00a0 \u00a0 Se quiser personalizar estes sacos ecol\u00f3gicos, tamb\u00e9m \u00e9 f\u00e1cil, alguns dos sacos s\u00e3o mesmo com pre\u00e7os extremamente baixos. <\/span>MOQ para superf\u00edcies personalizadas. Especialmente o saco de algod\u00e3o ou lona \u00e9 extremamente baixo, com 100 pe\u00e7as ou at\u00e9 menos para apoiar os iniciantes, v\u00e1 para <a href=\"https:\/\/avecobaggie.com\/pt\/custom-solutions\/\"><strong>SOLU\u00c7\u00d5ES PERSONALIZADAS<\/strong><\/a> para saber mais sobre as etapas dos sacos personalizados.<\/p>\n<h3 class=\"p1\"><span style=\"color: #333333;\">Product Features for Full Print Linen Tote<\/span><\/h3>\n<ul>\n<li><strong>Estilo do saco<\/strong>: Totes shoulder bag<\/li>\n<li><strong>Tipo de material<\/strong>: Natural Linen with full printing<\/li>\n<li><strong>Cor do material<\/strong>: Bege natural<\/li>\n<li><strong>Tamanho do saco<\/strong>:34X43CM ( list with standard size, we accept customized size bag \uff09<\/li>\n<li><strong>\u00c1rea de impress\u00e3o<\/strong>: 1 cor | 2 cores | mais cores| Impress\u00e3o completa, impress\u00e3o de um lado ou dois lados<\/li>\n<li><strong>Encerramento<\/strong>: Aberto<\/li>\n<li><strong>Instru\u00e7\u00f5es de manuten\u00e7\u00e3o<\/strong>: Recomenda-se a lavagem \u00e0 m\u00e3o, a lavagem \u00e0 m\u00e1quina tamb\u00e9m \u00e9 aceit\u00e1vel, pendurar a secar.<\/li>\n<\/ul>","protected":false},"excerpt":{"rendered":"<p>Novel in style, unique in shape and exquisite in workmanship, custom any color or full design on the linen tote bag with an MOQ of 100 pieces,Fast Mockup,Free Design,Your best choice on promotional totes<\/p>","protected":false},"featured_media":1795,"comment_status":"open","ping_status":"closed","template":"","meta":{"_seopress_robots_primary_cat":"none","_seopress_titles_title":"%%post_title%% %%sep%%Free Sample %%sep%%OEM%%sep%%Avecobaggie","_seopress_titles_desc":"Aveco can custom any color or full design on the linen tote bag with an MOQ of 100 pieces,Fast Mockup,Free Design,Ask for a quote now. ","_seopress_robots_index":""},"product_brand":[],"product_cat":[29,103,111],"product_tag":[131],"class_list":{"0":"post-1794","1":"product","2":"type-product","3":"status-publish","4":"has-post-thumbnail","6":"product_cat-tote-bag","7":"product_cat-other-fabric-bag","8":"product_cat-promotional-events","9":"product_tag-linen-bag","11":"first","12":"instock","13":"taxable","14":"shipping-taxable","15":"product-type-simple"},"_links":{"self":[{"href":"https:\/\/avecobaggie.com\/pt\/wp-json\/wp\/v2\/product\/1794","targetHints":{"allow":["GET"]}}],"collection":[{"href":"https:\/\/avecobaggie.com\/pt\/wp-json\/wp\/v2\/product"}],"about":[{"href":"https:\/\/avecobaggie.com\/pt\/wp-json\/wp\/v2\/types\/product"}],"replies":[{"embeddable":true,"href":"https:\/\/avecobaggie.com\/pt\/wp-json\/wp\/v2\/comments?post=1794"}],"wp:featuredmedia":[{"embeddable":true,"href":"https:\/\/avecobaggie.com\/pt\/wp-json\/wp\/v2\/media\/1795"}],"wp:attachment":[{"href":"https:\/\/avecobaggie.com\/pt\/wp-json\/wp\/v2\/media?parent=1794"}],"wp:term":[{"taxonomy":"product_brand","embeddable":true,"href":"https:\/\/avecobaggie.com\/pt\/wp-json\/wp\/v2\/product_brand?post=1794"},{"taxonomy":"product_cat","embeddable":true,"href":"https:\/\/avecobaggie.com\/pt\/wp-json\/wp\/v2\/product_cat?post=1794"},{"taxonomy":"product_tag","embeddable":true,"href":"https:\/\/avecobaggie.com\/pt\/wp-json\/wp\/v2\/product_tag?post=1794"}],"curies":[{"name":"wp","href":"https:\/\/api.w.org\/{rel}","templated":true}]}}