{"id":1860,"date":"2021-03-03T15:28:48","date_gmt":"2021-03-03T07:28:48","guid":{"rendered":"https:\/\/avecobaggie.com\/?post_type=product&#038;p=1860"},"modified":"2021-03-30T11:04:20","modified_gmt":"2021-03-30T03:04:20","slug":"custom-stitched-cotton-single-drawstring-bag","status":"publish","type":"product","link":"https:\/\/avecobaggie.com\/pt\/produto\/custom-stitched-cotton-single-drawstring-bag\/","title":{"rendered":"Saco de algod\u00e3o com cord\u00e3o \u00fanico cosido personalizado"},"content":{"rendered":"<p>A Aveco fornece principalmente sacos ecol\u00f3gicos personalizados com um servi\u00e7o de solu\u00e7\u00e3o de balc\u00e3o \u00fanico. Os nossos sacos s\u00e3o dur\u00e1veis, de alta qualidade e acess\u00edveis para satisfazer diferentes objectivos. Todos os materiais que utilizamos s\u00e3o amigos do ambiente, incluindo algod\u00e3o, lona, linho, juta, feltro, etc. Se pretende fabricar sacos com a sua marca privada ou para eventos promocionais, podemos satisfazer as suas necessidades a granel com um MOQ bastante baixo e entrega r\u00e1pida.<\/p>\n<p>CARACTER\u00cdSTICAS DO PRODUTO<\/p>\n<ul>\n<li><strong>Estilo do saco<\/strong>: Saco com cord\u00e3o<\/li>\n<li><strong>Tipo de material<\/strong>: algod\u00e3o<\/li>\n<li><strong>Material Peso<\/strong>: 8 on\u00e7as<\/li>\n<li><strong>Cor do material<\/strong>: Emenda branca e amarela<\/li>\n<li><strong>Tamanho do saco<\/strong>: 16X16X26CM\uff08lista com tamanho popular, aceitamos saco de tamanho personalizado\uff09<\/li>\n<li><strong>\u00c1rea de impress\u00e3o<\/strong>: 1 cor | 2 cores | mais cores| Impress\u00e3o completa, impress\u00e3o de um lado ou dois lados<\/li>\n<li><strong>Encerramento<\/strong>: Cord\u00e3o<\/li>\n<li><strong>Instru\u00e7\u00f5es de manuten\u00e7\u00e3o<\/strong>: Recomenda-se a lavagem \u00e0 m\u00e3o, a lavagem \u00e0 m\u00e1quina tamb\u00e9m \u00e9 aceit\u00e1vel, pendurar a secar.<\/li>\n<\/ul>\n<p><strong>Notas:Para o tecido de algod\u00e3o, haver\u00e1 um ligeiro encolhimento ap\u00f3s a lavagem<\/strong><\/p>","protected":false},"excerpt":{"rendered":"<p>Perfeito para presentes com programas de compra e brindes, personalize o seu log\u00f3tipo no saco de algod\u00e3o com cord\u00e3o e expanda o conhecimento da sua marca<\/p>","protected":false},"featured_media":1861,"comment_status":"open","ping_status":"closed","template":"","meta":{"_seopress_robots_primary_cat":"none","_seopress_titles_title":"","_seopress_titles_desc":"","_seopress_robots_index":""},"product_brand":[],"product_cat":[92,102,111],"product_tag":[],"class_list":{"0":"post-1860","1":"product","2":"type-product","3":"status-publish","4":"has-post-thumbnail","6":"product_cat-drawstring-bag","7":"product_cat-cotton-canvas-bag","8":"product_cat-promotional-events","10":"first","11":"instock","12":"taxable","13":"shipping-taxable","14":"product-type-simple"},"_links":{"self":[{"href":"https:\/\/avecobaggie.com\/pt\/wp-json\/wp\/v2\/product\/1860","targetHints":{"allow":["GET"]}}],"collection":[{"href":"https:\/\/avecobaggie.com\/pt\/wp-json\/wp\/v2\/product"}],"about":[{"href":"https:\/\/avecobaggie.com\/pt\/wp-json\/wp\/v2\/types\/product"}],"replies":[{"embeddable":true,"href":"https:\/\/avecobaggie.com\/pt\/wp-json\/wp\/v2\/comments?post=1860"}],"wp:featuredmedia":[{"embeddable":true,"href":"https:\/\/avecobaggie.com\/pt\/wp-json\/wp\/v2\/media\/1861"}],"wp:attachment":[{"href":"https:\/\/avecobaggie.com\/pt\/wp-json\/wp\/v2\/media?parent=1860"}],"wp:term":[{"taxonomy":"product_brand","embeddable":true,"href":"https:\/\/avecobaggie.com\/pt\/wp-json\/wp\/v2\/product_brand?post=1860"},{"taxonomy":"product_cat","embeddable":true,"href":"https:\/\/avecobaggie.com\/pt\/wp-json\/wp\/v2\/product_cat?post=1860"},{"taxonomy":"product_tag","embeddable":true,"href":"https:\/\/avecobaggie.com\/pt\/wp-json\/wp\/v2\/product_tag?post=1860"}],"curies":[{"name":"wp","href":"https:\/\/api.w.org\/{rel}","templated":true}]}}