{"id":1898,"date":"2021-03-04T09:33:25","date_gmt":"2021-03-04T01:33:25","guid":{"rendered":"https:\/\/avecobaggie.com\/?post_type=product&#038;p=1898"},"modified":"2022-08-01T17:46:22","modified_gmt":"2022-08-01T09:46:22","slug":"custom-small-satin-gift-bag","status":"publish","type":"product","link":"https:\/\/avecobaggie.com\/pt\/produto\/custom-small-satin-gift-bag\/","title":{"rendered":"Saco de oferta pequeno de cetim personalizado"},"content":{"rendered":"<p>A Aveco fornece principalmente sacos ecol\u00f3gicos personalizados com um servi\u00e7o de solu\u00e7\u00e3o de balc\u00e3o \u00fanico. Tamb\u00e9m temos algumas formas b\u00e1sicas de sacos para um in\u00edcio f\u00e1cil, conforme listado no s\u00edtio Web de\u00a0\u00a0<a href=\"https:\/\/avecobaggie.com\/pt\/categoria-produto\/bags-in-stock\/\"> Sacos em stock <\/a>. a maior parte dos sacos armazenados est\u00e3o em branco, sem qualquer impress\u00e3o, pelo que \u00e9 mais f\u00e1cil para si criar um log\u00f3tipo ou etiqueta privada para os seus clientes, sem qualquer m\u00ednimo.<\/p>\n<p><span class=\"Apple-converted-space\">\u00a0 \u00a0 Se quiser personalizar estes sacos ecol\u00f3gicos, tamb\u00e9m \u00e9 f\u00e1cil, alguns dos sacos s\u00e3o mesmo com pre\u00e7os extremamente baixos. <\/span>MOQ para superf\u00edcies personalizadas. Especialmente o saco de algod\u00e3o ou lona \u00e9 extremamente baixo, com 100 pe\u00e7as ou at\u00e9 menos para apoiar os iniciantes, v\u00e1 para <a href=\"https:\/\/avecobaggie.com\/pt\/custom-solutions\/\"><strong>SOLU\u00c7\u00d5ES PERSONALIZADAS<\/strong><\/a> para saber mais sobre as etapas dos sacos personalizados.<\/p>\n<h3 class=\"p1\"><span style=\"color: #333333;\">\u00a0 \u00a0 Carater\u00edsticas do produto para o Saco de oferta de cetim pequeno personalizado<\/span><\/h3>\n<ul>\n<li><strong>Estilo do saco<\/strong>: Saco de oferta em cetim<\/li>\n<li><strong>Tipo de material<\/strong>: Cetim,<span class=\"a-list-item\">O material resistente mant\u00e9m a sua forma, o que evita que os sacos se deformem e fiquem enrugados. Suficientemente forte para suportar objectos mais pesados<\/span><\/li>\n<li><strong>Cor do material<\/strong>: Cor<\/li>\n<li><strong>Tamanho do saco<\/strong>: 13X18CM\uff08lista com tamanho popular, aceitamos saco de tamanho personalizado\uff09<\/li>\n<li><strong>\u00c1rea de impress\u00e3o<\/strong>: 1 cor | 2 cores | mais cores| Impress\u00e3o completa, impress\u00e3o de um lado ou dois lados<\/li>\n<li><strong>Encerramento<\/strong>: O cord\u00e3o mant\u00e9m os seus objectos guardados em seguran\u00e7a e a costura lateral dupla de alta qualidade proporciona um ajuste seguro e uma utiliza\u00e7\u00e3o duradoura, <span class=\"a-list-item\">um cord\u00e3o de fita de boa qualidade, que facilita a abertura e o fecho dos sacos, ajudando-o a evitar a perda de objectos.<\/span><\/li>\n<li><strong>Instru\u00e7\u00f5es de manuten\u00e7\u00e3o<\/strong>: Recomenda-se a lavagem \u00e0 m\u00e3o.<\/li>\n<li><strong>Ampla aplica\u00e7\u00e3o:<\/strong><span class=\"a-list-item\">\u00a0Os pequenos sacos de cetim para presentes s\u00e3o perfeitos para f\u00e9rias, festas, ch\u00e1s de beb\u00e9, Halloween, Natal e quaisquer outros eventos especiais. Ideal para embalar presentes de loja, j\u00f3ias, frascos de maquilhagem, doces, snacks, saquetas, amostras, presentes, sabonetes, cart\u00f5es, moedas, outros artigos ligeiramente mais pesados, etc.<\/span><\/li>\n<\/ul>","protected":false},"excerpt":{"rendered":"<p>Feito de tecido de cetim de qualidade suave, leve e ultra macio. Perfeito para presentes com programas de compra e brindes, seja personalizado com seu logotipo do fabricante de bolsas de cetim e expanda sua marca.<\/p>","protected":false},"featured_media":1899,"comment_status":"open","ping_status":"closed","template":"","meta":{"_seopress_robots_primary_cat":"none","_seopress_titles_title":"Custom Small Satin Gift Bags - Free Sample - Fast Proofing","_seopress_titles_desc":"Smooth Satin Fabric, Lightweight and Ultra Soft.Perfect for promotional events. Get customized Now on small satin gift bags and expand your brand.","_seopress_robots_index":""},"product_brand":[],"product_cat":[92,103,109,111],"product_tag":[],"class_list":{"0":"post-1898","1":"product","2":"type-product","3":"status-publish","4":"has-post-thumbnail","6":"product_cat-drawstring-bag","7":"product_cat-other-fabric-bag","8":"product_cat-everyday","9":"product_cat-promotional-events","11":"first","12":"instock","13":"taxable","14":"shipping-taxable","15":"product-type-simple"},"_links":{"self":[{"href":"https:\/\/avecobaggie.com\/pt\/wp-json\/wp\/v2\/product\/1898","targetHints":{"allow":["GET"]}}],"collection":[{"href":"https:\/\/avecobaggie.com\/pt\/wp-json\/wp\/v2\/product"}],"about":[{"href":"https:\/\/avecobaggie.com\/pt\/wp-json\/wp\/v2\/types\/product"}],"replies":[{"embeddable":true,"href":"https:\/\/avecobaggie.com\/pt\/wp-json\/wp\/v2\/comments?post=1898"}],"wp:featuredmedia":[{"embeddable":true,"href":"https:\/\/avecobaggie.com\/pt\/wp-json\/wp\/v2\/media\/1899"}],"wp:attachment":[{"href":"https:\/\/avecobaggie.com\/pt\/wp-json\/wp\/v2\/media?parent=1898"}],"wp:term":[{"taxonomy":"product_brand","embeddable":true,"href":"https:\/\/avecobaggie.com\/pt\/wp-json\/wp\/v2\/product_brand?post=1898"},{"taxonomy":"product_cat","embeddable":true,"href":"https:\/\/avecobaggie.com\/pt\/wp-json\/wp\/v2\/product_cat?post=1898"},{"taxonomy":"product_tag","embeddable":true,"href":"https:\/\/avecobaggie.com\/pt\/wp-json\/wp\/v2\/product_tag?post=1898"}],"curies":[{"name":"wp","href":"https:\/\/api.w.org\/{rel}","templated":true}]}}