{"id":1916,"date":"2021-03-04T11:20:42","date_gmt":"2021-03-04T03:20:42","guid":{"rendered":"https:\/\/avecobaggie.com\/?post_type=product&#038;p=1916"},"modified":"2021-03-30T10:58:46","modified_gmt":"2021-03-30T02:58:46","slug":"drawstring-jute-wine-gift-bag-wholesale","status":"publish","type":"product","link":"https:\/\/avecobaggie.com\/pt\/produto\/drawstring-jute-wine-gift-bag-wholesale\/","title":{"rendered":"Saco de juta com cord\u00e3o para oferta de vinho por atacado"},"content":{"rendered":"<p>A Aveco fornece principalmente sacos ecol\u00f3gicos personalizados com um servi\u00e7o de solu\u00e7\u00e3o de balc\u00e3o \u00fanico. Os nossos sacos s\u00e3o dur\u00e1veis, de alta qualidade e acess\u00edveis para satisfazer diferentes objectivos. Todos os materiais que utilizamos s\u00e3o amigos do ambiente, incluindo algod\u00e3o, lona, linho, juta, feltro, etc. Se pretende fabricar sacos com a sua marca privada ou para eventos promocionais, podemos satisfazer as suas necessidades a granel com um MOQ bastante baixo e entrega r\u00e1pida.<\/p>\n<h3 class=\"p1\"><span style=\"color: #333333;\">\u00a0Product Features for Drawstring Jute Wine Gift Bag<\/span><\/h3>\n<ul>\n<li><strong>Estilo do saco<\/strong>: Wine Gift Bag<\/li>\n<li><strong>Tipo de material<\/strong>: Jute,<span class=\"a-list-item\">Washable Reusable Fabric &#8211; The jute wine bags are made of natural jute fiber mixed polyester, they don&#8217;t shed fibers like pure rustic burlap and are washable, more durable and adorable, vintage also stylish<\/span><\/li>\n<li><strong>Cor do material<\/strong>: Natural jute,<span class=\"a-list-item\">Brown Jute Color for Year Round Giving &#8211; The jute burlap wine bags are in brown color, they make any wine bottle fancier, and a nice light blocking effect for your wine; good for presenting wine gift, blind tasting party, wine decor etc<\/span><\/li>\n<li><strong>Tamanho do saco<\/strong>:14&#8243; x 6 1\/4&#8243; \/ 35.5cm x 16cm, fit most standard 750ml \/ 25.3oz single wine bottles and champagne bottles, and the bags can be crafting with HTV vinyl, very classy way to present wine gift<\/li>\n<li><strong>\u00c1rea de impress\u00e3o<\/strong>: 1 cor | 2 cores | mais cores| Impress\u00e3o completa, impress\u00e3o de um lado ou dois lados<\/li>\n<li><strong>Encerramento<\/strong>: Drawstring,<span class=\"a-list-item\">Easy To Open And Close Nicely &#8211; Hessian bottle gift bags with drawstring are more easy to close and open, the unique way to wrap wine, beer, liquor or any long-ish or tall-ish gift about the size of a bottle<\/span><\/li>\n<li><strong>Instru\u00e7\u00f5es de manuten\u00e7\u00e3o<\/strong>: Recomenda-se a lavagem \u00e0 m\u00e3o.<br \/>\n<span class=\"a-list-item\">Versatile Burlap Glass Bottle Bags &#8211; These cloth wine gift bags dress up liquor bottle nicely and keep away dust at the same time. Nice for party decoration, wine gift wrapping, wine tasting, holiday decor like Christmas etc<\/span><\/li>\n<\/ul>","protected":false},"excerpt":{"rendered":"<p>Convenient and simple storage, easy to carry, perfect wine decorations for travel, wedding, birthday, housewarming and dinner party.<\/p>","protected":false},"featured_media":1917,"comment_status":"open","ping_status":"closed","template":"","meta":{"_seopress_robots_primary_cat":"none","_seopress_titles_title":"Drawstring Jute Wine Gift Bag Wholesale - Free Sample","_seopress_titles_desc":"Washable Reusable Fabric,Brown Jute Color for Year Round Giving,Easy To Open And Close Nicely,Size and Logo Can be easily Customized.","_seopress_robots_index":""},"product_brand":[],"product_cat":[92,104,109],"product_tag":[124],"class_list":{"0":"post-1916","1":"product","2":"type-product","3":"status-publish","4":"has-post-thumbnail","6":"product_cat-drawstring-bag","7":"product_cat-jute-burlap-bag","8":"product_cat-everyday","9":"product_tag-wine-bag","11":"first","12":"instock","13":"taxable","14":"shipping-taxable","15":"product-type-simple"},"_links":{"self":[{"href":"https:\/\/avecobaggie.com\/pt\/wp-json\/wp\/v2\/product\/1916","targetHints":{"allow":["GET"]}}],"collection":[{"href":"https:\/\/avecobaggie.com\/pt\/wp-json\/wp\/v2\/product"}],"about":[{"href":"https:\/\/avecobaggie.com\/pt\/wp-json\/wp\/v2\/types\/product"}],"replies":[{"embeddable":true,"href":"https:\/\/avecobaggie.com\/pt\/wp-json\/wp\/v2\/comments?post=1916"}],"wp:featuredmedia":[{"embeddable":true,"href":"https:\/\/avecobaggie.com\/pt\/wp-json\/wp\/v2\/media\/1917"}],"wp:attachment":[{"href":"https:\/\/avecobaggie.com\/pt\/wp-json\/wp\/v2\/media?parent=1916"}],"wp:term":[{"taxonomy":"product_brand","embeddable":true,"href":"https:\/\/avecobaggie.com\/pt\/wp-json\/wp\/v2\/product_brand?post=1916"},{"taxonomy":"product_cat","embeddable":true,"href":"https:\/\/avecobaggie.com\/pt\/wp-json\/wp\/v2\/product_cat?post=1916"},{"taxonomy":"product_tag","embeddable":true,"href":"https:\/\/avecobaggie.com\/pt\/wp-json\/wp\/v2\/product_tag?post=1916"}],"curies":[{"name":"wp","href":"https:\/\/api.w.org\/{rel}","templated":true}]}}