{"id":1941,"date":"2021-03-04T14:36:27","date_gmt":"2021-03-04T06:36:27","guid":{"rendered":"https:\/\/avecobaggie.com\/?post_type=product&#038;p=1941"},"modified":"2021-03-30T10:57:16","modified_gmt":"2021-03-30T02:57:16","slug":"canvas-2-bottles-wine-totes","status":"publish","type":"product","link":"https:\/\/avecobaggie.com\/pt\/produto\/canvas-2-bottles-wine-totes\/","title":{"rendered":"Sacos de lona para 2 garrafas de vinho"},"content":{"rendered":"<p>A Aveco fornece principalmente sacos ecol\u00f3gicos personalizados com um servi\u00e7o de solu\u00e7\u00e3o de balc\u00e3o \u00fanico. Os nossos sacos s\u00e3o dur\u00e1veis, de alta qualidade e acess\u00edveis para satisfazer diferentes objectivos. Todos os materiais que utilizamos s\u00e3o amigos do ambiente, incluindo algod\u00e3o, lona, linho, juta, feltro, etc. Se pretende fabricar sacos com a sua marca privada ou para eventos promocionais, podemos satisfazer as suas necessidades a granel com um MOQ bastante baixo e entrega r\u00e1pida.<\/p>\n<p>CARACTER\u00cdSTICAS DO PRODUTO<\/p>\n<ul>\n<li><strong>Estilo do saco<\/strong>: Saco para vinho resistente<\/li>\n<li><strong>Tipo de material<\/strong>: Lona de algod\u00e3o, outros materiais podem ser personalizados<\/li>\n<li><strong>Material Peso<\/strong>: Listado 16oz, tamb\u00e9m pode personalizar 6oz\/174GSM, 8oz\/232GSM, Outro - especificar abaixo<\/li>\n<li><strong>Cor do material<\/strong>: Emenda de branco com outra cor<\/li>\n<li><strong>Tamanho do saco<\/strong>: 18X32X10CM\uff08 Aceitamos saco de tamanho personalizado \uff09<\/li>\n<li><strong>\u00c1rea de impress\u00e3o<\/strong>: 1 cor | 2 cores | mais cores| Impress\u00e3o completa, impress\u00e3o de um lado ou dois lados<\/li>\n<li><strong>Encerramento<\/strong>: Aberto<\/li>\n<li><strong>Vantagem:<\/strong> 1. uma \u00f3ptima alternativa \u00e0s caixas de presente comuns e ao transporte de bebidas engarrafadas,2. perfeito para <span class=\"a-list-item\">Oferecer vinho engarrafado e \u00e1lcool de luxo a amigos e familiares em casamentos, anivers\u00e1rios, festas de inaugura\u00e7\u00e3o, celebra\u00e7\u00f5es e jantares; Utilizar para venda a retalho, lojas e supermercados<\/span><\/li>\n<li><strong>Instru\u00e7\u00f5es de manuten\u00e7\u00e3o<\/strong>: Recomenda-se a lavagem \u00e0 m\u00e3o, a lavagem \u00e0 m\u00e1quina tamb\u00e9m \u00e9 aceit\u00e1vel, pendurar a secar.<\/li>\n<\/ul>\n<p><strong>Notas:Para o tecido de algod\u00e3o, haver\u00e1 um ligeiro encolhimento ap\u00f3s a lavagem<\/strong><\/p>","protected":false},"excerpt":{"rendered":"<p>Fabricado em algod\u00e3o de qualidade que pode ser reutilizado de forma fi\u00e1vel, uma e outra vez.<\/p>","protected":false},"featured_media":1942,"comment_status":"open","ping_status":"closed","template":"","meta":{"_seopress_robots_primary_cat":"none","_seopress_titles_title":"","_seopress_titles_desc":"","_seopress_robots_index":""},"product_brand":[],"product_cat":[29,102,109],"product_tag":[],"class_list":{"0":"post-1941","1":"product","2":"type-product","3":"status-publish","4":"has-post-thumbnail","6":"product_cat-tote-bag","7":"product_cat-cotton-canvas-bag","8":"product_cat-everyday","10":"first","11":"instock","12":"taxable","13":"shipping-taxable","14":"product-type-simple"},"_links":{"self":[{"href":"https:\/\/avecobaggie.com\/pt\/wp-json\/wp\/v2\/product\/1941","targetHints":{"allow":["GET"]}}],"collection":[{"href":"https:\/\/avecobaggie.com\/pt\/wp-json\/wp\/v2\/product"}],"about":[{"href":"https:\/\/avecobaggie.com\/pt\/wp-json\/wp\/v2\/types\/product"}],"replies":[{"embeddable":true,"href":"https:\/\/avecobaggie.com\/pt\/wp-json\/wp\/v2\/comments?post=1941"}],"wp:featuredmedia":[{"embeddable":true,"href":"https:\/\/avecobaggie.com\/pt\/wp-json\/wp\/v2\/media\/1942"}],"wp:attachment":[{"href":"https:\/\/avecobaggie.com\/pt\/wp-json\/wp\/v2\/media?parent=1941"}],"wp:term":[{"taxonomy":"product_brand","embeddable":true,"href":"https:\/\/avecobaggie.com\/pt\/wp-json\/wp\/v2\/product_brand?post=1941"},{"taxonomy":"product_cat","embeddable":true,"href":"https:\/\/avecobaggie.com\/pt\/wp-json\/wp\/v2\/product_cat?post=1941"},{"taxonomy":"product_tag","embeddable":true,"href":"https:\/\/avecobaggie.com\/pt\/wp-json\/wp\/v2\/product_tag?post=1941"}],"curies":[{"name":"wp","href":"https:\/\/api.w.org\/{rel}","templated":true}]}}