{"id":1962,"date":"2021-03-04T15:57:56","date_gmt":"2021-03-04T07:57:56","guid":{"rendered":"https:\/\/avecobaggie.com\/?post_type=product&#038;p=1962"},"modified":"2021-03-30T10:55:45","modified_gmt":"2021-03-30T02:55:45","slug":"non-woven-drawstring-shoes-bag","status":"publish","type":"product","link":"https:\/\/avecobaggie.com\/pt\/produto\/non-woven-drawstring-shoes-bag\/","title":{"rendered":"saco para sapatos em tecido n\u00e3o tecido com cord\u00e3o"},"content":{"rendered":"<p>A Aveco fornece principalmente sacos ecol\u00f3gicos personalizados com um servi\u00e7o de solu\u00e7\u00e3o de balc\u00e3o \u00fanico. Os nossos sacos s\u00e3o dur\u00e1veis, de alta qualidade e acess\u00edveis para satisfazer diferentes objectivos. Todos os materiais que utilizamos s\u00e3o amigos do ambiente, incluindo algod\u00e3o, lona, linho, juta, feltro, etc. Se pretende fabricar sacos com a sua marca privada ou para eventos promocionais, podemos satisfazer as suas necessidades a granel com um MOQ bastante baixo e entrega r\u00e1pida.<\/p>\n<p>The listed dust free shoe bag is Made from high quality non-woven fabric with thick drawstring for convenient organization.<\/p>\n<p>CARACTER\u00cdSTICAS DO PRODUTO<\/p>\n<ul>\n<li><strong>Estilo do saco<\/strong>: Saco com cord\u00e3o<\/li>\n<li><strong>Tipo de material<\/strong>: Non woven + polyester clear window<\/li>\n<li><strong>Material Peso<\/strong>: 70g<\/li>\n<li><strong>Cor do material<\/strong>: suggested black color, can also be rose, blue and other customized color<\/li>\n<li><strong>Tamanho do saco<\/strong>: 28X38CM\uff08 can customized size with your request\uff09<\/li>\n<li><strong>\u00c1rea de impress\u00e3o<\/strong>: 1 cor | 2 cores | mais cores| Impress\u00e3o completa, impress\u00e3o de um lado ou dois lados<\/li>\n<li><strong>advantage<\/strong>: 1.Translucent clear Window Design, it will help you easier to identify which pair of shoes in it, save your time. Convenient for travel and life.2.The travel shoe bags has no smell, stain resistant, breathable, foldable, lightweight and portable, convenient to use.<\/li>\n<li><strong>MULTI -FUNCTION<\/strong>: Not just a shoe bag, also can be used as makeup bag, shoe accessories, traveling bags, toiletry bag, packing bags, gym accessories, laundry bags travel,,show bags, sport bags, drawstring Christmas gift bags and for other uses.<\/li>\n<li><strong>Instru\u00e7\u00f5es de manuten\u00e7\u00e3o<\/strong>: Recomenda-se a lavagem \u00e0 m\u00e3o, a lavagem \u00e0 m\u00e1quina tamb\u00e9m \u00e9 aceit\u00e1vel, pendurar a secar.<\/li>\n<\/ul>","protected":false},"excerpt":{"rendered":"<p>Protects your shoes against scuffs and scraps when storing in suite case, keeps well organized and dust free in the closet. Good design for home and travel use.<\/p>","protected":false},"featured_media":2179,"comment_status":"open","ping_status":"closed","template":"","meta":{"_seopress_robots_primary_cat":"none","_seopress_titles_title":"%%post_title%% %%sep%% %%sitetitle%%","_seopress_titles_desc":"","_seopress_robots_index":""},"product_brand":[],"product_cat":[92,105,110],"product_tag":[],"class_list":{"0":"post-1962","1":"product","2":"type-product","3":"status-publish","4":"has-post-thumbnail","6":"product_cat-drawstring-bag","7":"product_cat-non-woven-bag","8":"product_cat-travel","10":"first","11":"instock","12":"taxable","13":"shipping-taxable","14":"product-type-simple"},"_links":{"self":[{"href":"https:\/\/avecobaggie.com\/pt\/wp-json\/wp\/v2\/product\/1962","targetHints":{"allow":["GET"]}}],"collection":[{"href":"https:\/\/avecobaggie.com\/pt\/wp-json\/wp\/v2\/product"}],"about":[{"href":"https:\/\/avecobaggie.com\/pt\/wp-json\/wp\/v2\/types\/product"}],"replies":[{"embeddable":true,"href":"https:\/\/avecobaggie.com\/pt\/wp-json\/wp\/v2\/comments?post=1962"}],"wp:featuredmedia":[{"embeddable":true,"href":"https:\/\/avecobaggie.com\/pt\/wp-json\/wp\/v2\/media\/2179"}],"wp:attachment":[{"href":"https:\/\/avecobaggie.com\/pt\/wp-json\/wp\/v2\/media?parent=1962"}],"wp:term":[{"taxonomy":"product_brand","embeddable":true,"href":"https:\/\/avecobaggie.com\/pt\/wp-json\/wp\/v2\/product_brand?post=1962"},{"taxonomy":"product_cat","embeddable":true,"href":"https:\/\/avecobaggie.com\/pt\/wp-json\/wp\/v2\/product_cat?post=1962"},{"taxonomy":"product_tag","embeddable":true,"href":"https:\/\/avecobaggie.com\/pt\/wp-json\/wp\/v2\/product_tag?post=1962"}],"curies":[{"name":"wp","href":"https:\/\/api.w.org\/{rel}","templated":true}]}}