{"id":1978,"date":"2021-03-04T17:17:16","date_gmt":"2021-03-04T09:17:16","guid":{"rendered":"https:\/\/avecobaggie.com\/?post_type=product&#038;p=1978"},"modified":"2021-03-30T10:52:37","modified_gmt":"2021-03-30T02:52:37","slug":"black-waterproof-oxford-sports-backpack","status":"publish","type":"product","link":"https:\/\/avecobaggie.com\/pt\/produto\/black-waterproof-oxford-sports-backpack\/","title":{"rendered":"Mochila desportiva Oxford preta \u00e0 prova de \u00e1gua"},"content":{"rendered":"<p>A Aveco fornece principalmente sacos ecol\u00f3gicos personalizados com um servi\u00e7o de solu\u00e7\u00e3o de balc\u00e3o \u00fanico. Tamb\u00e9m temos algumas formas b\u00e1sicas de sacos para um in\u00edcio f\u00e1cil, conforme listado no s\u00edtio Web de\u00a0\u00a0<a href=\"https:\/\/avecobaggie.com\/pt\/categoria-produto\/bags-in-stock\/\"> Sacos em stock <\/a>. a maior parte dos sacos armazenados est\u00e3o em branco, sem qualquer impress\u00e3o, pelo que \u00e9 mais f\u00e1cil para si criar um log\u00f3tipo ou etiqueta privada para os seus clientes, sem qualquer m\u00ednimo.<\/p>\n<p><span class=\"Apple-converted-space\">\u00a0 \u00a0Se quiser personalizar estes sacos ecol\u00f3gicos, tamb\u00e9m \u00e9 f\u00e1cil, alguns dos sacos s\u00e3o mesmo com pre\u00e7os extremamente baixos. <\/span>MOQ para superf\u00edcies personalizadas. Especialmente o saco de algod\u00e3o ou lona \u00e9 extremamente baixo, com 100 pe\u00e7as ou at\u00e9 menos para apoiar os iniciantes, v\u00e1 para <a href=\"https:\/\/avecobaggie.com\/pt\/custom-solutions\/\"><strong>SOLU\u00c7\u00d5ES PERSONALIZADAS<\/strong><\/a> para saber mais sobre as etapas dos sacos personalizados.<\/p>\n<h3 class=\"p1\"><span style=\"color: #333333;\">Carater\u00edsticas do produto para Mochila desportiva imperme\u00e1vel Oxford<\/span><\/h3>\n<ul>\n<li><strong>Estilo do saco<\/strong>: Mochila com cord\u00e3o<\/li>\n<li><strong>Tipo de material<\/strong>: Oxford 260D <span class=\"a-list-item\">com canto refor\u00e7ado em couro PU<\/span><\/li>\n<li><strong>Cor do material<\/strong>: Azul, cor-de-rosa, preto ou cor personalizada.<\/li>\n<li><strong>Tamanho do saco<\/strong>: 34X39CM\uff08lista com tamanho popular, aceitamos saco de tamanho personalizado\uff09<\/li>\n<li><strong>\u00c1rea de impress\u00e3o<\/strong>: em branco, 1 cor | 2 cores | mais cores| Impress\u00e3o completa, impress\u00e3o de um lado ou dois lados<\/li>\n<li><strong>Encerramento<\/strong>: Cord\u00e3o<\/li>\n<li><strong>Instru\u00e7\u00f5es de manuten\u00e7\u00e3o<\/strong>: Recomenda-se a lavagem \u00e0 m\u00e3o, a lavagem \u00e0 m\u00e1quina tamb\u00e9m \u00e9 aceit\u00e1vel, pendurar a secar.<\/li>\n<li><span class=\"a-list-item\">Bonito e duradouro<\/span><\/li>\n<li><span class=\"a-list-item\">F\u00e1cil de utilizar: arraste o fio para fechar o saco, seguro e c\u00f3modo.<\/span><\/li>\n<li><span class=\"a-list-item\">Amplas aplica\u00e7\u00f5es: este tipo de sacos \u00e9 muito aplic\u00e1vel na nossa vida quotidiana, adequado para gin\u00e1sio, escola, crian\u00e7as, mochila de cord\u00e3o, saco de sesta, pacote de roupa, atletismo, viagens, etc., f\u00e1cil de classificar<\/span><\/li>\n<li><span class=\"a-list-item\"><img fetchpriority=\"high\" class=\"wp-image-2165 alignleft\" src=\"https:\/\/avecobaggie.com\/wp-content\/uploads\/2021\/03\/gym-backpack-300x186.jpg\" alt=\"\" width=\"867\" height=\"538\" srcset=\"https:\/\/avecobaggie.com\/wp-content\/uploads\/2021\/03\/gym-backpack-300x186.jpg 300w, https:\/\/avecobaggie.com\/wp-content\/uploads\/2021\/03\/gym-backpack-600x372.jpg 600w, https:\/\/avecobaggie.com\/wp-content\/uploads\/2021\/03\/gym-backpack-768x476.jpg 768w, https:\/\/avecobaggie.com\/wp-content\/uploads\/2021\/03\/gym-backpack.jpg 976w\" sizes=\"(max-width: 867px) 100vw, 867px\" \/><\/span><\/li>\n<\/ul>\n<p>&nbsp;<\/p>","protected":false},"excerpt":{"rendered":"<p><span class=\"a-list-item\">Design com cord\u00e3o, 2 correias de cada lado, leve e f\u00e1cil de transportar,<\/span><span class=\"a-list-item\">Perfeito para gin\u00e1sio, viagens, caminhadas, acampamentos, campos de f\u00e9rias e outras actividades ao ar livre<\/span><\/p>","protected":false},"featured_media":1992,"comment_status":"open","ping_status":"closed","template":"","meta":{"_seopress_robots_primary_cat":"none","_seopress_titles_title":"%%post_title%% %%sep%% Low MOQ %%sep%% Fast Ship","_seopress_titles_desc":"","_seopress_robots_index":""},"product_brand":[],"product_cat":[98,106,112,110,111],"product_tag":[],"class_list":{"0":"post-1978","1":"product","2":"type-product","3":"status-publish","4":"has-post-thumbnail","6":"product_cat-backpack-bag","7":"product_cat-oxford-bag","8":"product_cat-sports","9":"product_cat-travel","10":"product_cat-promotional-events","12":"first","13":"instock","14":"taxable","15":"shipping-taxable","16":"product-type-simple"},"_links":{"self":[{"href":"https:\/\/avecobaggie.com\/pt\/wp-json\/wp\/v2\/product\/1978","targetHints":{"allow":["GET"]}}],"collection":[{"href":"https:\/\/avecobaggie.com\/pt\/wp-json\/wp\/v2\/product"}],"about":[{"href":"https:\/\/avecobaggie.com\/pt\/wp-json\/wp\/v2\/types\/product"}],"replies":[{"embeddable":true,"href":"https:\/\/avecobaggie.com\/pt\/wp-json\/wp\/v2\/comments?post=1978"}],"wp:featuredmedia":[{"embeddable":true,"href":"https:\/\/avecobaggie.com\/pt\/wp-json\/wp\/v2\/media\/1992"}],"wp:attachment":[{"href":"https:\/\/avecobaggie.com\/pt\/wp-json\/wp\/v2\/media?parent=1978"}],"wp:term":[{"taxonomy":"product_brand","embeddable":true,"href":"https:\/\/avecobaggie.com\/pt\/wp-json\/wp\/v2\/product_brand?post=1978"},{"taxonomy":"product_cat","embeddable":true,"href":"https:\/\/avecobaggie.com\/pt\/wp-json\/wp\/v2\/product_cat?post=1978"},{"taxonomy":"product_tag","embeddable":true,"href":"https:\/\/avecobaggie.com\/pt\/wp-json\/wp\/v2\/product_tag?post=1978"}],"curies":[{"name":"wp","href":"https:\/\/api.w.org\/{rel}","templated":true}]}}