{"id":2001,"date":"2021-03-05T10:43:16","date_gmt":"2021-03-05T02:43:16","guid":{"rendered":"https:\/\/avecobaggie.com\/?post_type=product&#038;p=2001"},"modified":"2022-08-19T11:29:16","modified_gmt":"2022-08-19T03:29:16","slug":"drawstring-calico-bag-wholesale","status":"publish","type":"product","link":"https:\/\/avecobaggie.com\/pt\/produto\/drawstring-calico-bag-wholesale\/","title":{"rendered":"Saco de chita com cord\u00e3o por atacado"},"content":{"rendered":"<p>A Aveco fornece principalmente sacos ecol\u00f3gicos personalizados com um servi\u00e7o de solu\u00e7\u00e3o de balc\u00e3o \u00fanico. Tamb\u00e9m temos algumas formas b\u00e1sicas de sacos para um in\u00edcio f\u00e1cil, conforme listado no s\u00edtio Web de\u00a0\u00a0<a href=\"https:\/\/avecobaggie.com\/pt\/categoria-produto\/bags-in-stock\/\"> Sacos em stock <\/a>. a maior parte dos sacos armazenados est\u00e3o em branco, sem qualquer impress\u00e3o, pelo que \u00e9 mais f\u00e1cil para si criar um log\u00f3tipo ou etiqueta privada para os seus clientes, sem qualquer m\u00ednimo.<\/p>\n<p><span class=\"Apple-converted-space\">Se quiser personalizar estes sacos ecol\u00f3gicos, tamb\u00e9m \u00e9 f\u00e1cil, alguns dos sacos s\u00e3o mesmo com pre\u00e7os extremamente baixos. <\/span>MOQ para superf\u00edcies personalizadas. Especialmente o saco de algod\u00e3o ou lona \u00e9 extremamente baixo, com 100 pe\u00e7as ou at\u00e9 menos para apoiar os iniciantes, v\u00e1 para <a href=\"https:\/\/avecobaggie.com\/pt\/custom-solutions\/\"><strong>SOLU\u00c7\u00d5ES PERSONALIZADAS<\/strong><\/a> para saber mais sobre as etapas dos sacos personalizados.<\/p>\n<p>Os sacos de chita com cord\u00e3o listados est\u00e3o em stock para uma entrega r\u00e1pida e mais f\u00e1cil para come\u00e7ar. S\u00e3o feitos de algod\u00e3o natural, sustent\u00e1vel e n\u00e3o processado, com poli\u00e9ster, o que os torna mais resistentes e dur\u00e1veis. As pequenas para j\u00f3ias, ervas arom\u00e1ticas ou snacks, as m\u00e9dias para feij\u00f5es, cosm\u00e9ticos e artigos de viagem. Se n\u00e3o houver um tamanho adequado, pode contactar-nos para um servi\u00e7o personalizado<\/p>\n<h3 class=\"p1\"><span style=\"color: #333333;\">Carater\u00edsticas do produto para o saco com cord\u00e3o Calico Wholesale<\/span><\/h3>\n<ul>\n<li><strong>Estilo do saco<\/strong>: Saco com cord\u00e3o<\/li>\n<li><strong>Tipo de material<\/strong>: Tela<\/li>\n<li><strong>Material Peso<\/strong>: 8oz\/232GSM<\/li>\n<li><strong>Cor do material<\/strong>: Branco<\/li>\n<li><strong>Tamanho do saco<\/strong>: 12X15CM|17X25CM|20X30CM|30X40CM|40X50CM|58X76CM<\/li>\n<li><strong>\u00c1rea de impress\u00e3o<\/strong>: cor simples sem impress\u00e3o<\/li>\n<li><strong>Encerramento<\/strong>: Cord\u00e3o<\/li>\n<li><strong>Instru\u00e7\u00f5es de manuten\u00e7\u00e3o<\/strong>: Recomenda-se a lavagem \u00e0 m\u00e3o, a lavagem \u00e0 m\u00e1quina tamb\u00e9m \u00e9 aceit\u00e1vel, pendurar a secar.<\/li>\n<\/ul>\n<p><strong>Notas:Para o tecido de algod\u00e3o, haver\u00e1 um ligeiro encolhimento ap\u00f3s a lavagem<\/strong><\/p>","protected":false},"excerpt":{"rendered":"<p>Os pequenos para j\u00f3ias, ervas arom\u00e1ticas ou snacks, os m\u00e9dios para feij\u00f5es, cosm\u00e9ticos, artigos de viagem. Os maiores para frutas e legumes, velas, presentes votivos, sapatos, secadores de cabelo, etc.<\/p>","protected":false},"featured_media":2004,"comment_status":"open","ping_status":"closed","template":"","meta":{"_seopress_robots_primary_cat":"none","_seopress_titles_title":"%%post_title%%  %%sep%% Fast Deliver in 3 Days","_seopress_titles_desc":"Multiple sizes in stock to suit all needs.8oz canvas make it durable. Get stocks fast or Custom drawstring calico bag to expand your business Now","_seopress_robots_index":""},"product_brand":[],"product_cat":[113],"product_tag":[],"class_list":{"0":"post-2001","1":"product","2":"type-product","3":"status-publish","4":"has-post-thumbnail","6":"product_cat-bags-in-stock","8":"first","9":"instock","10":"taxable","11":"shipping-taxable","12":"product-type-simple"},"_links":{"self":[{"href":"https:\/\/avecobaggie.com\/pt\/wp-json\/wp\/v2\/product\/2001","targetHints":{"allow":["GET"]}}],"collection":[{"href":"https:\/\/avecobaggie.com\/pt\/wp-json\/wp\/v2\/product"}],"about":[{"href":"https:\/\/avecobaggie.com\/pt\/wp-json\/wp\/v2\/types\/product"}],"replies":[{"embeddable":true,"href":"https:\/\/avecobaggie.com\/pt\/wp-json\/wp\/v2\/comments?post=2001"}],"wp:featuredmedia":[{"embeddable":true,"href":"https:\/\/avecobaggie.com\/pt\/wp-json\/wp\/v2\/media\/2004"}],"wp:attachment":[{"href":"https:\/\/avecobaggie.com\/pt\/wp-json\/wp\/v2\/media?parent=2001"}],"wp:term":[{"taxonomy":"product_brand","embeddable":true,"href":"https:\/\/avecobaggie.com\/pt\/wp-json\/wp\/v2\/product_brand?post=2001"},{"taxonomy":"product_cat","embeddable":true,"href":"https:\/\/avecobaggie.com\/pt\/wp-json\/wp\/v2\/product_cat?post=2001"},{"taxonomy":"product_tag","embeddable":true,"href":"https:\/\/avecobaggie.com\/pt\/wp-json\/wp\/v2\/product_tag?post=2001"}],"curies":[{"name":"wp","href":"https:\/\/api.w.org\/{rel}","templated":true}]}}