{"id":2098,"date":"2021-03-08T09:34:49","date_gmt":"2021-03-08T01:34:49","guid":{"rendered":"https:\/\/avecobaggie.com\/?post_type=product&#038;p=2098"},"modified":"2025-10-13T13:40:56","modified_gmt":"2025-10-13T05:40:56","slug":"blank-canvas-tote-bag-wholesale","status":"publish","type":"product","link":"https:\/\/avecobaggie.com\/pt\/produto\/blank-canvas-tote-bag-wholesale\/","title":{"rendered":"saco de lona em branco por atacado"},"content":{"rendered":"<p>A Aveco fornece principalmente sacos ecol\u00f3gicos personalizados com um servi\u00e7o de solu\u00e7\u00e3o de balc\u00e3o \u00fanico. Tamb\u00e9m temos algumas formas b\u00e1sicas de sacos para um in\u00edcio f\u00e1cil, conforme listado no s\u00edtio Web de\u00a0\u00a0<a href=\"https:\/\/avecobaggie.com\/pt\/categoria-produto\/bags-in-stock\/\"> Sacos em stock <\/a>. a maioria dos sacos armazenados est\u00e3o em branco sem qualquer impress\u00e3o, por isso \u00e9 mais f\u00e1cil para si fazer um log\u00f3tipo privado ou etiqueta para os seus clientes sem um m\u00ednimo...<\/p>\n<p>Tamb\u00e9m temos alguns sacos de lona de forma padr\u00e3o sem impress\u00e3o para neg\u00f3cios por atacado. Os sacos da lista est\u00e3o em estoque e podem ser enviados dentro de 3 dias.<\/p>\n<p>Todos os materiais que utilizamos s\u00e3o amigos do ambiente, incluindo algod\u00e3o, lona, linho, juta, feltro, etc. Se pretende fazer sacos com a sua marca privada ou para eventos promocionais, ent\u00e3o podemos satisfazer as suas necessidades a granel com um MOQ bastante baixo e entrega r\u00e1pida:<a href=\"https:\/\/avecobaggie.com\/pt\/categoria-produto\/by-style\/tote-bag\/\"><em><strong>Sacos de pano personalizados<\/strong><\/em><\/a><\/p>\n<h3 class=\"p1\"><span style=\"color: #333333;\">Carater\u00edsticas do produto para o saco de lona em branco por atacado<\/span><\/h3>\n<ul>\n<li><strong>Estilo do saco<\/strong>: Bolsas<\/li>\n<li><strong>Tipo de material<\/strong>: Lona (65% poli\u00e9ster, 35% algod\u00e3o), \u00e9 espessa e dur\u00e1vel e n\u00e3o encolhe facilmente ap\u00f3s a lavagem.<\/li>\n<li><strong>Material Peso<\/strong>: 8 oz\/250GSM<\/li>\n<li><strong>Cor do material<\/strong>: Branco<\/li>\n<li><strong>Tamanho do saco<\/strong>: 21X26CM| 30X37CM| 35X40CM| 30X37X10CM| 35X40X10CM| 25X35X10CM| 32X42X10CM<\/li>\n<li><strong>\u00c1rea de impress\u00e3o<\/strong>: branco<\/li>\n<li><strong>Encerramento<\/strong>: Aberto<\/li>\n<li><strong>Instru\u00e7\u00f5es de manuten\u00e7\u00e3o<\/strong>: Recomenda-se a lavagem \u00e0 m\u00e3o, a lavagem \u00e0 m\u00e1quina tamb\u00e9m \u00e9 aceit\u00e1vel, pendurar a secar.<\/li>\n<\/ul>\n<p><strong>Notas:Para o tecido de algod\u00e3o, haver\u00e1 um ligeiro encolhimento ap\u00f3s a lavagem<\/strong><\/p>","protected":false},"excerpt":{"rendered":"<p>Material de lona de alta qualidade, espesso e macio, resistente ao desgaste e n\u00e3o \u00e9 f\u00e1cil de danificar.<\/p>","protected":false},"featured_media":2099,"comment_status":"open","ping_status":"closed","template":"","meta":{"_seopress_robots_primary_cat":"none","_seopress_titles_title":"Blank Tote Bags Wholesale - Stock & OEM - Fast Shipping","_seopress_titles_desc":"Popular Size of Canvas Blank Tote Bags in Stock,Fast Shipment for wholesale business,OEM is also easy with MOQ 100pieces, Get Quotes Now","_seopress_robots_index":""},"product_brand":[],"product_cat":[113],"product_tag":[123],"class_list":{"0":"post-2098","1":"product","2":"type-product","3":"status-publish","4":"has-post-thumbnail","6":"product_cat-bags-in-stock","7":"product_tag-in-stock","9":"first","10":"instock","11":"taxable","12":"shipping-taxable","13":"product-type-simple"},"_links":{"self":[{"href":"https:\/\/avecobaggie.com\/pt\/wp-json\/wp\/v2\/product\/2098","targetHints":{"allow":["GET"]}}],"collection":[{"href":"https:\/\/avecobaggie.com\/pt\/wp-json\/wp\/v2\/product"}],"about":[{"href":"https:\/\/avecobaggie.com\/pt\/wp-json\/wp\/v2\/types\/product"}],"replies":[{"embeddable":true,"href":"https:\/\/avecobaggie.com\/pt\/wp-json\/wp\/v2\/comments?post=2098"}],"wp:featuredmedia":[{"embeddable":true,"href":"https:\/\/avecobaggie.com\/pt\/wp-json\/wp\/v2\/media\/2099"}],"wp:attachment":[{"href":"https:\/\/avecobaggie.com\/pt\/wp-json\/wp\/v2\/media?parent=2098"}],"wp:term":[{"taxonomy":"product_brand","embeddable":true,"href":"https:\/\/avecobaggie.com\/pt\/wp-json\/wp\/v2\/product_brand?post=2098"},{"taxonomy":"product_cat","embeddable":true,"href":"https:\/\/avecobaggie.com\/pt\/wp-json\/wp\/v2\/product_cat?post=2098"},{"taxonomy":"product_tag","embeddable":true,"href":"https:\/\/avecobaggie.com\/pt\/wp-json\/wp\/v2\/product_tag?post=2098"}],"curies":[{"name":"wp","href":"https:\/\/api.w.org\/{rel}","templated":true}]}}