{"id":2104,"date":"2021-03-08T10:26:50","date_gmt":"2021-03-08T02:26:50","guid":{"rendered":"https:\/\/avecobaggie.com\/?post_type=product&#038;p=2104"},"modified":"2025-10-13T13:39:37","modified_gmt":"2025-10-13T05:39:37","slug":"cheap-drawstring-muslin-bag-wholesale","status":"publish","type":"product","link":"https:\/\/avecobaggie.com\/pt\/produto\/cheap-drawstring-muslin-bag-wholesale\/","title":{"rendered":"Saco de musselina com cord\u00e3o barato por atacado"},"content":{"rendered":"<p>A Aveco fornece principalmente sacos ecol\u00f3gicos personalizados com um servi\u00e7o de solu\u00e7\u00e3o de balc\u00e3o \u00fanico, mas tamb\u00e9m temos alguns designs b\u00e1sicos de sacos em stock para que possa come\u00e7ar facilmente. Os sacos em stock s\u00e3o na sua maioria em branco sem quaisquer impress\u00f5es: <strong><em><a href=\"https:\/\/avecobaggie.com\/pt\/produto\/\">sacos personalizados categoria.<\/a><\/em><\/strong><\/p>\n<p>Os nossos sacos de musselina s\u00e3o dur\u00e1veis, de alta qualidade e acess\u00edveis para atender a diferentes finalidades. para os sacos de cord\u00e3o de listagem, eles s\u00e3o bons para mantimentos e mercado do fazendeiro. eles podem ser usados como sacos de saqueta, sacos de produtos para armazenamento de produtos, sacos de embreagem, bolsa de lona a granel e etc. Eles tamb\u00e9m s\u00e3o perfeitos para sacos de presente de artesanato DIY e sacos de almo\u00e7o.<\/p>\n<h3 class=\"p1\"><span style=\"color: #333333;\">\u00a0 \u00a0 Carater\u00edsticas do produto para o saco de musselina<\/span><\/h3>\n<ul>\n<li><strong>Estilo do saco<\/strong>: Saco de musselina com cord\u00e3o<\/li>\n<li><strong>Tipo de material<\/strong>: Tela<\/li>\n<li><strong>Material Peso<\/strong>: 8 on\u00e7as<\/li>\n<li><strong>Cor do material<\/strong>: Bege natural<\/li>\n<li><strong>Tamanho do saco<\/strong>: 8X10CM|10X12CM|10X15CM|13X18CM|15X20CM|17X23CM|20X30CM|25X35CM<\/li>\n<li><strong>\u00c1rea de impress\u00e3o<\/strong>: sem impress\u00e3o<\/li>\n<li><strong>Encerramento<\/strong>: Cord\u00e3o<\/li>\n<li><strong>Instru\u00e7\u00f5es de manuten\u00e7\u00e3o<\/strong>: Recomenda-se a lavagem \u00e0 m\u00e3o, a lavagem \u00e0 m\u00e1quina tamb\u00e9m \u00e9 aceit\u00e1vel, pendurar a secar.<\/li>\n<\/ul>\n<p><strong>\u00a0 \u00a0 Notas:Para o tecido de algod\u00e3o ou lona, haver\u00e1 um ligeiro encolhimento ap\u00f3s a lavagem<\/strong><\/p>","protected":false},"excerpt":{"rendered":"<p><span class=\"a-list-item\">Feitos de lona de algod\u00e3o natural, sustent\u00e1vel e n\u00e3o processado, os sacos s\u00e3o compactos e leves, com cord\u00e3o para um fecho f\u00e1cil.\u00a0<\/span><\/p>","protected":false},"featured_media":2105,"comment_status":"open","ping_status":"closed","template":"","meta":{"_seopress_robots_primary_cat":"none","_seopress_titles_title":"Plain Drawstring Muslin Bag - Various Sizes - Ready to Ship","_seopress_titles_desc":"Low MOQ and Ready to Ship Help You Start Muslin Business easily. More than 10 Years OEM Craftsman Experience With Customers All Over The World","_seopress_robots_index":""},"product_brand":[],"product_cat":[113],"product_tag":[123],"class_list":{"0":"post-2104","1":"product","2":"type-product","3":"status-publish","4":"has-post-thumbnail","6":"product_cat-bags-in-stock","7":"product_tag-in-stock","9":"first","10":"instock","11":"sold-individually","12":"taxable","13":"shipping-taxable","14":"product-type-simple"},"_links":{"self":[{"href":"https:\/\/avecobaggie.com\/pt\/wp-json\/wp\/v2\/product\/2104","targetHints":{"allow":["GET"]}}],"collection":[{"href":"https:\/\/avecobaggie.com\/pt\/wp-json\/wp\/v2\/product"}],"about":[{"href":"https:\/\/avecobaggie.com\/pt\/wp-json\/wp\/v2\/types\/product"}],"replies":[{"embeddable":true,"href":"https:\/\/avecobaggie.com\/pt\/wp-json\/wp\/v2\/comments?post=2104"}],"wp:featuredmedia":[{"embeddable":true,"href":"https:\/\/avecobaggie.com\/pt\/wp-json\/wp\/v2\/media\/2105"}],"wp:attachment":[{"href":"https:\/\/avecobaggie.com\/pt\/wp-json\/wp\/v2\/media?parent=2104"}],"wp:term":[{"taxonomy":"product_brand","embeddable":true,"href":"https:\/\/avecobaggie.com\/pt\/wp-json\/wp\/v2\/product_brand?post=2104"},{"taxonomy":"product_cat","embeddable":true,"href":"https:\/\/avecobaggie.com\/pt\/wp-json\/wp\/v2\/product_cat?post=2104"},{"taxonomy":"product_tag","embeddable":true,"href":"https:\/\/avecobaggie.com\/pt\/wp-json\/wp\/v2\/product_tag?post=2104"}],"curies":[{"name":"wp","href":"https:\/\/api.w.org\/{rel}","templated":true}]}}