{"id":2110,"date":"2021-03-08T11:38:56","date_gmt":"2021-03-08T03:38:56","guid":{"rendered":"https:\/\/avecobaggie.com\/?post_type=product&#038;p=2110"},"modified":"2025-10-13T13:39:10","modified_gmt":"2025-10-13T05:39:10","slug":"stock-jute-tote-bag-wholesale","status":"publish","type":"product","link":"https:\/\/avecobaggie.com\/pt\/produto\/stock-jute-tote-bag-wholesale\/","title":{"rendered":"Stock Saco de juta por atacado"},"content":{"rendered":"<p>A Aveco fornece principalmente sacos ecol\u00f3gicos personalizados com um servi\u00e7o de solu\u00e7\u00e3o de balc\u00e3o \u00fanico. Tamb\u00e9m temos algumas formas b\u00e1sicas de sacos para um in\u00edcio f\u00e1cil, conforme listado no s\u00edtio Web de\u00a0\u00a0<a href=\"https:\/\/avecobaggie.com\/pt\/categoria-produto\/bags-in-stock\/\"> Sacos em stock <\/a>. a maior parte dos sacos armazenados est\u00e3o em branco, sem qualquer impress\u00e3o, pelo que \u00e9 mais f\u00e1cil para si criar um log\u00f3tipo ou etiqueta privada para os seus clientes, sem qualquer m\u00ednimo.<\/p>\n<p><span class=\"Apple-converted-space\">\u00a0 \u00a0 Se quiser personalizar estes sacos ecol\u00f3gicos, tamb\u00e9m \u00e9 f\u00e1cil, alguns dos sacos s\u00e3o mesmo com pre\u00e7os extremamente baixos. <\/span>MOQ para superf\u00edcies personalizadas. Especialmente o saco de algod\u00e3o ou lona \u00e9 extremamente baixo, com 100 pe\u00e7as ou at\u00e9 menos para apoiar os iniciantes, v\u00e1 para <a href=\"https:\/\/avecobaggie.com\/pt\/custom-solutions\/\"><strong>SOLU\u00c7\u00d5ES PERSONALIZADAS<\/strong><\/a> para saber mais sobre as etapas dos sacos personalizados.<\/p>\n<p>Os sacos de juta listados s\u00e3o feitos de juta, castanho vintage natural, e forrados com PVC, que \u00e9 \u00e0 prova de \u00e1gua, resistente \u00e0 sujidade, e tamb\u00e9m a queda \u00e9 m\u00ednima. A costura lateral refor\u00e7ada e o refor\u00e7o largo do fundo s\u00e3o \u00fateis para manter o saco em forma elegante. As al\u00e7as s\u00e3o preenchidas com algod\u00e3o e costuradas firmemente aos sacos de juta, macias, resistentes e confort\u00e1veis.<\/p>\n<h3 class=\"p1\"><span style=\"color: #333333;\">\u00a0Carater\u00edsticas do produto para o saco de juta Stock tote por atacado<\/span><\/h3>\n<ul>\n<li><strong>Estilo do saco<\/strong>saco de juta com fundo e refor\u00e7o lateral<\/li>\n<li><strong>Tipo de material<\/strong>: Juta<\/li>\n<li><strong>Tamanho do saco<\/strong>: para stock, temos 4 tamanhos: 26X27X10CM| 30X39X15CM| 31X25X10CM| 39X31X15CM| 45X35X18CM<\/li>\n<li><strong>\u00c1rea de impress\u00e3o<\/strong>: em branco em stock<\/li>\n<li><strong>Encerramento<\/strong>: Aberto<\/li>\n<li><strong>Instru\u00e7\u00f5es de manuten\u00e7\u00e3o<\/strong>: Recomenda-se a lavagem \u00e0 m\u00e3o, <strong>n\u00e3o \u00e9 recomendada a lavagem na m\u00e1quina.<\/strong><\/li>\n<\/ul>\n<p><span class=\"a-list-item\">Aplica\u00e7\u00e3o - sacos de oferta de juta perfeitos com pegas para casamentos, damas de honor, hot\u00e9is, anivers\u00e1rios, celebra\u00e7\u00f5es como brindes, sacos de lembran\u00e7as de festas; para mulheres como sacos de compras, para artesanato DIY ART como impress\u00e3o de croch\u00e9, escrita de bordados.<\/span><\/p>","protected":false},"excerpt":{"rendered":"<p><span class=\"a-list-item\">Tecido de serapilheira natural | Pel\u00edcula PE imperme\u00e1vel | Em branco em stock<\/span><\/p>","protected":false},"featured_media":2111,"comment_status":"open","ping_status":"closed","template":"","meta":{"_seopress_robots_primary_cat":"none","_seopress_titles_title":"Stock Jute Tote Bag Wholesale - Free Sample -Get Quote Now","_seopress_titles_desc":"Low MOQ and ready to ship help you start business right away. OEM\/ODM \u00b7 Free Sample \u00b7 Flexible Shipping Ways \u00b7 7X24hours Available","_seopress_robots_index":""},"product_brand":[],"product_cat":[104,109,113],"product_tag":[123],"class_list":{"0":"post-2110","1":"product","2":"type-product","3":"status-publish","4":"has-post-thumbnail","6":"product_cat-jute-burlap-bag","7":"product_cat-everyday","8":"product_cat-bags-in-stock","9":"product_tag-in-stock","11":"first","12":"outofstock","13":"taxable","14":"shipping-taxable","15":"product-type-simple"},"_links":{"self":[{"href":"https:\/\/avecobaggie.com\/pt\/wp-json\/wp\/v2\/product\/2110","targetHints":{"allow":["GET"]}}],"collection":[{"href":"https:\/\/avecobaggie.com\/pt\/wp-json\/wp\/v2\/product"}],"about":[{"href":"https:\/\/avecobaggie.com\/pt\/wp-json\/wp\/v2\/types\/product"}],"replies":[{"embeddable":true,"href":"https:\/\/avecobaggie.com\/pt\/wp-json\/wp\/v2\/comments?post=2110"}],"wp:featuredmedia":[{"embeddable":true,"href":"https:\/\/avecobaggie.com\/pt\/wp-json\/wp\/v2\/media\/2111"}],"wp:attachment":[{"href":"https:\/\/avecobaggie.com\/pt\/wp-json\/wp\/v2\/media?parent=2110"}],"wp:term":[{"taxonomy":"product_brand","embeddable":true,"href":"https:\/\/avecobaggie.com\/pt\/wp-json\/wp\/v2\/product_brand?post=2110"},{"taxonomy":"product_cat","embeddable":true,"href":"https:\/\/avecobaggie.com\/pt\/wp-json\/wp\/v2\/product_cat?post=2110"},{"taxonomy":"product_tag","embeddable":true,"href":"https:\/\/avecobaggie.com\/pt\/wp-json\/wp\/v2\/product_tag?post=2110"}],"curies":[{"name":"wp","href":"https:\/\/api.w.org\/{rel}","templated":true}]}}