{"id":2117,"date":"2021-03-08T15:57:11","date_gmt":"2021-03-08T07:57:11","guid":{"rendered":"https:\/\/avecobaggie.com\/?post_type=product&#038;p=2117"},"modified":"2021-03-30T10:48:14","modified_gmt":"2021-03-30T02:48:14","slug":"natural-linen-burlap-gift-bags-wholesale","status":"publish","type":"product","link":"https:\/\/avecobaggie.com\/pt\/produto\/natural-linen-burlap-gift-bags-wholesale\/","title":{"rendered":"Sacos de oferta de serapilheira de linho natural por atacado"},"content":{"rendered":"<p>A Aveco fornece principalmente sacos ecol\u00f3gicos personalizados com um servi\u00e7o de solu\u00e7\u00e3o de balc\u00e3o \u00fanico. Tamb\u00e9m temos algumas formas b\u00e1sicas de sacos para um in\u00edcio f\u00e1cil, conforme listado no s\u00edtio Web de\u00a0\u00a0<a href=\"https:\/\/avecobaggie.com\/pt\/categoria-produto\/bags-in-stock\/\"><strong> Saco em stock<\/strong> <\/a>. a maioria dos sacos armazenados est\u00e3o em branco sem qualquer impress\u00e3o, por isso \u00e9 mais f\u00e1cil para si fazer um log\u00f3tipo privado ou etiqueta para os seus clientes sem um m\u00ednimo...<\/p>\n<p>Os sacos de serapilheira com cord\u00e3o listados est\u00e3o dispon\u00edveis em menos de 8 tamanhos, eles podem ser enviados rapidamente dentro de 3 dias. Todos os sacos de lona para mercearia que fornecemos aqui s\u00e3o fabricados com materiais n\u00e3o t\u00f3xicos e ecol\u00f3gicos.<span class=\"Apple-converted-space\">\u00a0 <\/span>bem como as grandes marcas.<\/p>\n<p class=\"p1\"><span class=\"Apple-converted-space\">\u00a0 \u00a0 Se quiser personalizar estes sacos ecol\u00f3gicos, tamb\u00e9m \u00e9 f\u00e1cil, alguns dos sacos s\u00e3o mesmo com pre\u00e7os extremamente baixos. <\/span>MOQ para superf\u00edcies personalizadas. Especialmente o saco de algod\u00e3o ou lona \u00e9 extremamente baixo, com 100 pe\u00e7as ou at\u00e9 menos para apoiar os iniciantes, v\u00e1 para <a href=\"https:\/\/avecobaggie.com\/pt\/custom-solutions\/\"><strong>SOLU\u00c7\u00d5ES PERSONALIZADAS<\/strong><\/a> para saber mais sobre as etapas dos sacos personalizados.<\/p>\n<h3 class=\"p1\"><span style=\"color: #333333;\"><span class=\"Apple-converted-space\">\u00a0\u00a0<\/span>Carater\u00edsticas do produto para Sacos de oferta de serapilheira de linho natural por atacado<\/span><\/h3>\n<ul>\n<li><strong>Estilo do saco<\/strong>:<span class=\"a-list-item\">Serapilheira de linho natural lav\u00e1vel e reutiliz\u00e1vel<\/span><\/li>\n<li><strong>Tipo de material<\/strong>: Serapilheira de juta-<span class=\"a-list-item\">o material do saco \u00e9 serapilheira, que \u00e9 dur\u00e1vel e resistente; podem ser utilizados durante muito tempo; o material e a constru\u00e7\u00e3o de qualidade tornam-nos pr\u00e1ticos<\/span><\/li>\n<li><strong>Cor do material<\/strong>: Juta natural<\/li>\n<li><strong>Tamanho do saco<\/strong>: 7X9CM|10X15CM|13X18CM|15X20CM|17X23CM|20X25CM|20X30CM|30X40CM\uff08lista com tamanho popular, aceitamos saco de tamanho personalizado \uff09<\/li>\n<li><strong>\u00c1rea de impress\u00e3o<\/strong>: 1 cor | 2 cores | mais cores| Impress\u00e3o completa, impress\u00e3o de um lado ou dois lados<\/li>\n<li><strong>Encerramento<\/strong>:\u00a0<span class=\"a-list-item\">O design com cord\u00e3o torna estes sacos de serapilheira mais f\u00e1ceis de apertar, evitando assim a perda de objectos. Suficientemente pequenos para transportar na mala, saco, carro, bolsa de cosm\u00e9ticos, s\u00e3o f\u00e1ceis de transportar quando sai, passeia ou viaja.<\/span><\/li>\n<li><strong>Instru\u00e7\u00f5es de manuten\u00e7\u00e3o<\/strong>: Recomenda-se a lavagem \u00e0 m\u00e3o, n\u00e3o lavar \u00e0 m\u00e1quina.<\/li>\n<\/ul>","protected":false},"excerpt":{"rendered":"<p>Acabamento preciso e meticuloso, forma de costura limpa e precisa, dispon\u00edvel em 8 tamanhos em stock, pode ser entregue no prazo de 3 dias.<\/p>","protected":false},"featured_media":2122,"comment_status":"open","ping_status":"closed","template":"","meta":{"_seopress_robots_primary_cat":"none","_seopress_titles_title":"Natural Linen Burlap Gift Bags Wholesale - Bulk In Stock  - Fast Ship","_seopress_titles_desc":"Popular design &amp; Size - Fast Delivery in 3 Days - Flexible Shipping Courier - Added Value Service - Work with Aveco and be a Happy Burlap Gift Bag Importer","_seopress_robots_index":""},"product_brand":[],"product_cat":[113],"product_tag":[123],"class_list":{"0":"post-2117","1":"product","2":"type-product","3":"status-publish","4":"has-post-thumbnail","6":"product_cat-bags-in-stock","7":"product_tag-in-stock","9":"first","10":"instock","11":"taxable","12":"shipping-taxable","13":"product-type-simple"},"_links":{"self":[{"href":"https:\/\/avecobaggie.com\/pt\/wp-json\/wp\/v2\/product\/2117","targetHints":{"allow":["GET"]}}],"collection":[{"href":"https:\/\/avecobaggie.com\/pt\/wp-json\/wp\/v2\/product"}],"about":[{"href":"https:\/\/avecobaggie.com\/pt\/wp-json\/wp\/v2\/types\/product"}],"replies":[{"embeddable":true,"href":"https:\/\/avecobaggie.com\/pt\/wp-json\/wp\/v2\/comments?post=2117"}],"wp:featuredmedia":[{"embeddable":true,"href":"https:\/\/avecobaggie.com\/pt\/wp-json\/wp\/v2\/media\/2122"}],"wp:attachment":[{"href":"https:\/\/avecobaggie.com\/pt\/wp-json\/wp\/v2\/media?parent=2117"}],"wp:term":[{"taxonomy":"product_brand","embeddable":true,"href":"https:\/\/avecobaggie.com\/pt\/wp-json\/wp\/v2\/product_brand?post=2117"},{"taxonomy":"product_cat","embeddable":true,"href":"https:\/\/avecobaggie.com\/pt\/wp-json\/wp\/v2\/product_cat?post=2117"},{"taxonomy":"product_tag","embeddable":true,"href":"https:\/\/avecobaggie.com\/pt\/wp-json\/wp\/v2\/product_tag?post=2117"}],"curies":[{"name":"wp","href":"https:\/\/api.w.org\/{rel}","templated":true}]}}