{"id":2173,"date":"2021-03-09T15:23:22","date_gmt":"2021-03-09T07:23:22","guid":{"rendered":"https:\/\/avecobaggie.com\/?post_type=product&#038;p=2173"},"modified":"2021-03-30T10:47:22","modified_gmt":"2021-03-30T02:47:22","slug":"round-bottom-canvas-grocery-bag-in-bulk","status":"publish","type":"product","link":"https:\/\/avecobaggie.com\/pt\/produto\/round-bottom-canvas-grocery-bag-in-bulk\/","title":{"rendered":"Saco de lona de fundo redondo para mercearia a granel"},"content":{"rendered":"<p>A Aveco fornece principalmente sacos ecol\u00f3gicos personalizados com um servi\u00e7o de solu\u00e7\u00e3o de balc\u00e3o \u00fanico. Tamb\u00e9m temos algumas formas b\u00e1sicas de sacos para um in\u00edcio f\u00e1cil, conforme listado no s\u00edtio Web de\u00a0\u00a0<a href=\"https:\/\/avecobaggie.com\/pt\/categoria-produto\/bags-in-stock\/\"> Sacos em stock <\/a>. a maioria dos sacos armazenados est\u00e3o em branco sem qualquer impress\u00e3o, por isso \u00e9 mais f\u00e1cil para si fazer um log\u00f3tipo privado ou etiqueta para os seus clientes sem um m\u00ednimo...<\/p>\n<p>As sacolas de lona de fundo redondo listadas est\u00e3o dispon\u00edveis em menos de 6 tamanhos e podem ser enviadas rapidamente em 3 dias. Todos os sacos de lona que fornecemos aqui s\u00e3o fabricados com materiais ecol\u00f3gicos n\u00e3o t\u00f3xicos e temos o prazer de apoiar as pequenas empresas<span class=\"Apple-converted-space\">\u00a0 <\/span>bem como as grandes marcas.<\/p>\n<p class=\"p1\"><span class=\"Apple-converted-space\">\u00a0 \u00a0 Se quiser personalizar estes sacos ecol\u00f3gicos, tamb\u00e9m \u00e9 f\u00e1cil, alguns dos sacos s\u00e3o mesmo com pre\u00e7os extremamente baixos. <\/span>MOQ para superf\u00edcies personalizadas. Especialmente o saco de algod\u00e3o ou lona \u00e9 extremamente baixo, com 100 pe\u00e7as ou at\u00e9 menos para apoiar os iniciantes, v\u00e1 para <a href=\"https:\/\/avecobaggie.com\/pt\/custom-solutions\/\"><strong>SOLU\u00c7\u00d5ES PERSONALIZADAS<\/strong><\/a> para saber mais sobre as etapas dos sacos personalizados.<\/p>\n<h3 class=\"p1\"><span style=\"color: #333333;\">\u00a0 \u00a0 \u00a0Carater\u00edsticas do produto para o saco de lona de fundo redondo para mercearia a granel<\/span><\/h3>\n<ul>\n<li><strong>Estilo do saco : <\/strong><span class=\"a-list-item\">saco de lona para mercearia\u00a0<\/span><\/li>\n<li>Peso do material: 8oz para stock, pode tamb\u00e9m personalizar outras espessuras.<\/li>\n<li><strong>Tipo de material<\/strong>: Lona de 8 oz (65% poli\u00e9ster+35% algod\u00e3o) <span class=\"a-list-item\">\u00a0\u00e9 dur\u00e1vel e resistente; podem ser utilizados durante muito tempo; o material de qualidade e a constru\u00e7\u00e3o tornam-nos pr\u00e1ticos<\/span><\/li>\n<li><strong>Cor do material<\/strong>: Bege natural<\/li>\n<li><strong>Tamanho do saco<\/strong>: 7X29CM|8X35CM|10X30CM|13X25CM|13X29CM|17X39CM|\uff08lista com tamanho popular, aceitamos saco de tamanho personalizado\uff09<\/li>\n<li><strong>\u00c1rea de impress\u00e3o<\/strong>: Cor simples em stock, para personaliza\u00e7\u00e3o, pode ser 1 cor | 2 cores | mais cores| Impress\u00e3o completa, impress\u00e3o de um lado ou dois lados<\/li>\n<li><strong>Encerramento<\/strong>:\u00a0<span class=\"a-list-item\">O design com cord\u00e3o torna estes sacos de lona mais f\u00e1ceis de apertar, evitando assim a perda de objectos. Tamanho do saco de pequeno a grande para satisfazer todas as suas necessidades.<\/span><\/li>\n<li><strong>Instru\u00e7\u00f5es de manuten\u00e7\u00e3o<\/strong>: Recomenda-se a lavagem \u00e0 m\u00e3o, a lavagem \u00e0 m\u00e1quina tamb\u00e9m \u00e9 aceit\u00e1vel, mas pendurar a seco, um pequeno encolhimento \u00e9 inevit\u00e1vel.<\/li>\n<\/ul>\n<p>&nbsp;<\/p>","protected":false},"excerpt":{"rendered":"<p>Fabricado em lona de alta qualidade, o fundo redondo permite-lhe manter-se firme. A constru\u00e7\u00e3o dur\u00e1vel e a boa costura destes sacos nunca o deixar\u00e3o ficar mal. V\u00e1rios tamanhos e pode ser f\u00e1cil fazer DIY o log\u00f3tipo ou impress\u00f5es nestes sacos com cord\u00e3o.<\/p>","protected":false},"featured_media":2174,"comment_status":"open","ping_status":"closed","template":"","meta":{"_seopress_robots_primary_cat":"none","_seopress_titles_title":"%%post_title%% %%sep%%Wholesale &amp; OEM","_seopress_titles_desc":"Durable Canvas,Various Size in Stock ,Ship within 3 Days,Custom with Avecobaggie, Your Reliable Eco Bag Wholesaler and Manufacturer","_seopress_robots_index":""},"product_brand":[],"product_cat":[92,102,109,113],"product_tag":[123],"class_list":{"0":"post-2173","1":"product","2":"type-product","3":"status-publish","4":"has-post-thumbnail","6":"product_cat-drawstring-bag","7":"product_cat-cotton-canvas-bag","8":"product_cat-everyday","9":"product_cat-bags-in-stock","10":"product_tag-in-stock","12":"first","13":"instock","14":"taxable","15":"shipping-taxable","16":"product-type-simple"},"_links":{"self":[{"href":"https:\/\/avecobaggie.com\/pt\/wp-json\/wp\/v2\/product\/2173","targetHints":{"allow":["GET"]}}],"collection":[{"href":"https:\/\/avecobaggie.com\/pt\/wp-json\/wp\/v2\/product"}],"about":[{"href":"https:\/\/avecobaggie.com\/pt\/wp-json\/wp\/v2\/types\/product"}],"replies":[{"embeddable":true,"href":"https:\/\/avecobaggie.com\/pt\/wp-json\/wp\/v2\/comments?post=2173"}],"wp:featuredmedia":[{"embeddable":true,"href":"https:\/\/avecobaggie.com\/pt\/wp-json\/wp\/v2\/media\/2174"}],"wp:attachment":[{"href":"https:\/\/avecobaggie.com\/pt\/wp-json\/wp\/v2\/media?parent=2173"}],"wp:term":[{"taxonomy":"product_brand","embeddable":true,"href":"https:\/\/avecobaggie.com\/pt\/wp-json\/wp\/v2\/product_brand?post=2173"},{"taxonomy":"product_cat","embeddable":true,"href":"https:\/\/avecobaggie.com\/pt\/wp-json\/wp\/v2\/product_cat?post=2173"},{"taxonomy":"product_tag","embeddable":true,"href":"https:\/\/avecobaggie.com\/pt\/wp-json\/wp\/v2\/product_tag?post=2173"}],"curies":[{"name":"wp","href":"https:\/\/api.w.org\/{rel}","templated":true}]}}