{"id":2184,"date":"2021-03-09T16:10:16","date_gmt":"2021-03-09T08:10:16","guid":{"rendered":"https:\/\/avecobaggie.com\/?post_type=product&#038;p=2184"},"modified":"2021-03-30T10:46:42","modified_gmt":"2021-03-30T02:46:42","slug":"burlap-wine-bottle-bags-with-window","status":"publish","type":"product","link":"https:\/\/avecobaggie.com\/pt\/produto\/burlap-wine-bottle-bags-with-window\/","title":{"rendered":"Sacos de serapilheira para garrafas de vinho com janela"},"content":{"rendered":"<p>Aveco mainly provide customized eco bags with one stop shop solution service. All the materials we use are eco-friendly including cotton, canvas, linen, jute, felt etc. We also have some basic shape of bags for an easy start as listed on the website of\u00a0\u00a0<a href=\"https:\/\/avecobaggie.com\/pt\/categoria-produto\/bags-in-stock\/\"> Sacos em stock <\/a>. a maior parte dos sacos armazenados est\u00e3o em branco, sem qualquer impress\u00e3o, pelo que \u00e9 mais f\u00e1cil para si criar um log\u00f3tipo ou etiqueta privada para os seus clientes, sem qualquer m\u00ednimo.<\/p>\n<p><span class=\"Apple-converted-space\">\u00a0 \u00a0 Se quiser personalizar estes sacos ecol\u00f3gicos, tamb\u00e9m \u00e9 f\u00e1cil, alguns dos sacos s\u00e3o mesmo com pre\u00e7os extremamente baixos. <\/span>MOQ para superf\u00edcies personalizadas. Especialmente o saco de algod\u00e3o ou lona \u00e9 extremamente baixo, com 100 pe\u00e7as ou at\u00e9 menos para apoiar os iniciantes, v\u00e1 para <a href=\"https:\/\/avecobaggie.com\/pt\/custom-solutions\/\"><strong>SOLU\u00c7\u00d5ES PERSONALIZADAS<\/strong><\/a> para saber mais sobre as etapas dos sacos personalizados.<\/p>\n<p>The listed wine bag is unique with a transparent window display, perfect for party wine gift bags.<\/p>\n<h4 class=\"p1\"><span style=\"color: #333333;\">Carater\u00edsticas do produto<\/span><\/h4>\n<ul>\n<li><strong>Estilo do saco<\/strong>: Burlap wine bottle bags with clear window display<\/li>\n<li><strong>Tipo de material<\/strong>: burlap<\/li>\n<li><strong>Cor do material<\/strong>: Natural Beige<\/li>\n<li><strong>Tamanho do saco<\/strong>: 10X10X32CM ( list with standard size, we accept customized size bag \uff09<\/li>\n<li><strong>\u00c1rea de impress\u00e3o<\/strong>: 1 cor | 2 cores | mais cores| Impress\u00e3o completa, impress\u00e3o de um lado ou dois lados<\/li>\n<li><strong>Encerramento<\/strong>: Aberto<\/li>\n<li><strong>Instru\u00e7\u00f5es de manuten\u00e7\u00e3o<\/strong>: Hand wash ,no Machine wash , hang dry.<\/li>\n<\/ul>\n<p>&nbsp;<\/p>","protected":false},"excerpt":{"rendered":"<p><span class=\"a-list-item\">The reusable, recyclable burlap wine bags are great for rustic chic weddings, favors, arts &amp; crafts, and promotional needs. It also comes with transparent PVC window and full side and bottom gussets.<\/span><\/p>","protected":false},"featured_media":2190,"comment_status":"open","ping_status":"closed","template":"","meta":{"_seopress_robots_primary_cat":"none","_seopress_titles_title":"China Single Burlap Wine Bottle Bags With Clear Window","_seopress_titles_desc":"The reusable, burlap wine bottle bags are great for rustic chic weddings, favors, arts &amp; crafts, and promotional needs. Get Free Sample and offer Now!","_seopress_robots_index":""},"product_brand":[],"product_cat":[29,104,109],"product_tag":[124],"class_list":{"0":"post-2184","1":"product","2":"type-product","3":"status-publish","4":"has-post-thumbnail","6":"product_cat-tote-bag","7":"product_cat-jute-burlap-bag","8":"product_cat-everyday","9":"product_tag-wine-bag","11":"first","12":"instock","13":"taxable","14":"shipping-taxable","15":"product-type-simple"},"_links":{"self":[{"href":"https:\/\/avecobaggie.com\/pt\/wp-json\/wp\/v2\/product\/2184","targetHints":{"allow":["GET"]}}],"collection":[{"href":"https:\/\/avecobaggie.com\/pt\/wp-json\/wp\/v2\/product"}],"about":[{"href":"https:\/\/avecobaggie.com\/pt\/wp-json\/wp\/v2\/types\/product"}],"replies":[{"embeddable":true,"href":"https:\/\/avecobaggie.com\/pt\/wp-json\/wp\/v2\/comments?post=2184"}],"wp:featuredmedia":[{"embeddable":true,"href":"https:\/\/avecobaggie.com\/pt\/wp-json\/wp\/v2\/media\/2190"}],"wp:attachment":[{"href":"https:\/\/avecobaggie.com\/pt\/wp-json\/wp\/v2\/media?parent=2184"}],"wp:term":[{"taxonomy":"product_brand","embeddable":true,"href":"https:\/\/avecobaggie.com\/pt\/wp-json\/wp\/v2\/product_brand?post=2184"},{"taxonomy":"product_cat","embeddable":true,"href":"https:\/\/avecobaggie.com\/pt\/wp-json\/wp\/v2\/product_cat?post=2184"},{"taxonomy":"product_tag","embeddable":true,"href":"https:\/\/avecobaggie.com\/pt\/wp-json\/wp\/v2\/product_tag?post=2184"}],"curies":[{"name":"wp","href":"https:\/\/api.w.org\/{rel}","templated":true}]}}