{"id":2248,"date":"2021-03-10T10:46:35","date_gmt":"2021-03-10T02:46:35","guid":{"rendered":"https:\/\/avecobaggie.com\/?post_type=product&#038;p=2248"},"modified":"2021-03-30T10:43:36","modified_gmt":"2021-03-30T02:43:36","slug":"round-bottom-burlap-wine-bottle-bag","status":"publish","type":"product","link":"https:\/\/avecobaggie.com\/pt\/produto\/round-bottom-burlap-wine-bottle-bag\/","title":{"rendered":"Saco de serapilheira com fundo redondo para garrafas de vinho"},"content":{"rendered":"<p>A Aveco fornece principalmente sacos ecol\u00f3gicos personalizados com um servi\u00e7o de solu\u00e7\u00e3o de balc\u00e3o \u00fanico. Os nossos sacos s\u00e3o dur\u00e1veis, de alta qualidade e acess\u00edveis para satisfazer diferentes objectivos. Todos os materiais que utilizamos s\u00e3o amigos do ambiente, incluindo algod\u00e3o, lona, linho, juta, feltro, etc. Se pretende fabricar sacos com a sua marca privada ou para eventos promocionais, podemos satisfazer as suas necessidades a granel com um MOQ bastante baixo e entrega r\u00e1pida.<\/p>\n<h3 class=\"p1\"><span style=\"color: #333333;\">\u00a0 \u00a0 Product Features for the Round Bottom Burlap Wine Bottle Bag<\/span><\/h3>\n<ul>\n<li><strong>Estilo do saco<\/strong>: Wine Bag<\/li>\n<li><strong>Tipo de material<\/strong>: Natural burlap, Made of 100% natural jute burlap, makes the wine bags more durable, reusable and eco-friendly.<\/li>\n<li><strong>Material Peso<\/strong>:<\/li>\n<li><strong>Cor do material<\/strong>: Natural<\/li>\n<li><strong>Tamanho do saco<\/strong>: 12X30CM\uff08 list with popular size, we accept customized size bag \uff09<\/li>\n<li><strong>\u00c1rea de impress\u00e3o<\/strong>: 1 cor | 2 cores | mais cores| Impress\u00e3o completa, impress\u00e3o de um lado ou dois lados<\/li>\n<li><strong>Encerramento<\/strong>:Drawstring design which makes the bag easy to close and open, convenient for storage wine bottle or other things.<\/li>\n<li><strong>Instru\u00e7\u00f5es de manuten\u00e7\u00e3o<\/strong>: Recomenda-se a lavagem \u00e0 m\u00e3o, pendurar a secar.<\/li>\n<\/ul>","protected":false},"excerpt":{"rendered":"<p class=\"a-spacing-mini\">Made of 100% Natural Jute Burlap,Completely biodegradable, round bottom make the bag more strong, ideal gift idea for Birthdays, weddings, housewarmings, <span class=\"a-list-item\">Anniversaries, parties, travel.Custom burlap bag or bulk order is welcome.<\/span><\/p>","protected":false},"featured_media":2249,"comment_status":"open","ping_status":"closed","template":"","meta":{"_seopress_robots_primary_cat":"none","_seopress_titles_title":"Burlap Wine Bottle Bag Manufacturer -Custom with Aveco Now","_seopress_titles_desc":"OEM for different sizes of Wine bottle bag, including single wine bag and 2,6,12 wine tote bags, Nice ,portable and easy to carry, perfect for gift bags.","_seopress_robots_index":""},"product_brand":[],"product_cat":[92,104,109],"product_tag":[124],"class_list":{"0":"post-2248","1":"product","2":"type-product","3":"status-publish","4":"has-post-thumbnail","6":"product_cat-drawstring-bag","7":"product_cat-jute-burlap-bag","8":"product_cat-everyday","9":"product_tag-wine-bag","11":"first","12":"instock","13":"taxable","14":"shipping-taxable","15":"product-type-simple"},"_links":{"self":[{"href":"https:\/\/avecobaggie.com\/pt\/wp-json\/wp\/v2\/product\/2248","targetHints":{"allow":["GET"]}}],"collection":[{"href":"https:\/\/avecobaggie.com\/pt\/wp-json\/wp\/v2\/product"}],"about":[{"href":"https:\/\/avecobaggie.com\/pt\/wp-json\/wp\/v2\/types\/product"}],"replies":[{"embeddable":true,"href":"https:\/\/avecobaggie.com\/pt\/wp-json\/wp\/v2\/comments?post=2248"}],"wp:featuredmedia":[{"embeddable":true,"href":"https:\/\/avecobaggie.com\/pt\/wp-json\/wp\/v2\/media\/2249"}],"wp:attachment":[{"href":"https:\/\/avecobaggie.com\/pt\/wp-json\/wp\/v2\/media?parent=2248"}],"wp:term":[{"taxonomy":"product_brand","embeddable":true,"href":"https:\/\/avecobaggie.com\/pt\/wp-json\/wp\/v2\/product_brand?post=2248"},{"taxonomy":"product_cat","embeddable":true,"href":"https:\/\/avecobaggie.com\/pt\/wp-json\/wp\/v2\/product_cat?post=2248"},{"taxonomy":"product_tag","embeddable":true,"href":"https:\/\/avecobaggie.com\/pt\/wp-json\/wp\/v2\/product_tag?post=2248"}],"curies":[{"name":"wp","href":"https:\/\/api.w.org\/{rel}","templated":true}]}}