{"id":2277,"date":"2021-03-10T14:50:05","date_gmt":"2021-03-10T06:50:05","guid":{"rendered":"https:\/\/avecobaggie.com\/?post_type=product&#038;p=2277"},"modified":"2021-03-30T10:41:18","modified_gmt":"2021-03-30T02:41:18","slug":"drawstring-cotton-mesh-bag","status":"publish","type":"product","link":"https:\/\/avecobaggie.com\/pt\/produto\/drawstring-cotton-mesh-bag\/","title":{"rendered":"Saco de malha de algod\u00e3o com cord\u00e3o"},"content":{"rendered":"<p>Aveco mainly provide customized eco bags with one stop shop solution service. Our bags are durable, high quality and affordable to meet different purposes.<\/p>\n<p>The listed drawstring cotton mesh bags are in stock \u00a0to be fast delivered and easier for you to start. They are made from natural, sustainable, unprocessed cotton.Single size purchasing or bundle sizes as a set is available, normally each bag will have a tare weight label, and on the label you can print your own logo.<\/p>\n<p>The drawstring cotton mesh bags are perfect for food ,vegetables, toys and other application.<\/p>\n<h3 class=\"p1\"><span style=\"color: #333333;\">Product Features for the Drawstring Cotton Mesh Bag<\/span><\/h3>\n<ul>\n<li><strong>Estilo do saco<\/strong>: Mesh produce bag<\/li>\n<li><strong>Tipo de material<\/strong>: Cotton Mesh<\/li>\n<li><strong>Material Peso<\/strong>: &#8212;<\/li>\n<li><strong>Cor do material<\/strong>: Branco<\/li>\n<li><strong>Tamanho do saco<\/strong>: 20X25CM|25X30CM|30X35CM | custom size<\/li>\n<li><strong>\u00c1rea de impress\u00e3o<\/strong>: cor simples sem impress\u00e3o<\/li>\n<li><strong>Encerramento<\/strong>: Cord\u00e3o<\/li>\n<li><strong>Instru\u00e7\u00f5es de manuten\u00e7\u00e3o<\/strong>: Recomenda-se a lavagem \u00e0 m\u00e3o, a lavagem \u00e0 m\u00e1quina tamb\u00e9m \u00e9 aceit\u00e1vel, pendurar a secar.<\/li>\n<\/ul>\n<p><strong>Notas:Para o tecido de algod\u00e3o, haver\u00e1 um ligeiro encolhimento ap\u00f3s a lavagem<\/strong><\/p>","protected":false},"excerpt":{"rendered":"<p>Tamanho \u00fanico ou pacote para o saco de malha de algod\u00e3o com cord\u00e3o reutiliz\u00e1vel,<span class=\"a-list-item\"><span class=\"a-size-base\">Lav\u00e1vel na m\u00e1quina,<\/span><\/span><span class=\"a-list-item\"><span class=\"a-size-base\">Malha respir\u00e1vel,<\/span><\/span><span class=\"a-list-item\"><span class=\"a-size-base\">Fabricado com materiais seguros para alimentos de alta qualidade,<\/span><\/span><span class=\"a-list-item\"><span class=\"a-size-base\">Etiquetas de peso de tara em cada saco,<\/span><\/span><span class=\"a-list-item\"><span class=\"a-size-base\">Fecho com cord\u00e3o para manter o conte\u00fado seguro.<\/span><\/span><\/p>","protected":false},"featured_media":2278,"comment_status":"open","ping_status":"closed","template":"","meta":{"_seopress_robots_primary_cat":"none","_seopress_titles_title":"%%post_title%%  %%sep%%In stock %%sep%%Deliver in 3 Days","_seopress_titles_desc":"Breathable mesh,Made with high-quality food safe materials,Tare weight tags on each drawstring cotton mesh bag,Contact for order single or bundle sizes","_seopress_robots_index":""},"product_brand":[],"product_cat":[113],"product_tag":[],"class_list":{"0":"post-2277","1":"product","2":"type-product","3":"status-publish","4":"has-post-thumbnail","6":"product_cat-bags-in-stock","8":"first","9":"instock","10":"taxable","11":"shipping-taxable","12":"product-type-simple"},"_links":{"self":[{"href":"https:\/\/avecobaggie.com\/pt\/wp-json\/wp\/v2\/product\/2277","targetHints":{"allow":["GET"]}}],"collection":[{"href":"https:\/\/avecobaggie.com\/pt\/wp-json\/wp\/v2\/product"}],"about":[{"href":"https:\/\/avecobaggie.com\/pt\/wp-json\/wp\/v2\/types\/product"}],"replies":[{"embeddable":true,"href":"https:\/\/avecobaggie.com\/pt\/wp-json\/wp\/v2\/comments?post=2277"}],"wp:featuredmedia":[{"embeddable":true,"href":"https:\/\/avecobaggie.com\/pt\/wp-json\/wp\/v2\/media\/2278"}],"wp:attachment":[{"href":"https:\/\/avecobaggie.com\/pt\/wp-json\/wp\/v2\/media?parent=2277"}],"wp:term":[{"taxonomy":"product_brand","embeddable":true,"href":"https:\/\/avecobaggie.com\/pt\/wp-json\/wp\/v2\/product_brand?post=2277"},{"taxonomy":"product_cat","embeddable":true,"href":"https:\/\/avecobaggie.com\/pt\/wp-json\/wp\/v2\/product_cat?post=2277"},{"taxonomy":"product_tag","embeddable":true,"href":"https:\/\/avecobaggie.com\/pt\/wp-json\/wp\/v2\/product_tag?post=2277"}],"curies":[{"name":"wp","href":"https:\/\/api.w.org\/{rel}","templated":true}]}}