{"id":2291,"date":"2021-03-10T15:44:39","date_gmt":"2021-03-10T07:44:39","guid":{"rendered":"https:\/\/avecobaggie.com\/?post_type=product&#038;p=2291"},"modified":"2021-03-24T15:16:06","modified_gmt":"2021-03-24T07:16:06","slug":"cotton-portable-shopping-bag-with-net","status":"publish","type":"product","link":"https:\/\/avecobaggie.com\/pt\/produto\/cotton-portable-shopping-bag-with-net\/","title":{"rendered":"Saco de compras port\u00e1til de algod\u00e3o com rede"},"content":{"rendered":"<p>Aveco company mainly design and manufacture all kinds of eco bags such as the mesh bag with one stop shop solution service. Our\u00a0 bags are durable, high quality and affordable to meet different purposes. All the materials we use are eco-friendly including cotton, canvas, linen, jute, felt\u00a0 oxford,etc. and If you are looking to make bags with your private label brand or promotional events, then we can serve your bulk needs with quite a low MOQ and fast delivery.<\/p>\n<p>This mesh bag is spacious and designed for multi purpose, it can be used for daily groceries carrying, kids toys collecting, and also suitable for for beach. The material is sustainable ,easy to wash.and they can make different colors.Some customer will bundle this type with the drawstring produce as a set, it&#8217;s very popular among the e-commerce market.<\/p>\n<p>CARACTER\u00cdSTICAS DO PRODUTO<\/p>\n<ul>\n<li><strong>Estilo do saco<\/strong>: Mesh bag<\/li>\n<li><strong>Tipo de material<\/strong>: Cotton Mesh<\/li>\n<li><strong>Material Peso<\/strong>:\u00a0 6oz \/ we can also do other thickness according to your request, <a href=\"https:\/\/avecobaggie.com\/pt\/custom-solutions\/\">Clique para ver a tabela de peso do tecido<\/a><\/li>\n<li><strong>Cor do material<\/strong>: Beige, blue, black, red, yellow, orange, green \u00b7\u00b7\u00b7<\/li>\n<li><strong>Tamanho do saco<\/strong>: 36X35X10CM | 36X35X25CM ( list with standard size, we accept customized size bag \uff09<\/li>\n<li><strong>\u00c1rea de impress\u00e3o<\/strong>: 1 cor | 2 cores | mais cores| Impress\u00e3o completa, impress\u00e3o de um lado ou dois lados<\/li>\n<li><strong>Encerramento<\/strong>: Aberto<\/li>\n<li><strong>Instru\u00e7\u00f5es de manuten\u00e7\u00e3o<\/strong>: Recomenda-se a lavagem \u00e0 m\u00e3o, a lavagem \u00e0 m\u00e1quina tamb\u00e9m \u00e9 aceit\u00e1vel, pendurar a secar.<\/li>\n<\/ul>\n<p><strong>Notas:Para o tecido de algod\u00e3o, haver\u00e1 um ligeiro encolhimento ap\u00f3s a lavagem<\/strong><\/p>","protected":false},"excerpt":{"rendered":"<p>This mesh bag is spacious and designed for multi purpose, it can be used for daily groceries carrying, kids toys collecting, and also suitable for for beach<\/p>","protected":false},"featured_media":2292,"comment_status":"open","ping_status":"closed","template":"","meta":{"_seopress_robots_primary_cat":"none","_seopress_titles_title":"","_seopress_titles_desc":"","_seopress_robots_index":""},"product_brand":[],"product_cat":[96,102,109],"product_tag":[],"class_list":{"0":"post-2291","1":"product","2":"type-product","3":"status-publish","4":"has-post-thumbnail","6":"product_cat-mesh-bag","7":"product_cat-cotton-canvas-bag","8":"product_cat-everyday","10":"first","11":"instock","12":"taxable","13":"shipping-taxable","14":"product-type-simple"},"_links":{"self":[{"href":"https:\/\/avecobaggie.com\/pt\/wp-json\/wp\/v2\/product\/2291","targetHints":{"allow":["GET"]}}],"collection":[{"href":"https:\/\/avecobaggie.com\/pt\/wp-json\/wp\/v2\/product"}],"about":[{"href":"https:\/\/avecobaggie.com\/pt\/wp-json\/wp\/v2\/types\/product"}],"replies":[{"embeddable":true,"href":"https:\/\/avecobaggie.com\/pt\/wp-json\/wp\/v2\/comments?post=2291"}],"wp:featuredmedia":[{"embeddable":true,"href":"https:\/\/avecobaggie.com\/pt\/wp-json\/wp\/v2\/media\/2292"}],"wp:attachment":[{"href":"https:\/\/avecobaggie.com\/pt\/wp-json\/wp\/v2\/media?parent=2291"}],"wp:term":[{"taxonomy":"product_brand","embeddable":true,"href":"https:\/\/avecobaggie.com\/pt\/wp-json\/wp\/v2\/product_brand?post=2291"},{"taxonomy":"product_cat","embeddable":true,"href":"https:\/\/avecobaggie.com\/pt\/wp-json\/wp\/v2\/product_cat?post=2291"},{"taxonomy":"product_tag","embeddable":true,"href":"https:\/\/avecobaggie.com\/pt\/wp-json\/wp\/v2\/product_tag?post=2291"}],"curies":[{"name":"wp","href":"https:\/\/api.w.org\/{rel}","templated":true}]}}